{"id":10461,"date":"2020-01-23T08:20:48","date_gmt":"2020-01-23T08:20:48","guid":{"rendered":"http:\/\/luckan-block-kit.local\/?page_id=2155"},"modified":"2026-01-09T11:59:10","modified_gmt":"2026-01-09T09:59:10","slug":"guidance","status":"publish","type":"page","link":"https:\/\/integration.luckan.fi\/fi\/guidance\/","title":{"rendered":"Opastus"},"content":{"rendered":"<div class=\"wp-block-media-text alignfull has-media-on-the-right is-stacked-on-mobile is-vertically-aligned-center is-image-fill-element has-background tw-stack-md tw-media-bottom\" style=\"background-color:#9decb6;grid-template-columns:auto 56%\"><div class=\"wp-block-media-text__content\">\n<h1 class=\"wp-block-heading tw-mt-0 has-h-2-font-size\" id=\"guidance\">Opastus<\/h1>\n\n\n\n<p>Luckan Integration tarjoaa maksuttomia yksil\u00f6llisi\u00e4 neuvontatapaamisia kaikille maahanmuuttajille oleskeluluvasta tai asemasta riippumatta. Palvelu on saatavilla englanniksi, ruotsiksi, suomeksi, ven\u00e4j\u00e4ksi, hindiksi, urduksi ja nepaliksi.<\/p>\n\n\n\n<p>Varaa tapaaminen varausj\u00e4rjestelm\u00e4mme kautta tai tule k\u00e4ym\u00e4\u00e4n lyhyemmiss\u00e4 asioissa maanantaista torstaihin klo 15-16. Voit saada neuvoja my\u00f6s s\u00e4hk\u00f6postitse. Voit varata ajan alla.<br \/><br \/><\/p>\n<\/div><figure class=\"wp-block-media-text__media\"><img loading=\"lazy\" decoding=\"async\" width=\"1500\" height=\"1033\" src=\"https:\/\/integration.luckan.fi\/wp-content\/uploads\/2022\/05\/Handledning-13-1500x1033.jpg\" alt=\"\" class=\"wp-image-19722 size-rta_thumb_cropped_1250x808\" style=\"object-position:50% 50%\" srcset=\"https:\/\/integration.luckan.fi\/wp-content\/uploads\/2022\/05\/Handledning-13-1500x1033.jpg 1500w, https:\/\/integration.luckan.fi\/wp-content\/uploads\/2022\/05\/Handledning-13-600x413.jpg 600w, https:\/\/integration.luckan.fi\/wp-content\/uploads\/2022\/05\/Handledning-13-200x138.jpg 200w, https:\/\/integration.luckan.fi\/wp-content\/uploads\/2022\/05\/Handledning-13-768x529.jpg 768w, https:\/\/integration.luckan.fi\/wp-content\/uploads\/2022\/05\/Handledning-13-1536x1058.jpg 1536w, https:\/\/integration.luckan.fi\/wp-content\/uploads\/2022\/05\/Handledning-13-2048x1410.jpg 2048w, https:\/\/integration.luckan.fi\/wp-content\/uploads\/2022\/05\/Handledning-13-18x12.jpg 18w, https:\/\/integration.luckan.fi\/wp-content\/uploads\/2022\/05\/Handledning-13-1568x1080.jpg 1568w\" sizes=\"auto, (max-width: 1500px) 100vw, 1500px\" \/><\/figure><\/div>\n\n\n\n<div class=\"wp-block-columns alignfull is-layout-flex wp-container-core-columns-is-layout-d0b3c9c8 wp-block-columns-is-layout-flex\">\n<div class=\"wp-block-column is-layout-flow wp-block-column-is-layout-flow\">\n<div style=\"height:16px\" aria-hidden=\"true\" class=\"wp-block-spacer\"><\/div>\n\n\n\n<div class=\"wp-block-columns alignwide tw-gutter-large is-layout-flex wp-container-core-columns-is-layout-d0b3c9c8 wp-block-columns-is-layout-flex\">\n<div class=\"wp-block-column is-layout-flow wp-block-column-is-layout-flow\">\n<div class=\"wp-block-group\"><div class=\"wp-block-group__inner-container is-layout-flow wp-block-group-is-layout-flow\">\n<h3 class=\"wp-block-heading\"><strong>Varaa aika ohjaustapaamiseen<\/strong>:<\/h3>\n\n\n\n<div class=\"ghostkit-tabs is-style-pills\"><div class=\"ghostkit-tabs-buttons ghostkit-tabs-buttons-align-start\" role=\"tablist\" aria-orientation=\"horizontal\"><button id=\"tab-helsingfors-helsinki-button\" class=\"ghostkit-tabs-buttons-item ghostkit-tabs-buttons-item-active\" type=\"button\" role=\"tab\" data-tab=\"tab-helsingfors-helsinki\" aria-controls=\"tab-helsingfors-helsinki-content\" aria-selected=\"true\">Helsingfors \/ Helsinki<\/button><button id=\"tab-borga-porvoo-online-only-button\" class=\"ghostkit-tabs-buttons-item\" type=\"button\" role=\"tab\" data-tab=\"tab-borga-porvoo-online-only\" aria-controls=\"tab-borga-porvoo-online-only-content\" aria-selected=\"false\">Borg\u00e5 \/ Porvoo \u2013 VAIN VERKKOKAUPASSA<\/button><\/div><div class=\"ghostkit-tabs-content\">\n<div class=\"ghostkit-tab ghostkit-tab-active is-layout-flow wp-block-ghostkit-tabs-tab-v2-is-layout-flow\" tabindex=\"0\" role=\"tabpanel\" aria-labelledby=\"tab-helsingfors-helsinki-button\" data-tab=\"tab-helsingfors-helsinki\" id=\"tab-helsingfors-helsinki-content\">\n<iframe loading=\"lazy\" src=\"https:\/\/app.squarespacescheduling.com\/schedule.php?owner=26273647&amp;calendarID=6853278\" title=\"Ajanvaraus Ajanvaraus\" width=\"100%\" height=\"800\" frameborder=\"0\"><\/iframe><script src=\"https:\/\/embed.acuityscheduling.com\/js\/embed.js\" type=\"text\/javascript\"><\/script>\n<\/div>\n\n\n\n<div class=\"ghostkit-tab is-layout-flow wp-block-ghostkit-tabs-tab-v2-is-layout-flow\" tabindex=\"0\" role=\"tabpanel\" aria-labelledby=\"tab-borga-porvoo-online-only-button\" data-tab=\"tab-borga-porvoo-online-only\" id=\"tab-borga-porvoo-online-only-content\">\n<iframe loading=\"lazy\" src=\"https:\/\/app.squarespacescheduling.com\/schedule.php?owner=26273647&amp;appointmentType=33726791\" title=\"Ajanvaraus Ajanvaraus\" width=\"100%\" height=\"800\" frameborder=\"0\"><\/iframe><script src=\"https:\/\/embed.acuityscheduling.com\/js\/embed.js\" type=\"text\/javascript\"><\/script>\n\n\n\n<p><\/p>\n<\/div>\n<\/div><\/div>\n<\/div><\/div>\n<\/div>\n\n\n\n<div class=\"wp-block-column has-background is-layout-flow wp-block-column-is-layout-flow\" style=\"background-color:#9decb6;padding-top:35px;padding-right:35px;padding-bottom:35px;padding-left:35px\">\n<div id=\"book\" class=\"wp-block-group\"><div class=\"wp-block-group__inner-container is-layout-flow wp-block-group-is-layout-flow\">\n<h3 class=\"wp-block-heading\" id=\"we-give-advice-in-the-following-matters\">Annamme neuvoja seuraavissa asioissa:<\/h3>\n\n\n\n<p>&nbsp;<\/p>\n<\/div><\/div>\n\n\n\n<p><strong>Yleiset kotouttamisohjeet<\/strong><\/p>\n\n\n\n<ul class=\"wp-block-list\">\n<li>Ty\u00f6nhaku ja ammatillinen verkostoituminen<\/li>\n\n\n\n<li>Opinnot ja koulutus<\/li>\n\n\n\n<li>Suomen ja ruotsin kielen kurssit<\/li>\n\n\n\n<li>Hallinnolliset asiat ja byrokratia<\/li>\n\n\n\n<li>Asuinpaikka ja luvat<\/li>\n\n\n\n<li>Vapaa-ajan aktiviteetit ja sosiaaliset yhteydet<\/li>\n\n\n\n<li>Integraatioprosessi yleens\u00e4<\/li>\n<\/ul>\n\n\n\n<p><strong>Ruotsin kotouttaminen<\/strong><\/p>\n\n\n\n<ul class=\"wp-block-list\">\n<li>Kielikurssit ja ruotsin kielen opiskelu<\/li>\n\n\n\n<li>Kotouttaminen ruotsiksi<\/li>\n\n\n\n<li>Ruotsin kotouttamissuunnitelmat ja -kurssit<\/li>\n\n\n\n<li>Ruotsinkielinen seurustelu ja verkostot<\/li>\n\n\n\n<li>Lasten ja nuorten vapaa-ajan toiminta ja harrastukset<\/li>\n\n\n\n<li>Sosiaalista toimintaa perheille<\/li>\n<\/ul>\n\n\n\n<p>Tarjoamme opastusta englanniksi, ruotsiksi, suomeksi, ven\u00e4j\u00e4ksi, hindiksi, urduksi ja nepaliksi.<\/p>\n\n\n\n<p>Luckan on avoin, osallistava ja neutraali paikka. Asiakkaidemme yksityisyytt\u00e4 kunnioitetaan aina ja kaikkia asioita k\u00e4sitell\u00e4\u00e4n luottamuksellisesti.<\/p>\n<\/div>\n<\/div>\n<\/div>\n<\/div>\n\n\n\n<div class=\"wp-block-group alignfull\"><div class=\"wp-block-group__inner-container is-layout-flow wp-block-group-is-layout-flow\">\n<p class=\"has-text-align-center\">Ottaa yhteytt\u00e4 <a rel=\"noreferrer noopener\" target=\"_blank\" href=\"mailto:integration@luckan.fi\">integration@luckan.fi<\/a> jos on ongelmia ajan varaamisessa.<\/p>\n<\/div><\/div>\n\n\n\n<figure class=\"wp-block-embed is-type-video is-provider-youtube wp-block-embed-youtube wp-embed-aspect-16-9 wp-has-aspect-ratio\"><div class=\"wp-block-embed__wrapper\">\n<iframe loading=\"lazy\" title=\"Opastus\" width=\"1000\" height=\"563\" src=\"https:\/\/www.youtube.com\/embed\/45qM718tiHc?feature=oembed\" frameborder=\"0\" allow=\"accelerometer; autoplay; clipboard-write; encrypted-media; gyroscope; picture-in-picture; web-share\" referrerpolicy=\"strict-origin-when-cross-origin\" allowfullscreen><\/iframe>\n<\/div><\/figure>","protected":false},"excerpt":{"rendered":"<p>Ohjaus Luckan Integration tarjoaa maksuttomia yksil\u00f6llisi\u00e4 neuvontatapaamisia, jotka ovat avoimia kaikille maahanmuuttajille oleskeluluvasta tai asemasta riippumatta. Palvelua on saatavilla englanniksi, ruotsiksi, suomeksi, ven\u00e4j\u00e4ksi, hindiksi, urduksi ja nepaliksi. Varaa tapaaminen ajanvarausj\u00e4rjestelm\u00e4mme kautta tai tule k\u00e4ym\u00e4\u00e4n drop-in-aikoina maanantaista torstaihin klo 15-16 lyhyempi\u00e4... <a class=\"more-link\" href=\"https:\/\/integration.luckan.fi\/fi\/guidance\/\">Jatka lukemista <span class=\"screen-reader-text\">Opastus<\/span><\/a><\/p>","protected":false},"author":1,"featured_media":19722,"parent":0,"menu_order":0,"comment_status":"closed","ping_status":"closed","template":"tw-no-title.php","meta":{"om_disable_all_campaigns":false,"inline_featured_image":false,"ghostkit_customizer_options":"","ghostkit_custom_css":"","ghostkit_custom_js_head":"","ghostkit_custom_js_foot":"","ghostkit_typography":"","_monsterinsights_skip_tracking":false,"_monsterinsights_sitenote_active":false,"_monsterinsights_sitenote_note":"","_monsterinsights_sitenote_category":0,"cybocfi_hide_featured_image":"","footnotes":""},"class_list":["post-10461","page","type-page","status-publish","has-post-thumbnail","hentry","entry"],"aioseo_notices":[],"featured_image_src":"https:\/\/integration.luckan.fi\/wp-content\/uploads\/2022\/05\/Handledning-13-scaled.jpg","_links":{"self":[{"href":"https:\/\/integration.luckan.fi\/fi\/wp-json\/wp\/v2\/pages\/10461","targetHints":{"allow":["GET"]}}],"collection":[{"href":"https:\/\/integration.luckan.fi\/fi\/wp-json\/wp\/v2\/pages"}],"about":[{"href":"https:\/\/integration.luckan.fi\/fi\/wp-json\/wp\/v2\/types\/page"}],"author":[{"embeddable":true,"href":"https:\/\/integration.luckan.fi\/fi\/wp-json\/wp\/v2\/users\/1"}],"replies":[{"embeddable":true,"href":"https:\/\/integration.luckan.fi\/fi\/wp-json\/wp\/v2\/comments?post=10461"}],"version-history":[{"count":90,"href":"https:\/\/integration.luckan.fi\/fi\/wp-json\/wp\/v2\/pages\/10461\/revisions"}],"predecessor-version":[{"id":24280,"href":"https:\/\/integration.luckan.fi\/fi\/wp-json\/wp\/v2\/pages\/10461\/revisions\/24280"}],"wp:featuredmedia":[{"embeddable":true,"href":"https:\/\/integration.luckan.fi\/fi\/wp-json\/wp\/v2\/media\/19722"}],"wp:attachment":[{"href":"https:\/\/integration.luckan.fi\/fi\/wp-json\/wp\/v2\/media?parent=10461"}],"curies":[{"name":"wp","href":"https:\/\/api.w.org\/{rel}","templated":true}]}}