{"id":12324,"date":"2020-03-16T10:54:59","date_gmt":"2020-03-16T08:54:59","guid":{"rendered":"http:\/\/staging.bouncy-otter.flywheelsites.com\/?page_id=12324"},"modified":"2021-03-30T10:07:27","modified_gmt":"2021-03-30T07:07:27","slug":"info-cancelations-peruutukset","status":"publish","type":"page","link":"https:\/\/integration.luckan.fi\/fi\/info-cancelations-peruutukset\/","title":{"rendered":"INFO: Peruutukset"},"content":{"rendered":"<h2 class=\"wp-block-heading\" id=\"dear-customer\"><strong>RAKAS ASIAKAS<\/strong><\/h2>\n\n\n\n<p><strong>Mit\u00e4 tulee Helsingin kaupungin asettamiin rajoituksiin ja ohjeisiin:<\/strong><br \/>Luckan Helsinki osoitteessa Yrj\u00f6nkatu\/Georgsgatan 27 on edelleen suljettuna. Monet palvelumme jatkavat toimintaansa digitaalisesti.<\/p>\n\n\n\n<p><strong>Ohjeet<\/strong><\/p>\n\n\n\n<p>Tarjoamme edelleen yksil\u00f6llisi\u00e4 ohjaustapaamisia verkossa Skypen, Facetime-, Hangout-, Zoom- tai puhelimitse. Varaa aika <a href=\"https:\/\/integration.luckan.fi\/guidance\/#book\" class=\"ek-link\">t\u00e4\u00e4lt\u00e4<\/a> tai l\u00e4het\u00e4 meille <a aria-label=\"s\u00e4hk\u00f6posti (avautuu uuteen v\u00e4lilehteen)\" rel=\"noreferrer noopener\" href=\"integration@luckan.fi\" target=\"_blank\" class=\"ek-link\">s\u00e4hk\u00f6postiosoite<\/a>. <\/p>\n\n\n\n<p><strong>Pid\u00e4 yhteytt\u00e4!<\/strong><\/p>\n\n\n\n<p>Luckanin integraatiotiimi ty\u00f6skentelee normaalisti (mutta enimm\u00e4kseen kotoa k\u00e4sin) ja jos sinulla on kysytt\u00e4v\u00e4\u00e4 muusta toiminnastamme, kuten <a href=\"https:\/\/integration.luckan.fi\/mentoring-networking\/fika\/\">Fika<\/a>, <a rel=\"noreferrer noopener\" href=\"https:\/\/dorren.fi\/sv\/\" target=\"_blank\">D\u00f6rren<\/a>, <a href=\"https:\/\/integration.luckan.fi\/competence-center\/\">Ruotsin kotouttamisen osaamiskeskus<\/a>-projekti), ota meihin suoraan yhteytt\u00e4. L\u00f6yd\u00e4t kaikki yhteystietomme <a href=\"https:\/\/integration.luckan.fi\/contact\/\">t\u00e4\u00e4lt\u00e4<\/a>.<\/p>\n\n\n\n<p><\/p>","protected":false},"excerpt":{"rendered":"<p>RAKAS ASIAKAS Helsingin kaupungin antamien rajoitusten ja ohjeiden mukaisesti: Luckan Helsinki osoitteessa Yrj\u00f6nkatu\/Georgsgatan 27 pysyy suljettuna. Monet palvelumme toimivat jatkossakin digitaalisesti. Ohjaukset Tarjoamme edelleen yksil\u00f6llisi\u00e4 ohjaustapaamisia verkossa, Skypen, Facetime-, Hangout-, Zoom- tai puhelimitse. Varaa aika t\u00e4\u00e4lt\u00e4... <a class=\"more-link\" href=\"https:\/\/integration.luckan.fi\/fi\/info-cancelations-peruutukset\/\">Jatka lukemista <span class=\"screen-reader-text\">INFO: Peruutukset<\/span><\/a><\/p>","protected":false},"author":1,"featured_media":0,"parent":0,"menu_order":0,"comment_status":"closed","ping_status":"closed","template":"","meta":{"om_disable_all_campaigns":false,"inline_featured_image":false,"ghostkit_customizer_options":"","ghostkit_custom_css":"","ghostkit_custom_js_head":"","ghostkit_custom_js_foot":"","ghostkit_typography":"","_monsterinsights_skip_tracking":false,"_monsterinsights_sitenote_active":false,"_monsterinsights_sitenote_note":"","_monsterinsights_sitenote_category":0,"cybocfi_hide_featured_image":"","footnotes":""},"class_list":["post-12324","page","type-page","status-publish","hentry","entry"],"aioseo_notices":[],"featured_image_src":null,"_links":{"self":[{"href":"https:\/\/integration.luckan.fi\/fi\/wp-json\/wp\/v2\/pages\/12324","targetHints":{"allow":["GET"]}}],"collection":[{"href":"https:\/\/integration.luckan.fi\/fi\/wp-json\/wp\/v2\/pages"}],"about":[{"href":"https:\/\/integration.luckan.fi\/fi\/wp-json\/wp\/v2\/types\/page"}],"author":[{"embeddable":true,"href":"https:\/\/integration.luckan.fi\/fi\/wp-json\/wp\/v2\/users\/1"}],"replies":[{"embeddable":true,"href":"https:\/\/integration.luckan.fi\/fi\/wp-json\/wp\/v2\/comments?post=12324"}],"version-history":[{"count":0,"href":"https:\/\/integration.luckan.fi\/fi\/wp-json\/wp\/v2\/pages\/12324\/revisions"}],"wp:attachment":[{"href":"https:\/\/integration.luckan.fi\/fi\/wp-json\/wp\/v2\/media?parent=12324"}],"curies":[{"name":"wp","href":"https:\/\/api.w.org\/{rel}","templated":true}]}}