{"id":13571,"date":"2020-12-07T10:13:20","date_gmt":"2020-12-07T08:13:20","guid":{"rendered":"https:\/\/integration.luckan.fi\/?page_id=13571"},"modified":"2026-02-03T10:14:54","modified_gmt":"2026-02-03T08:14:54","slug":"inswedishinfinland","status":"publish","type":"page","link":"https:\/\/integration.luckan.fi\/fi\/inswedishinfinland\/","title":{"rendered":"Ruotsiksi Suomessa \/ P\u00e5 svenska i Finland \/\u0424\u0438\u043d\u043b\u044f\u043d\u0434\u0438\u044f \u043f\u043e-\u0448\u0432\u0435\u0434\u0441\u043a\u0438"},"content":{"rendered":"<div class=\"wp-block-group alignfull has-background\" style=\"background-color:#9decb6;padding-top:0;padding-right:0;padding-bottom:0;padding-left:0\"><div class=\"wp-block-group__inner-container is-layout-flow wp-block-group-is-layout-flow\">\n<div class=\"alignwide ghostkit-grid ghostkit-grid-gap-lg ghostkit-grid-align-items-center ghostkit-custom-a9Ua6\"><div class=\"ghostkit-grid-inner\">\n<div class=\"ghostkit-col ghostkit-col-md-12 ghostkit-col-order-md-last ghostkit-col-6\"><div class=\"ghostkit-col-content is-layout-flow wp-block-ghostkit-grid-column-is-layout-flow\">\n<h1 id=\"in-swedish-in-finland-\u0444\u0438\u043d\u043b\u044f\u043d\u0434\u0438\u044f-\u043f\u043e-\u0448\u0432\u0435\u0434\u0441\u043a\u0438-pa-svenska-i-finland\" class=\"wp-block-heading is-style-default\">Ruotsiksi Suomessa <br \/>\u0424\u0438\u043d\u043b\u044f\u043d\u0434\u0438\u044f \u043f\u043e-\u0448\u0432\u0435\u0434\u0441\u043a\u0438<br \/>P\u00e5 svenska i Finland<\/h1>\n\n\n\n<p>T\u00e4m\u00e4 kirja on tarkoitettu sinulle, joka olet utelias ruotsin kielest\u00e4 ja kulttuurista suomalaisessa yhteiskunnassa. Tutustut Suomeen Pohjoismaana sek\u00e4 Suomen ja Ruotsin yhteiseen historiaan.<\/p>\n\n\n\n<p class=\"has-large-font-size\"><strong>Ladda ner pdf:fi.<\/strong><\/p>\n\n\n\n<div class=\"wp-block-buttons ghostkit-custom-DDPJT is-layout-flex wp-block-buttons-is-layout-flex\">\n<div class=\"wp-block-button is-style-fill\"><a class=\"wp-block-button__link wp-element-button\" href=\"https:\/\/integration.luckan.fi\/wp-content\/uploads\/2026\/02\/svensk-rysk-web-NY.pdf\" target=\"_blank\" rel=\"noreferrer noopener\">P\u00e5 svenska i Finland-\u0424\u0438\u043d\u043b\u044f\u043d\u0434\u0438\u044f \u043f\u043e \u0448\u0432\u0435\u0434\u0441\u043a\u0438<\/a><\/div>\n\n\n\n<div class=\"wp-block-button is-style-fill\"><a class=\"wp-block-button__link wp-element-button\" href=\"https:\/\/integration.luckan.fi\/wp-content\/uploads\/2026\/02\/svensk-engelska-web-NY.pdf\" target=\"_blank\" rel=\"noreferrer noopener\">P\u00e5 svenska i Finland-In ruotsiksi Suomessa<\/a><\/div>\n\n\n<\/div>\n<\/div><\/div>\n\n\n\n<div class=\"ghostkit-col ghostkit-col-md-12 ghostkit-col-6 ghostkit-col-align-self-center\"><div class=\"ghostkit-col-content is-layout-flow wp-block-ghostkit-grid-column-is-layout-flow\">\n<div class=\"wp-block-group ghostkit-custom-ZniABm\"><div class=\"wp-block-group__inner-container is-layout-flow wp-block-group-is-layout-flow\">\n<figure class=\"wp-block-embed alignfull is-type-video is-provider-youtube wp-block-embed-youtube wp-embed-aspect-16-9 wp-has-aspect-ratio\"><div class=\"wp-block-embed__wrapper\">\n<iframe loading=\"lazy\" title=\"InSwedishInFinland\/Fredrik\" width=\"1000\" height=\"563\" src=\"https:\/\/www.youtube.com\/embed\/NUyvljRvAkA?feature=oembed\" frameborder=\"0\" allow=\"accelerometer; autoplay; clipboard-write; encrypted-media; gyroscope; picture-in-picture; web-share\" referrerpolicy=\"strict-origin-when-cross-origin\" allowfullscreen><\/iframe>\n<\/div><\/figure>\n<\/div><\/div>\n<\/div><\/div>\n<\/div><\/div>\n<\/div><\/div>\n\n\n\n<div class=\"wp-block-columns is-not-stacked-on-mobile is-layout-flex wp-container-core-columns-is-layout-d0b3c9c8 wp-block-columns-is-layout-flex\">\n<div class=\"wp-block-column is-layout-flow wp-block-column-is-layout-flow\" style=\"--col-width:100%;flex-basis:100%\">\n<h2 id=\"pa-svenska-i-finland-1\" class=\"wp-block-heading\">P\u00e5 svenska i Finland&nbsp;<\/h2>\n\n\n\n<p>Denna skrift riktar sig till dig som \u00e4r nyfiken p\u00e5 det svenska i det finl\u00e4ndska samh\u00e4llet. Du f\u00e5r bekanta dig med Finland som en del av Norden samt Sveriges och Finlands gemensamma historia. I en artikel presenteras kort hur det \u00e4r att studera p\u00e5 svenska, i en annan hur det \u00e4r att jobba och i en tredje hur det \u00e4r att vara f\u00f6r\u00e4lder p\u00e5 svenska i Finland. En stor del av de som intervjuas har sj\u00e4lv flyttat till Finland.  Du f\u00e5r ocks\u00e5 en inblick hur det var att vara ny i Finland f\u00f6rr i v\u00e4rlden.<\/p>\n<\/div>\n<\/div>\n\n\n\n<div class=\"wp-block-group alignfull ghostkit-custom-GQFbd\"><div class=\"wp-block-group__inner-container is-layout-flow wp-block-group-is-layout-flow\">\n<div class=\"ghostkit-grid ghostkit-grid-gap-lg ghostkit-grid-align-items-center\"><div class=\"ghostkit-grid-inner\">\n<div class=\"ghostkit-col ghostkit-col-md-12 ghostkit-col-6\"><div class=\"ghostkit-col-content is-layout-flow wp-block-ghostkit-grid-column-is-layout-flow\">\n<div class=\"wp-block-group\"><div class=\"wp-block-group__inner-container is-layout-flow wp-block-group-is-layout-flow\">\n<h2 id=\"in-swedish-in-finland\" class=\"wp-block-heading\">Ruotsiksi Suomessa&nbsp;<\/h2>\n\n\n\n<p>T\u00e4m\u00e4 kirja on tarkoitettu niille, jotka ovat kiinnostuneita ruotsin kielest\u00e4 ja kulttuurista suomalaisessa yhteiskunnassa. Tutustut Suomeen Pohjoismaana sek\u00e4 Suomen ja Ruotsin yhteiseen historiaan. Yksi artikkeleista esittelee opiskelua ruotsiksi, toinen kertoo, millaista on ty\u00f6skennell\u00e4 ruotsiksi, ja kolmas tarkastelee, mit\u00e4 on olla ruotsinkielinen vanhempi Suomessa. Suuri osa kirjaa varten haastatelluista henkil\u00f6ist\u00e4 on itse muuttanut Suomeen. Saat my\u00f6s k\u00e4sityksen siit\u00e4, mit\u00e4 merkitsi olla uusi Suomessa ennen.<br \/><br \/>Voit tilata kirjan maksutta sivun alempana olevasta kent\u00e4st\u00e4. Ruotsinkielinen versio on saatavana vain PDF-versiona ja ven\u00e4j\u00e4nkielinen versio on saatavana sek\u00e4 paperiversiona ett\u00e4 pdf:n\u00e4.<\/p>\n<\/div><\/div>\n<\/div><\/div>\n\n\n\n<div class=\"ghostkit-col ghostkit-col-md-12 ghostkit-col-order-md-last ghostkit-col-6 ghostkit-col-order-first\"><div class=\"ghostkit-col-content is-layout-flow wp-block-ghostkit-grid-column-is-layout-flow\"><div style=\"display:block\">\n<!-- FlowPaper PDF flipbook plugin v.2.0.7 wordpress.org\/plugins\/flowpaper\/ -->\n<iframe title=\"FlowPaper flipbook pdf-katseluohjelma\" width=\"100%\" height=\"500\" scrolling=\"no\" class=\"flowpaper-class\" frameborder=\"0\" allowfullscreen=\"true\" lightbox=\"false\" cover id src = \"https:\/\/flowpaper.com\/flipbook\/?pdf=https:\/\/luckan.fi\/wp-content\/uploads\/svensk-engelska-web-NY.pdf&title=&header=&theme=&singlepage=true&thumbs=1&modified=2602031014\" seamless=\"seamless\" style=\"margin-bottom:0;display:block;\">Selaimesi ei n\u00e4yt\u00e4 tukevan iframeja. <a href=\"https:\/\/flowpaper.com\/flipbook\/?pdf=https:\/\/luckan.fi\/wp-content\/uploads\/svensk-engelska-web-NY.pdf\" target=\"_blank\">Lue t\u00e4m\u00e4 PDF-tiedosto klikkaamalla t\u00e4st\u00e4<\/a>.<\/iframe>\n<div id=\"flowpaper-logo-bottom\" class=\"flowpaper-logo-bg\" style=\"background:linear-gradient(to right, rgba(0,0,0,0.65) 0%,rgba(0,0,0,0) 200px);width:100%;height:19px; padding-bottom: 1px; padding-left: 5px; padding-right: 10px; display: flex; align-items: center;z-index:9999\"><span style=\"height: 37px; padding-left: 6px;width:90%\"> <a id=\"flowpaper-link\" style=\"fill: #fff\" alt=\"FlowPaper logotype\" title=\"FlowPaperin logotyyppi\" href=\"https:\/\/flowpaper.com\" target=\"_blank\"> <img decoding=\"async\" alt=\"Publish PDF flipbooks online\" style=\"height:17px;width:auto;margin-top:11px;\" src=\"https:\/\/integration.luckan.fi\/wp-content\/plugins\/flowpaper-lite-pdf-flipbook\/assets\/flowpaper-logo.png\" border=\"0\"> <\/a> <\/span><span style=\" float: right; right: 0; font-size: 10px; white-space: nowrap; opacity:0.8\"><a href=\"https:\/\/flowpaper.com\/flipbook-maker\/\" target=\"_new\" style=\"text-decoration:none;border-bottom:none;\">Luotu k\u00e4ytt\u00e4en FlowPaper Flipbook Maker -ohjelmaa<\/a><\/span><\/div><\/div>\r\n                <script>\r\n                document.addEventListener(\"DOMContentLoaded\", function(){\r\n                    var target_element, iframe_element;\r\n                    iframe_element = document.querySelector(\"iframe.flowpaper-class\");\r\n                    target_element = document.querySelector(\"\");\r\n                    iframe_element.style.height = target_element.offsetHeight + \"px\";\r\n                });\r\n                <\/script>\r\n            \n<\/div><\/div>\n<\/div><\/div>\n<\/div><\/div>\n\n\n\n<div class=\"wp-block-columns is-layout-flex wp-container-core-columns-is-layout-96c65960 wp-block-columns-is-layout-flex\" style=\"padding-top:0;padding-right:0;padding-bottom:0;padding-left:0\">\n<div class=\"wp-block-column is-layout-flow wp-block-column-is-layout-flow\">\n<h1 id=\"\u0444\u0438\u043d\u043b\u044f\u043d\u0434\u0438\u044f-\u043f\u043e-\u0448\u0432\u0435\u0434\u0441\u043a\u0438-1\" class=\"wp-block-heading\">\u0424\u0438\u043d\u043b\u044f\u043d\u0434\u0438\u044f \u043f\u043e-\u0448\u0432\u0435\u0434\u0441\u043a\u0438<\/h1>\n\n\n\n<p>\u0421 \u043f\u043e\u043c\u043e\u0449\u044c\u044e \u044d\u0442\u043e\u0439 \u0431\u0440\u043e\u0448\u044e\u0440\u044b \u0432\u044b \u043f\u043e\u0437\u043d\u0430\u043a\u043e\u043c\u0438\u0442\u0435\u0441\u044c \u0441 \u0424\u0438\u043d\u043b\u044f\u043d\u0434\u0438\u0435\u0439 \u043a\u0430\u043a \u0447\u0430\u0441\u0442\u044c\u044e \u0421\u043a\u0430\u043d\u0434\u0438\u043d\u0430\u0432\u0438\u0438, \u0430 \u0442\u0430\u043a\u0436\u0435 \u0441\u043e\u0441\u0442\u0430\u0432\u0438\u0442\u0435 \u0441\u0435\u0431\u0435 \u043f\u0440\u0435\u0434\u0441\u0442\u0430\u0432\u043b\u0435\u043d\u0438\u0435 \u043e\u0431 \u043e\u0431\u0449\u0438\u0445 \u043c\u043e\u043c\u0435\u043d\u0442\u0430\u0445 \u0438\u0441\u0442\u043e\u0440\u0438\u0438 \u0428\u0432\u0435\u0446\u0438\u0438 \u0438 \u0424\u0438\u043d\u043b\u044f\u043d\u0434\u0438\u0438. \u0412 \u043e\u0434\u043d\u043e\u0439 \u0438\u0437 articles \u0432\u044b \u043d\u0430\u0439\u0434\u0435\u0442\u0435 \u043a\u0440\u0430\u0442\u043a\u0438\u0439 \u043e\u0431\u0437\u043e\u0440 \u0432\u043e\u0437\u043c\u043e\u0436\u043d\u043e\u0441\u0442\u0435\u0439 \u043f\u043e\u043b\u0443\u0447\u0435\u043d\u0438\u044f \u043e\u0431\u0440\u0430\u0437\u043e\u0432\u0430\u043d\u0438\u044f \u043d\u0430 \u0448\u0432\u0435\u0434\u0441\u043a\u043e\u043c \u044f\u0437\u044b\u043a\u0435, in \u0434\u0440\u0443\u0433\u043e\u0439 - \u043a\u0430\u043a \u0448\u0432\u0435\u0434\u0441\u043a\u0438\u0439 \u044f\u0437\u044b\u043a \u043c\u043e\u0436\u0435\u0442 \u043f\u0440\u0438\u043c\u0435\u043d\u044f\u0442\u044c\u0441\u044f \u043d\u0430 \u0440\u0430\u0431\u043e\u0447\u0435\u043c \u043c\u0435\u0441\u0442\u0435, in third - \u043e \u0442\u043e\u043c, \u043a\u0430\u043a\u043e\u0432\u043e in \u0424\u0438\u043d\u043b\u044f\u043d\u0434\u0438\u0438 \u0431\u044b\u0442\u044c \u0440\u043e\u0434\u0438\u0442\u0435\u043b\u0435\u043c \u043f\u043e-\u0448\u0432\u0435\u0434\u0441\u043a\u0438. \u0411\u043e\u043b\u044c\u0448\u0438\u043d\u0441\u0442\u0432\u043e \u0442\u0435\u0445, \u043a\u043e\u0433\u043e \u043c\u044b \u0437\u0434\u0435\u0441\u044c \u0438\u043d\u0442\u0435\u0440\u0432\u044c\u044e\u0438\u0440\u0443\u0435\u043c, \u0441\u0430\u043c\u0438 \u043f\u0435\u0440\u0435\u0435\u0445\u0430\u043b\u0438 \u043a\u043e\u0433\u0434\u0430-\u0442\u043e in \u0424\u0438\u043d\u043b\u044f\u043d\u0434\u0438\u044e. \u0418\u0437 \u043d\u0430\u0448\u0435\u0439 \u0431\u0440\u043e\u0448\u044e\u0440\u044b \u0432\u044b \u0442\u0430\u043a\u0436\u0435 \u0443\u0437\u043d\u0430\u0435\u0442\u0435 \u043e \u0442\u043e\u043c, \u043a\u0430\u043a\u043e\u0432\u043e \u0436\u0438\u043b\u043e\u0441\u044c in \u0424\u0438\u043d\u043b\u044f\u043d\u0434\u0438\u0438 \u0438\u043c\u043c\u0438\u0433\u0440\u0430\u043d\u0442\u0430\u043c in \u043f\u0440\u0435\u0436\u043d\u0438\u0435 \u0432\u0440\u0435\u043c\u0435\u043d\u0430, \u043e \u0442\u043e\u043c, \u043a\u0430\u043a\u0438\u043c \u043e\u0431\u0440\u0430\u0437\u043e\u043c \u043f\u0435\u0440\u0435\u0441\u0435\u043b\u0435\u043d\u0446\u044b \u0438\u0437 \u0420\u043e\u0441\u0441\u0438\u0438 \u0432 \u043a\u043e\u043d\u0446\u0435 XIX \u0432\u0435\u043a\u0430 \u0441\u043c\u043e\u0433\u043b\u0438 \u0432\u043a\u043b\u044e\u0447\u0438\u0442\u044c\u0441\u044f in \u043e\u0431\u0449\u0435\u0441\u0442\u0432\u0435\u043d\u043d\u0443\u044e \u0436\u0438\u0437\u043d\u044c, \u0441\u043e\u0445\u0440\u0430\u043d\u0438\u0432 \u0441\u0432\u043e\u044e \u0432\u0435\u0440\u0443 \u0438 \u0441\u0432\u043e\u0439 \u0440\u043e\u0434\u043d\u043e\u0439 \u044f\u0437\u044b\u043a.<\/p>\n<\/div>\n\n\n\n<div class=\"wp-block-column is-vertically-aligned-center is-layout-flow wp-block-column-is-layout-flow\"><div style=\"display:block\">\n<!-- FlowPaper PDF flipbook plugin v.2.0.7 wordpress.org\/plugins\/flowpaper\/ -->\n<iframe title=\"FlowPaper flipbook pdf-katseluohjelma\" width=\"100%\" height=\"500\" scrolling=\"no\" class=\"flowpaper-class\" frameborder=\"0\" allowfullscreen=\"true\" lightbox=\"false\" cover id src = \"https:\/\/flowpaper.com\/flipbook\/?pdf=https:\/\/luckan.fi\/wp-content\/uploads\/svensk-rysk-web-NY.pdf&title=&header=&theme=&singlepage=true&thumbs=1&modified=2602031014\" seamless=\"seamless\" style=\"margin-bottom:0;display:block;\">Selaimesi ei n\u00e4yt\u00e4 tukevan iframeja. <a href=\"https:\/\/flowpaper.com\/flipbook\/?pdf=https:\/\/luckan.fi\/wp-content\/uploads\/svensk-rysk-web-NY.pdf\" target=\"_blank\">Lue t\u00e4m\u00e4 PDF-tiedosto klikkaamalla t\u00e4st\u00e4<\/a>.<\/iframe>\n<div id=\"flowpaper-logo-bottom\" class=\"flowpaper-logo-bg\" style=\"background:linear-gradient(to right, rgba(0,0,0,0.65) 0%,rgba(0,0,0,0) 200px);width:100%;height:19px; padding-bottom: 1px; padding-left: 5px; padding-right: 10px; display: flex; align-items: center;z-index:9999\"><span style=\"height: 37px; padding-left: 6px;width:90%\"> <a id=\"flowpaper-link\" style=\"fill: #fff\" alt=\"FlowPaper logotype\" title=\"FlowPaperin logotyyppi\" href=\"https:\/\/flowpaper.com\" target=\"_blank\"> <img decoding=\"async\" alt=\"Publish PDF flipbooks online\" style=\"height:17px;width:auto;margin-top:11px;\" src=\"https:\/\/integration.luckan.fi\/wp-content\/plugins\/flowpaper-lite-pdf-flipbook\/assets\/flowpaper-logo.png\" border=\"0\"> <\/a> <\/span><span style=\" float: right; right: 0; font-size: 10px; white-space: nowrap; opacity:0.8\"><a href=\"https:\/\/flowpaper.com\/flipbook-maker\/\" target=\"_new\" style=\"text-decoration:none;border-bottom:none;\">Luotu k\u00e4ytt\u00e4en FlowPaper Flipbook Maker -ohjelmaa<\/a><\/span><\/div><\/div>\r\n                <script>\r\n                document.addEventListener(\"DOMContentLoaded\", function(){\r\n                    var target_element, iframe_element;\r\n                    iframe_element = document.querySelector(\"iframe.flowpaper-class\");\r\n                    target_element = document.querySelector(\"\");\r\n                    iframe_element.style.height = target_element.offsetHeight + \"px\";\r\n                });\r\n                <\/script>\r\n            \n<\/div>\n<\/div>\n\n\n\n<div style=\"height:4px\" aria-hidden=\"true\" class=\"wp-block-spacer\"><\/div>\n\n\n\n<div class=\"wp-block-group ghostkit-custom-1oPaJt\"><div class=\"wp-block-group__inner-container is-layout-flow wp-block-group-is-layout-flow\">\n<p>Om du har fr\u00e5gor\/For enquires\/ \u0434\u043b\u044f \u0437\u0430\u043f\u0440\u043e\u0441\u043e\u0432 <a href=\"mailto:integration@luckan.fi\" target=\"_blank\" rel=\"noopener\" title=\"\">integration@luckan.fi<\/a><\/p>\n<\/div><\/div>\n\n\n\n<div class=\"wp-block-group alignfull is-style-default ghostkit-custom-2oncI4 has-palette-color-1-background-color has-background\"><div class=\"wp-block-group__inner-container is-layout-flow wp-block-group-is-layout-flow\">\n<h2 class=\"wp-block-heading has-text-align-center\" id=\"read-more-about\">Lue lis\u00e4\u00e4..<\/h2>\n\n\n\n<div class=\"wp-block-columns alignwide is-layout-flex wp-container-core-columns-is-layout-d0b3c9c8 wp-block-columns-is-layout-flex\">\n<div class=\"wp-block-column is-layout-flow wp-block-column-is-layout-flow\">\n<div class=\"wp-block-media-text is-stacked-on-mobile has-media-on-the-bottom has-palette-color-5-background-color has-background\"><figure class=\"wp-block-media-text__media\"><a href=\"https:\/\/integration.luckan.fi\/integrating-in-swedish\/swedish-courses\/\"><img loading=\"lazy\" decoding=\"async\" width=\"600\" height=\"400\" src=\"https:\/\/integration.luckan.fi\/wp-content\/uploads\/2020\/05\/DSC03822-600x400.jpg\" alt=\"\" class=\"wp-image-12574 size-medium\" srcset=\"https:\/\/integration.luckan.fi\/wp-content\/uploads\/2020\/05\/DSC03822-600x400.jpg 600w, https:\/\/integration.luckan.fi\/wp-content\/uploads\/2020\/05\/DSC03822-200x133.jpg 200w, https:\/\/integration.luckan.fi\/wp-content\/uploads\/2020\/05\/DSC03822-768x512.jpg 768w, https:\/\/integration.luckan.fi\/wp-content\/uploads\/2020\/05\/DSC03822-1500x1000.jpg 1500w, https:\/\/integration.luckan.fi\/wp-content\/uploads\/2020\/05\/DSC03822-1536x1024.jpg 1536w, https:\/\/integration.luckan.fi\/wp-content\/uploads\/2020\/05\/DSC03822-2048x1365.jpg 2048w\" sizes=\"auto, (max-width: 600px) 100vw, 600px\" \/><\/a><\/figure><div class=\"wp-block-media-text__content\">\n<h4 id=\"swedish-courses\" class=\"wp-block-heading\"><a href=\"https:\/\/integration.luckan.fi\/integrating-in-swedish\/swedish-courses\/\" class=\"ek-link\">Ruotsin kielen kurssit<\/a><\/h4>\n<\/div><\/div>\n<\/div>\n\n\n\n<div class=\"wp-block-column is-layout-flow wp-block-column-is-layout-flow\">\n<div class=\"wp-block-media-text is-stacked-on-mobile has-media-on-the-bottom has-palette-color-5-background-color has-background\"><figure class=\"wp-block-media-text__media\"><a href=\"https:\/\/integration.luckan.fi\/integrating-in-swedish\/guidance-for-families\/\"><img loading=\"lazy\" decoding=\"async\" width=\"1500\" height=\"1000\" src=\"https:\/\/integration.luckan.fi\/wp-content\/uploads\/2020\/09\/jeniffer-araujo-6cBKMxTYmWw-unsplash-1500x1000.jpg\" alt=\"\" class=\"wp-image-13214 size-medium\" srcset=\"https:\/\/integration.luckan.fi\/wp-content\/uploads\/2020\/09\/jeniffer-araujo-6cBKMxTYmWw-unsplash-1500x1000.jpg 1500w, https:\/\/integration.luckan.fi\/wp-content\/uploads\/2020\/09\/jeniffer-araujo-6cBKMxTYmWw-unsplash-200x133.jpg 200w, https:\/\/integration.luckan.fi\/wp-content\/uploads\/2020\/09\/jeniffer-araujo-6cBKMxTYmWw-unsplash-600x400.jpg 600w, https:\/\/integration.luckan.fi\/wp-content\/uploads\/2020\/09\/jeniffer-araujo-6cBKMxTYmWw-unsplash-768x512.jpg 768w, https:\/\/integration.luckan.fi\/wp-content\/uploads\/2020\/09\/jeniffer-araujo-6cBKMxTYmWw-unsplash-1536x1024.jpg 1536w, https:\/\/integration.luckan.fi\/wp-content\/uploads\/2020\/09\/jeniffer-araujo-6cBKMxTYmWw-unsplash-2048x1365.jpg 2048w\" sizes=\"auto, (max-width: 1500px) 100vw, 1500px\" \/><\/a><\/figure><div class=\"wp-block-media-text__content\">\n<h4 id=\"guidance-for-families\" class=\"wp-block-heading\"><a href=\"https:\/\/integration.luckan.fi\/integrating-in-swedish\/guidance-for-families\/\" class=\"ek-link\">Ohjeita perheille<\/a><\/h4>\n<\/div><\/div>\n<\/div>\n\n\n\n<div class=\"wp-block-column is-layout-flow wp-block-column-is-layout-flow\">\n<div class=\"wp-block-media-text is-stacked-on-mobile has-media-on-the-bottom has-palette-color-5-background-color has-background\"><figure class=\"wp-block-media-text__media\"><a href=\"https:\/\/integration.luckan.fi\/integrating-in-swedish\/\"><img loading=\"lazy\" decoding=\"async\" width=\"1500\" height=\"1000\" src=\"https:\/\/integration.luckan.fi\/wp-content\/uploads\/2021\/01\/info2.jpg\" alt=\"\" class=\"wp-image-13844 size-full\" srcset=\"https:\/\/integration.luckan.fi\/wp-content\/uploads\/2021\/01\/info2.jpg 1500w, https:\/\/integration.luckan.fi\/wp-content\/uploads\/2021\/01\/info2-200x133.jpg 200w, https:\/\/integration.luckan.fi\/wp-content\/uploads\/2021\/01\/info2-600x400.jpg 600w, https:\/\/integration.luckan.fi\/wp-content\/uploads\/2021\/01\/info2-768x512.jpg 768w\" sizes=\"auto, (max-width: 1500px) 100vw, 1500px\" \/><\/a><\/figure><div class=\"wp-block-media-text__content\">\n<h4 id=\"integrating-in-swedish\" class=\"wp-block-heading is-style-default\"><a href=\"https:\/\/integration.luckan.fi\/integrating-in-swedish\/\" class=\"ek-link\">Kotoutuminen ruotsiksi<\/a><\/h4>\n<\/div><\/div>\n<\/div>\n<\/div>\n\n\n\n<div class=\"wp-block-columns alignwide is-layout-flex wp-container-core-columns-is-layout-d0b3c9c8 wp-block-columns-is-layout-flex\">\n<div class=\"wp-block-column is-layout-flow wp-block-column-is-layout-flow\">\n<div class=\"wp-block-media-text is-stacked-on-mobile has-media-on-the-bottom has-palette-color-5-background-color has-background\"><figure class=\"wp-block-media-text__media\"><a href=\"https:\/\/integration.luckan.fi\/integrating-in-swedish\/children\/\"><img loading=\"lazy\" decoding=\"async\" width=\"1500\" height=\"1000\" src=\"https:\/\/integration.luckan.fi\/wp-content\/uploads\/2021\/01\/IMG-0135_cropped.jpg\" alt=\"\" class=\"wp-image-13843 size-medium\" srcset=\"https:\/\/integration.luckan.fi\/wp-content\/uploads\/2021\/01\/IMG-0135_cropped.jpg 1500w, https:\/\/integration.luckan.fi\/wp-content\/uploads\/2021\/01\/IMG-0135_cropped-200x133.jpg 200w, https:\/\/integration.luckan.fi\/wp-content\/uploads\/2021\/01\/IMG-0135_cropped-600x400.jpg 600w, https:\/\/integration.luckan.fi\/wp-content\/uploads\/2021\/01\/IMG-0135_cropped-768x512.jpg 768w\" sizes=\"auto, (max-width: 1500px) 100vw, 1500px\" \/><\/a><\/figure><div class=\"wp-block-media-text__content\">\n<h4 id=\"information-for-children\" class=\"wp-block-heading\"><a href=\"https:\/\/integration.luckan.fi\/integrating-in-swedish\/children\/\" class=\"ek-link\">Tietoa lapsille<\/a><\/h4>\n<\/div><\/div>\n<\/div>\n\n\n\n<div class=\"wp-block-column is-layout-flow wp-block-column-is-layout-flow\">\n<div class=\"wp-block-media-text is-stacked-on-mobile has-media-on-the-bottom has-palette-color-5-background-color has-background\"><figure class=\"wp-block-media-text__media\"><a href=\"https:\/\/integration.luckan.fi\/integrating-in-swedish\/youth\/\"><img loading=\"lazy\" decoding=\"async\" width=\"1500\" height=\"1000\" src=\"https:\/\/integration.luckan.fi\/wp-content\/uploads\/2021\/01\/yuoth.jpg\" alt=\"\" class=\"wp-image-13842 size-medium\" srcset=\"https:\/\/integration.luckan.fi\/wp-content\/uploads\/2021\/01\/yuoth.jpg 1500w, https:\/\/integration.luckan.fi\/wp-content\/uploads\/2021\/01\/yuoth-200x133.jpg 200w, https:\/\/integration.luckan.fi\/wp-content\/uploads\/2021\/01\/yuoth-600x400.jpg 600w, https:\/\/integration.luckan.fi\/wp-content\/uploads\/2021\/01\/yuoth-768x512.jpg 768w\" sizes=\"auto, (max-width: 1500px) 100vw, 1500px\" \/><\/a><\/figure><div class=\"wp-block-media-text__content\">\n<h4 id=\"information-for-youth\" class=\"wp-block-heading\"><a href=\"https:\/\/integration.luckan.fi\/integrating-in-swedish\/youth\/\" class=\"ek-link\">Tietoa nuorille<\/a><\/h4>\n<\/div><\/div>\n<\/div>\n\n\n\n<div class=\"wp-block-column is-layout-flow wp-block-column-is-layout-flow\">\n<div class=\"wp-block-media-text is-stacked-on-mobile has-media-on-the-bottom has-palette-color-5-background-color has-background\"><figure class=\"wp-block-media-text__media\"><a href=\"https:\/\/integration.luckan.fi\/integrating-in-swedish\/adults\/\"><img loading=\"lazy\" decoding=\"async\" width=\"1500\" height=\"1000\" src=\"https:\/\/integration.luckan.fi\/wp-content\/uploads\/2021\/01\/DSC03822-crop.jpg\" alt=\"\" class=\"wp-image-13841 size-medium\" srcset=\"https:\/\/integration.luckan.fi\/wp-content\/uploads\/2021\/01\/DSC03822-crop.jpg 1500w, https:\/\/integration.luckan.fi\/wp-content\/uploads\/2021\/01\/DSC03822-crop-200x133.jpg 200w, https:\/\/integration.luckan.fi\/wp-content\/uploads\/2021\/01\/DSC03822-crop-600x400.jpg 600w, https:\/\/integration.luckan.fi\/wp-content\/uploads\/2021\/01\/DSC03822-crop-768x512.jpg 768w\" sizes=\"auto, (max-width: 1500px) 100vw, 1500px\" \/><\/a><\/figure><div class=\"wp-block-media-text__content\">\n<h4 id=\"information-for-adults\" class=\"wp-block-heading\"><a href=\"https:\/\/integration.luckan.fi\/integrating-in-swedish\/adults\/\" class=\"ek-link\">Tietoa aikuisille<\/a><\/h4>\n<\/div><\/div>\n<\/div>\n<\/div>\n<\/div><\/div>","protected":false},"excerpt":{"rendered":"<p>In Swedish in Finland \u0424\u0438\u043d\u043b\u044f\u043d\u0434\u0438\u044f \u043f\u043e-\u0448\u0432\u0435\u0434\u0441\u043a\u0438P\u00e5 svenska i Finland This book is for you who are curious about the Swedish language and culture within the Finnish society. You\u2019ll familiarise yourself with Finland as a Nordic Country, as well as with Finland\u2019s mutual history with Sweden. Ladda ner pdf:en. P\u00e5 svenska i Finland&nbsp; Denna skrift riktar&hellip; <a class=\"more-link\" href=\"https:\/\/integration.luckan.fi\/fi\/inswedishinfinland\/\">Jatka lukemista <span class=\"screen-reader-text\">Ruotsiksi Suomessa \/ P\u00e5 svenska i Finland \/\u0424\u0438\u043d\u043b\u044f\u043d\u0434\u0438\u044f \u043f\u043e-\u0448\u0432\u0435\u0434\u0441\u043a\u0438<\/span><\/a><\/p>","protected":false},"author":1,"featured_media":13552,"parent":0,"menu_order":0,"comment_status":"closed","ping_status":"closed","template":"tw-no-title.php","meta":{"om_disable_all_campaigns":false,"inline_featured_image":false,"ghostkit_customizer_options":"","ghostkit_custom_css":"","ghostkit_custom_js_head":"","ghostkit_custom_js_foot":"","ghostkit_typography":"","_monsterinsights_skip_tracking":false,"_monsterinsights_sitenote_active":false,"_monsterinsights_sitenote_note":"","_monsterinsights_sitenote_category":0,"cybocfi_hide_featured_image":"","footnotes":""},"class_list":["post-13571","page","type-page","status-publish","has-post-thumbnail","hentry","entry"],"aioseo_notices":[],"featured_image_src":"https:\/\/integration.luckan.fi\/wp-content\/uploads\/2020\/12\/svenska-i-finland-ba\u030ada-omslag-fram-scaled.jpg","_links":{"self":[{"href":"https:\/\/integration.luckan.fi\/fi\/wp-json\/wp\/v2\/pages\/13571","targetHints":{"allow":["GET"]}}],"collection":[{"href":"https:\/\/integration.luckan.fi\/fi\/wp-json\/wp\/v2\/pages"}],"about":[{"href":"https:\/\/integration.luckan.fi\/fi\/wp-json\/wp\/v2\/types\/page"}],"author":[{"embeddable":true,"href":"https:\/\/integration.luckan.fi\/fi\/wp-json\/wp\/v2\/users\/1"}],"replies":[{"embeddable":true,"href":"https:\/\/integration.luckan.fi\/fi\/wp-json\/wp\/v2\/comments?post=13571"}],"version-history":[{"count":31,"href":"https:\/\/integration.luckan.fi\/fi\/wp-json\/wp\/v2\/pages\/13571\/revisions"}],"predecessor-version":[{"id":24349,"href":"https:\/\/integration.luckan.fi\/fi\/wp-json\/wp\/v2\/pages\/13571\/revisions\/24349"}],"wp:featuredmedia":[{"embeddable":true,"href":"https:\/\/integration.luckan.fi\/fi\/wp-json\/wp\/v2\/media\/13552"}],"wp:attachment":[{"href":"https:\/\/integration.luckan.fi\/fi\/wp-json\/wp\/v2\/media?parent=13571"}],"curies":[{"name":"wp","href":"https:\/\/api.w.org\/{rel}","templated":true}]}}