{"id":13949,"date":"2021-02-18T11:52:37","date_gmt":"2021-02-18T09:52:37","guid":{"rendered":"https:\/\/integration.luckan.fi\/?page_id=13949"},"modified":"2026-02-03T10:06:43","modified_gmt":"2026-02-03T08:06:43","slug":"strategi","status":"publish","type":"page","link":"https:\/\/integration.luckan.fi\/fi\/competence-center\/strategi\/","title":{"rendered":"Strategi"},"content":{"rendered":"\n<div class=\"wp-block-media-text alignfull has-media-on-the-right is-stacked-on-mobile is-vertically-aligned-center is-image-fill-element has-background tw-stack-md tw-media-bottom\" style=\"background-color:#9decb6;grid-template-columns:auto 55%\"><div class=\"wp-block-media-text__content\">\n<h1 id=\"svenska-integrationsvagar-och-fallgropar-i-huvudstadsregionen\" class=\"wp-block-heading\">Svenska integrationsv\u00e4gar och fallgropar i huvudstadsregionen<\/h1>\n\n\n\n<ul class=\"wp-block-list is-style-tw-dash\">\n<li><em>en strategi med 15 \u00e5tg\u00e4rder<\/em><\/li>\n<\/ul>\n\n\n\n<h3 id=\"swedish-integration-paths-and-pitfalls-in-the-capital-region\" class=\"wp-block-heading\"><em>Swedish integration paths and pitfalls in the Capital Region<\/em><\/h3>\n\n\n\n<ul class=\"wp-block-list is-style-tw-dash\">\n<li><em>a strategy with 15 measures<\/em><\/li>\n<\/ul>\n\n\n\n<div class=\"wp-block-buttons is-layout-flex wp-block-buttons-is-layout-flex\">\n<div class=\"wp-block-button\"><a class=\"wp-block-button__link wp-element-button\" href=\"#order\">Best\u00e4ll strategin &#8211; Order the strategy<\/a><\/div>\n<\/div>\n<\/div><figure class=\"wp-block-media-text__media\"><img loading=\"lazy\" decoding=\"async\" width=\"1500\" height=\"1127\" src=\"https:\/\/integration.luckan.fi\/wp-content\/uploads\/2024\/06\/IMG_5946-1500x1127.jpg\" alt=\"\" class=\"wp-image-22610 size-full\" style=\"object-position:92% 78%\" srcset=\"https:\/\/integration.luckan.fi\/wp-content\/uploads\/2024\/06\/IMG_5946-1500x1127.jpg 1500w, https:\/\/integration.luckan.fi\/wp-content\/uploads\/2024\/06\/IMG_5946-1200x902.jpg 1200w, https:\/\/integration.luckan.fi\/wp-content\/uploads\/2024\/06\/IMG_5946-399x300.jpg 399w, https:\/\/integration.luckan.fi\/wp-content\/uploads\/2024\/06\/IMG_5946-768x577.jpg 768w, https:\/\/integration.luckan.fi\/wp-content\/uploads\/2024\/06\/IMG_5946-1536x1154.jpg 1536w, https:\/\/integration.luckan.fi\/wp-content\/uploads\/2024\/06\/IMG_5946-2048x1539.jpg 2048w, https:\/\/integration.luckan.fi\/wp-content\/uploads\/2024\/06\/IMG_5946-16x12.jpg 16w, https:\/\/integration.luckan.fi\/wp-content\/uploads\/2024\/06\/IMG_5946-200x150.jpg 200w, https:\/\/integration.luckan.fi\/wp-content\/uploads\/2024\/06\/IMG_5946-150x113.jpg 150w, https:\/\/integration.luckan.fi\/wp-content\/uploads\/2024\/06\/IMG_5946-1568x1178.jpg 1568w\" sizes=\"auto, (max-width: 1500px) 100vw, 1500px\" \/><\/figure><\/div>\n\n\n\n<div class=\"wp-block-columns alignfull is-layout-flex wp-container-core-columns-is-layout-d0b3c9c8 wp-block-columns-is-layout-flex\">\n<div class=\"wp-block-column is-layout-flow wp-block-column-is-layout-flow\">\n<div style=\"height:5px\" aria-hidden=\"true\" class=\"wp-block-spacer\"><\/div>\n\n\n\n<h2 class=\"wp-block-heading has-text-align-center\" id=\"har-kan-du-ladda-ner-strategin-i-pdf-form\"><strong>H\u00e4r kan du ladda ner strategin i pdf-form<\/strong><\/h2>\n\n\n\n<p class=\"has-text-align-center\">Bilagorna finns l\u00e4ngre ner p\u00e5 sidan. <br \/>Strategian suomenkielinen versio alkaa sivulta 39.<br \/>The English version of the strategy starts on page 63.<\/p>\n\n\n\n<div class=\"wp-block-file aligncenter\"><a id=\"wp-block-file--media-34eae87c-1769-46fb-bfa1-380c9b9bd396\" href=\"https:\/\/integration.luckan.fi\/wp-content\/uploads\/2021\/03\/Svenska-integrationsvagar-och-fallgropar.pdf\">Svenska integrationsv\u00e4gar och fallgropar i huvudstadsregionen.<\/a><\/div>\n\n\n\n<div style=\"height:5px\" aria-hidden=\"true\" class=\"wp-block-spacer\"><\/div>\n<\/div>\n<\/div>\n\n\n\n<div class=\"wp-block-media-text alignwide is-stacked-on-mobile is-image-fill-element\"><figure class=\"wp-block-media-text__media\"><img loading=\"lazy\" decoding=\"async\" width=\"1500\" height=\"1000\" src=\"https:\/\/integration.luckan.fi\/wp-content\/uploads\/2021\/03\/DSC09180-3-1500x1000.jpg\" alt=\"\" class=\"wp-image-14169 size-full\" style=\"object-position:50% 50%\" srcset=\"https:\/\/integration.luckan.fi\/wp-content\/uploads\/2021\/03\/DSC09180-3-1500x1000.jpg 1500w, https:\/\/integration.luckan.fi\/wp-content\/uploads\/2021\/03\/DSC09180-3-200x133.jpg 200w, https:\/\/integration.luckan.fi\/wp-content\/uploads\/2021\/03\/DSC09180-3-600x400.jpg 600w, https:\/\/integration.luckan.fi\/wp-content\/uploads\/2021\/03\/DSC09180-3-768x512.jpg 768w, https:\/\/integration.luckan.fi\/wp-content\/uploads\/2021\/03\/DSC09180-3-1536x1024.jpg 1536w, https:\/\/integration.luckan.fi\/wp-content\/uploads\/2021\/03\/DSC09180-3-2048x1365.jpg 2048w\" sizes=\"auto, (max-width: 1500px) 100vw, 1500px\" \/><\/figure><div class=\"wp-block-media-text__content\">\n<h4 id=\"luckan-integration-har-arbetat-fram-en-strategi-med-15-atgarder-for-att-starka-svensk-integration-i-huvudstadsregionen\" class=\"wp-block-heading\">Luckan Integration har arbetat fram en strategi med 15 \u00e5tg\u00e4rder f\u00f6r att st\u00e4rka svensk integration i huvudstadsregionen. <\/h4>\n\n\n\n<p>Visionen \u00e4r att f\u00f6rb\u00e4ttra den svenska integrationen s\u00e5 att nyanl\u00e4nda vuxna, familjer, barn och unga har m\u00f6jlighet att integreras i huvudstadsregionen p\u00e5 ett s\u00e4tt l\u00e4mpligt f\u00f6r dem. Den gamla sanningen, f\u00f6r att uppn\u00e5 samma som p\u00e5 finska kr\u00e4vs delvis andra l\u00f6sningar p\u00e5 svenska, st\u00e4mmer \u00e4ven h\u00e4r.<br \/><\/p>\n\n\n\n<p>St\u00e4dernas integrationsprogram uppdaterades efter kommunalvalet. Vi \u00f6nskar att det skall bli lika l\u00e4tt att v\u00e4lja den svenska integrationsv\u00e4gen, att f\u00e5 tillg\u00e5ng till j\u00e4mb\u00f6rdig integrationsutbildning, kompletteringsutbildning och undervisning i sitt eget spr\u00e5k och religion som de som v\u00e4ljer att integreras p\u00e5 finska. F\u00f6r att n\u00e5 dit \u00e4r det grundl\u00e4ggande att st\u00e4derna i huvudstadsregionen samarbetar f\u00f6r att tillsammans st\u00e4rka den svenska integrationen.<br \/>Det \u00e4r angel\u00e4get att utvecklingsarbetet f\u00f6r den svenska integrationen sker som en del av statens och kommunernas integrationsarbete med samma krav p\u00e5 kvalitet och uppf\u00f6ljning som n\u00e4r det g\u00e4ller att integreras p\u00e5 finska.<\/p>\n<\/div><\/div>\n\n\n\n<div class=\"wp-block-media-text alignfull has-media-on-the-right is-stacked-on-mobile is-image-fill-element\"><div class=\"wp-block-media-text__content\">\n<h4 id=\"swedish-integration-paths-and-pitfalls-in-the-capital-region-a-strategy-with-15-measures\" class=\"wp-block-heading\"><strong>Swedish integration paths and pitfalls in the Capital Region &#8211; a strategy with 15 measures<\/strong><\/h4>\n\n\n\n<p>Luckan Integration has developed a strategy with 15 measures to strengthen Swedish integration in the Capital Region. The vision is to improve Swedish integration so that newly arrived adults, families, children and young people have the opportunity to be integrated into the capital region in a way that is suitable for them. The old truth, in order to achieve the same as in Finnish, other solutions in Swedish are partly required, is also true here.<\/p>\n\n\n\n<p>The cities&#8217; integration program was updated after the local elections. We want it to be as easy to choose the Swedish integration path, to have access to equal integration education, supplementary education and teaching in one&#8217;s own language and religion as those who choose to be integrated in Finnish. To get there, it is fundamental that the cities in the capital region work together to strengthen Swedish integration.<br \/>It is important that the development work for Swedish integration takes place as part of the state&#8217;s and municipalities&#8217; integration work with the same requirements for quality and follow-up as when it comes to integration in Finnish.<\/p>\n<\/div><figure class=\"wp-block-media-text__media\"><img loading=\"lazy\" decoding=\"async\" width=\"1500\" height=\"1000\" src=\"https:\/\/integration.luckan.fi\/wp-content\/uploads\/2021\/03\/DSC09062-3-1-1500x1000.jpg\" alt=\"\" class=\"wp-image-14168 size-full\" style=\"object-position:50% 50%\" srcset=\"https:\/\/integration.luckan.fi\/wp-content\/uploads\/2021\/03\/DSC09062-3-1-1500x1000.jpg 1500w, https:\/\/integration.luckan.fi\/wp-content\/uploads\/2021\/03\/DSC09062-3-1-200x133.jpg 200w, https:\/\/integration.luckan.fi\/wp-content\/uploads\/2021\/03\/DSC09062-3-1-600x400.jpg 600w, https:\/\/integration.luckan.fi\/wp-content\/uploads\/2021\/03\/DSC09062-3-1-768x512.jpg 768w, https:\/\/integration.luckan.fi\/wp-content\/uploads\/2021\/03\/DSC09062-3-1-1536x1024.jpg 1536w, https:\/\/integration.luckan.fi\/wp-content\/uploads\/2021\/03\/DSC09062-3-1-2048x1365.jpg 2048w\" sizes=\"auto, (max-width: 1500px) 100vw, 1500px\" \/><\/figure><\/div>\n\n\n\n<div style=\"height:45px\" aria-hidden=\"true\" class=\"wp-block-spacer\"><\/div>\n\n\n\n<p class=\"has-text-align-center\"><strong>H\u00e4r kan du l\u00e4sa strategin, bilagorna finns l\u00e4ngre ner p\u00e5 sidan.<br \/><\/strong>Strategian suomenkielinen versio alkaa sivulta 39.<br \/>The English version of the strategy starts on page 63.<\/p>\n\n\n<div style=\"display:block\">\n<!-- FlowPaper PDF flipbook plugin v.2.0.6 wordpress.org\/plugins\/flowpaper\/ -->\n<iframe title=\"FlowPaper flipbook pdf viewer\" width=\"100%\" height=\"500\" scrolling=\"no\" class=\"flowpaper-class\" frameborder=\"0\" allowFullScreen=\"true\" lightbox=\"false\" cover id src = \"https:\/\/flowpaper.com\/flipbook\/?pdf=https:\/\/luckan.fi\/wp-content\/uploads\/Svenska-integrationsvagar-och-fallgropar.pdf&title=&header=&theme=&singlepage=&thumbs=1&modified=2602031006\" seamless=\"seamless\" style=\"margin-bottom:0;display:block;\">Your browser does not seem to support iframes. <a href=\"https:\/\/flowpaper.com\/flipbook\/?pdf=https:\/\/luckan.fi\/wp-content\/uploads\/Svenska-integrationsvagar-och-fallgropar.pdf\" target=\"_blank\">Click here to read this PDF<\/a>.<\/iframe>\n<div id=\"flowpaper-logo-bottom\" class=\"flowpaper-logo-bg\" style=\"background:linear-gradient(to right, rgba(0,0,0,0.65) 0%,rgba(0,0,0,0) 200px);width:100%;height:19px; padding-bottom: 1px; padding-left: 5px; padding-right: 10px; display: flex; align-items: center;z-index:9999\"><span style=\"height: 37px; padding-left: 6px;width:90%\"> <a id=\"flowpaper-link\" style=\"fill: #fff\" alt=\"FlowPaper logotype\" title=\"FlowPaper logotype\" href=\"https:\/\/flowpaper.com\" target=\"_blank\"> <img decoding=\"async\" alt=\"Publish PDF flipbooks online\" style=\"height:17px;width:auto;margin-top:11px;\" src=\"https:\/\/integration.luckan.fi\/wp-content\/plugins\/flowpaper-lite-pdf-flipbook\/assets\/flowpaper-logo.png\" border=\"0\"> <\/a> <\/span><span style=\" float: right; right: 0; font-size: 10px; white-space: nowrap; opacity:0.8\"><a href=\"https:\/\/flowpaper.com\/flipbook-maker\/\" target=\"_new\" style=\"text-decoration:none;border-bottom:none;\">Created using FlowPaper Flipbook Maker &#8599;<\/a><\/span><\/div><\/div>\r\n                <script>\r\n                document.addEventListener(\"DOMContentLoaded\", function(){\r\n                    var target_element, iframe_element;\r\n                    iframe_element = document.querySelector(\"iframe.flowpaper-class\");\r\n                    target_element = document.querySelector(\"\");\r\n                    iframe_element.style.height = target_element.offsetHeight + \"px\";\r\n                });\r\n                <\/script>\r\n            \n\n\n\n<div class=\"wp-block-group\"><div class=\"wp-block-group__inner-container is-layout-flow wp-block-group-is-layout-flow\">\n<div class=\"alignfull ghostkit-grid ghostkit-grid-gap-md\"><div class=\"ghostkit-grid-inner\">\n<div class=\"ghostkit-col ghostkit-col-12\"><div class=\"ghostkit-col-content is-layout-flow wp-block-ghostkit-grid-column-is-layout-flow\">\n<h3 class=\"wp-block-heading has-text-align-center\" id=\"order\"><strong>Best\u00e4ll strategin, order the strategy<\/strong><\/h3>\n\n\n<div class=\"wpforms-container wpforms-block wpforms-block-9b21937b-1536-4f63-a054-d04e48dc7660 wpforms-render-modern\" id=\"wpforms-14206\"><form id=\"wpforms-form-14206\" class=\"wpforms-validate wpforms-form\" data-formid=\"14206\" method=\"post\" enctype=\"multipart\/form-data\" action=\"\/fi\/wp-json\/wp\/v2\/pages\/13949\" data-token=\"52f7c96617f6dde2c68b2f246f0bb450\" data-token-time=\"1775531007\"><noscript class=\"wpforms-error-noscript\">Please enable JavaScript in your browser to complete this form.<\/noscript><div id=\"wpforms-error-noscript\" style=\"display: none;\">Please enable JavaScript in your browser to complete this form.<\/div><div class=\"wpforms-field-container\"><div id=\"wpforms-14206-field_7-container\" class=\"wpforms-field wpforms-field-name\" data-field-id=\"7\"><label class=\"wpforms-field-label\" for=\"wpforms-14206-field_7\">Namn, name <span class=\"wpforms-required-label\" aria-hidden=\"true\">*<\/span><\/label><input type=\"text\" id=\"wpforms-14206-field_7\" class=\"wpforms-field-medium wpforms-field-required\" name=\"wpforms[fields][7]\" aria-errormessage=\"wpforms-14206-field_7-error\" required><\/div><div id=\"wpforms-14206-field_1-container\" class=\"wpforms-field wpforms-field-text\" data-field-id=\"1\"><label class=\"wpforms-field-label\" for=\"wpforms-14206-field_1\">Adress, address <span class=\"wpforms-required-label\" aria-hidden=\"true\">*<\/span><\/label><input type=\"text\" id=\"wpforms-14206-field_1\" class=\"wpforms-field-medium wpforms-field-required\" name=\"wpforms[fields][1]\" aria-errormessage=\"wpforms-14206-field_1-error\" required><\/div><div id=\"wpforms-14206-field_2-container\" class=\"wpforms-field wpforms-field-text\" data-field-id=\"2\"><label class=\"wpforms-field-label\" for=\"wpforms-14206-field_2\">Ort, municipality <span class=\"wpforms-required-label\" aria-hidden=\"true\">*<\/span><\/label><input type=\"text\" id=\"wpforms-14206-field_2\" class=\"wpforms-field-small wpforms-field-required\" name=\"wpforms[fields][2]\" aria-errormessage=\"wpforms-14206-field_2-error\" required><\/div><div id=\"wpforms-14206-field_3-container\" class=\"wpforms-field wpforms-field-number\" data-field-id=\"3\"><label class=\"wpforms-field-label\" for=\"wpforms-14206-field_3\">Postnummer, postal code <span class=\"wpforms-required-label\" aria-hidden=\"true\">*<\/span><\/label><input type=\"number\" id=\"wpforms-14206-field_3\" class=\"wpforms-field-small wpforms-field-required\" name=\"wpforms[fields][3]\" step=\"any\" aria-errormessage=\"wpforms-14206-field_3-error\" required><\/div><div id=\"wpforms-14206-field_4-container\" class=\"wpforms-field wpforms-field-text\" data-field-id=\"4\"><label class=\"wpforms-field-label\" for=\"wpforms-14206-field_4\">Land, Country<\/label><input type=\"text\" id=\"wpforms-14206-field_4\" class=\"wpforms-field-small\" name=\"wpforms[fields][4]\" aria-errormessage=\"wpforms-14206-field_4-error\" ><\/div><div id=\"wpforms-14206-field_6-container\" class=\"wpforms-field wpforms-field-number\" data-field-id=\"6\"><label class=\"wpforms-field-label\" for=\"wpforms-14206-field_6\">Antal, quantity<\/label><input type=\"number\" id=\"wpforms-14206-field_6\" class=\"wpforms-field-medium\" name=\"wpforms[fields][6]\" value=\"1\" placeholder=\"1\" step=\"any\" aria-errormessage=\"wpforms-14206-field_6-error\" ><\/div><\/div><!-- .wpforms-field-container --><div class=\"wpforms-recaptcha-container wpforms-is-recaptcha wpforms-is-recaptcha-type-v2\" ><div class=\"g-recaptcha\" data-sitekey=\"6Lf7Gt0UAAAAAKSSpdBicU4uYiF8HwnNrKwX4ZJK\"><\/div><input type=\"text\" name=\"g-recaptcha-hidden\" class=\"wpforms-recaptcha-hidden\" style=\"position:absolute!important;clip:rect(0,0,0,0)!important;height:1px!important;width:1px!important;border:0!important;overflow:hidden!important;padding:0!important;margin:0!important;\" data-rule-recaptcha=\"1\"><\/div><div class=\"wpforms-submit-container\" ><input type=\"hidden\" name=\"wpforms[id]\" value=\"14206\"><input type=\"hidden\" name=\"page_title\" value=\"\"><input type=\"hidden\" name=\"page_url\" value=\"https:\/\/integration.luckan.fi\/fi\/wp-json\/wp\/v2\/pages\/13949\"><input type=\"hidden\" name=\"url_referer\" value=\"\"><button type=\"submit\" name=\"wpforms[submit]\" id=\"wpforms-submit-14206\" class=\"wpforms-submit\" aria-live=\"assertive\" value=\"wpforms-submit\">Submit<\/button><\/div><\/form><\/div>  <!-- .wpforms-container --><\/div><\/div>\n<\/div><\/div>\n<\/div><\/div>\n\n\n\n<div class=\"wp-block-columns is-layout-flex wp-container-core-columns-is-layout-d0b3c9c8 wp-block-columns-is-layout-flex\">\n<div class=\"wp-block-column is-vertically-aligned-center is-layout-flow wp-block-column-is-layout-flow\"><div class=\"wp-block-image\">\n<figure class=\"aligncenter size-full is-resized\"><img loading=\"lazy\" decoding=\"async\" width=\"639\" height=\"639\" src=\"https:\/\/integration.luckan.fi\/wp-content\/uploads\/2023\/09\/Svenska-integrationsvagar-och-fallgropar-i-huvudstadsregionen-en-strategi-med-15-atgarder_Sq.jpg\" alt=\"\" class=\"wp-image-21547\" style=\"width:499px;height:auto\" srcset=\"https:\/\/integration.luckan.fi\/wp-content\/uploads\/2023\/09\/Svenska-integrationsvagar-och-fallgropar-i-huvudstadsregionen-en-strategi-med-15-atgarder_Sq.jpg 639w, https:\/\/integration.luckan.fi\/wp-content\/uploads\/2023\/09\/Svenska-integrationsvagar-och-fallgropar-i-huvudstadsregionen-en-strategi-med-15-atgarder_Sq-300x300.jpg 300w, https:\/\/integration.luckan.fi\/wp-content\/uploads\/2023\/09\/Svenska-integrationsvagar-och-fallgropar-i-huvudstadsregionen-en-strategi-med-15-atgarder_Sq-12x12.jpg 12w, https:\/\/integration.luckan.fi\/wp-content\/uploads\/2023\/09\/Svenska-integrationsvagar-och-fallgropar-i-huvudstadsregionen-en-strategi-med-15-atgarder_Sq-200x200.jpg 200w, https:\/\/integration.luckan.fi\/wp-content\/uploads\/2023\/09\/Svenska-integrationsvagar-och-fallgropar-i-huvudstadsregionen-en-strategi-med-15-atgarder_Sq-150x150.jpg 150w\" sizes=\"auto, (max-width: 639px) 100vw, 639px\" \/><\/figure>\n<\/div><\/div>\n\n\n\n<div class=\"wp-block-column is-layout-flow wp-block-column-is-layout-flow\">\n<h2 id=\"bilagor-till-strategin\" class=\"wp-block-heading\">Bilagor till strategin<\/h2>\n\n\n\n<div class=\"wp-block-file\"><a id=\"wp-block-file--media-ebcaab80-1caa-4b13-b66e-5def35112bf4\" href=\"https:\/\/integration.luckan.fi\/wp-content\/uploads\/2021\/03\/Bilaga-1_-Svensk-integration-inom-smabarnspedagogiken-och-den-grundlaggande-utbildningen-2019.pdf\" target=\"_blank\" rel=\"noreferrer noopener\">Svensk integration inom sm\u00e5barnspedagogiken och den grundl\u00e4ggande utbildningen, enk\u00e4tsvar 2019<\/a><\/div>\n\n\n\n<div class=\"wp-block-file\"><a id=\"wp-block-file--media-594f2477-f6b4-418e-9fce-cebbdf1ca742\" href=\"https:\/\/integration.luckan.fi\/wp-content\/uploads\/2021\/03\/Bilaga-2_-Integrationsutbildning-for-vuxna-enkatsvar-2019.pdf\">Integrationsutbildning f\u00f6r vuxna, enk\u00e4tsvar 2019<\/a><\/div>\n\n\n\n<div class=\"wp-block-file\"><a id=\"wp-block-file--media-dfb77e4d-c384-441b-b3f9-ebcd0ef2fb07\" href=\"https:\/\/integration.luckan.fi\/wp-content\/uploads\/2021\/03\/Bilaga-3_-Erfarenheter-av-arbets-och-naringsbyrans-service-enkatsvar-2018.pdf\">Erfarenheter av arbets- och n\u00e4ringsbyr\u00e5ns service, enk\u00e4tsvar 2018<\/a><\/div>\n\n\n\n<div class=\"wp-block-file\"><a id=\"wp-block-file--media-2ecd692b-3aab-4827-851b-d39879c69a15\" href=\"https:\/\/integration.luckan.fi\/wp-content\/uploads\/2021\/02\/Bilaga-4_Svensk-integration-bland-arbets-och-naringslivscentralens-handlaggare-i-Nyland-enkatsvar-2019.pdf\">Svensk integration bland arbets- och n\u00e4ringslivscentralens <br \/>handl\u00e4ggare i Nyland, enk\u00e4tsvar 2019&nbsp;<\/a><\/div>\n\n\n\n<div class=\"wp-block-file\"><a id=\"wp-block-file--media-0027f5da-448a-40af-b006-eac5bde147fa\" href=\"https:\/\/integration.luckan.fi\/wp-content\/uploads\/2021\/02\/Bilaga-5_-Workshop-sammanfattning-Vuxnas-integration.pdf\">Workshop sammanfattning: Vuxnas integration 9.10.2019<\/a><\/div>\n\n\n\n<div class=\"wp-block-file\"><a id=\"wp-block-file--media-36cdec59-2879-4e18-b74a-1fd3a12b9576\" href=\"https:\/\/integration.luckan.fi\/wp-content\/uploads\/2021\/02\/Bilaga-6_-Workshop-sammanfattning_-Barn-och-unga-.pdf\">Workshop sammanfattning: Barn och unga 23.9.2019<\/a><\/div>\n\n\n\n<div class=\"wp-block-file\"><a id=\"wp-block-file--media-3b2d95b4-9938-43d0-bf53-3c2e7dc4fd84\" href=\"https:\/\/integration.luckan.fi\/wp-content\/uploads\/2021\/02\/Bilaga-7_-Summary-of-workshop_-Defining-the-needs_-challenges-and-best-practices-23.8.2019.pdf\">Workshop sammanfattning: Defining the needs, <br \/>challenges and best practices 23.8.2019<\/a><\/div>\n<\/div>\n<\/div>\n\n\n\n<div style=\"height:5px\" aria-hidden=\"true\" class=\"wp-block-spacer\"><\/div>\n\n\n\n<div class=\"wp-block-media-text has-media-on-the-right is-stacked-on-mobile is-image-fill-element\"><div class=\"wp-block-media-text__content\">\n<h1 id=\"kompetenscentret-for-svensk-integration\" class=\"wp-block-heading\">Kompetenscentret f\u00f6r svensk integration<\/h1>\n\n\n\n<h4 id=\"competence-center-for-swedish-integration\" class=\"wp-block-heading\"><em>Competence Center for Swedish integration<\/em><\/h4>\n\n\n\n<div class=\"wp-block-buttons is-layout-flex wp-block-buttons-is-layout-flex\">\n<div class=\"wp-block-button\"><a class=\"wp-block-button__link wp-element-button\" href=\"https:\/\/integration.luckan.fi\/competence-center\/\">L\u00e4s mer \/ Read more <\/a><\/div>\n<\/div>\n<\/div><figure class=\"wp-block-media-text__media\"><img loading=\"lazy\" decoding=\"async\" width=\"1366\" height=\"1366\" src=\"https:\/\/integration.luckan.fi\/wp-content\/uploads\/2021\/02\/DSC08129-2.jpg\" alt=\"\" class=\"wp-image-14149 size-full\" style=\"object-position:50% 50%\" srcset=\"https:\/\/integration.luckan.fi\/wp-content\/uploads\/2021\/02\/DSC08129-2.jpg 1366w, https:\/\/integration.luckan.fi\/wp-content\/uploads\/2021\/02\/DSC08129-2-200x200.jpg 200w, https:\/\/integration.luckan.fi\/wp-content\/uploads\/2021\/02\/DSC08129-2-600x600.jpg 600w, https:\/\/integration.luckan.fi\/wp-content\/uploads\/2021\/02\/DSC08129-2-768x768.jpg 768w\" sizes=\"auto, (max-width: 1366px) 100vw, 1366px\" \/><\/figure><\/div>\n\n\n\n<div style=\"height:2px\" aria-hidden=\"true\" class=\"wp-block-spacer\"><\/div>\n\n\n\n<h3 class=\"wp-block-heading has-text-align-center\" id=\"kompetenscentret-for-svensk-integration\"><strong>Kompetenscentret f\u00f6r svensk integration<\/strong>&nbsp;<\/h3>\n\n\n\n<div class=\"wp-block-columns is-layout-flex wp-container-core-columns-is-layout-d0b3c9c8 wp-block-columns-is-layout-flex\">\n<div class=\"wp-block-column is-layout-flow wp-block-column-is-layout-flow\">\n<p class=\"has-text-align-center has-small-font-size\"><strong>Veronica Hertzberg<br \/><\/strong>Project Manager<br \/>veronica.hertzberg(at)luckan.fi<br \/>+358 50 581 9924<\/p>\n\n\n\n<p class=\"has-text-align-center has-small-font-size\"><\/p>\n<\/div>\n\n\n\n<div class=\"wp-block-column is-layout-flow wp-block-column-is-layout-flow\">\n<p class=\"has-text-align-center has-small-font-size\"><strong>Julia Qesteri<\/strong><br \/>Coordinator for StigIn 2 <br \/>julia.qesteri (at)luckan.fi<br \/>+358 50 307 5768<\/p>\n\n\n\n<p class=\"has-text-align-center has-small-font-size\"><\/p>\n<\/div>\n<\/div>\n","protected":false},"excerpt":{"rendered":"<p>H\u00e4r kan du ladda ner strategin i pdf-form Bilagorna finns l\u00e4ngre ner p\u00e5 sidan. Strategian suomenkielinen versio alkaa sivulta 39. Strategian englanninkielinen versio alkaa sivulta 63. Luckan Integration har arbetat fram en strategi med 15 \u00e5tg\u00e4rder f\u00f6r att st\u00e4rka svensk integration i huvudstadsregionen. Visionen \u00e4r att f\u00f6rb\u00e4ttra den svenska integrationen s\u00e5 att.... <a class=\"more-link\" href=\"https:\/\/integration.luckan.fi\/fi\/competence-center\/strategi\/\">Jatka lukemista <span class=\"screen-reader-text\">Strategi<\/span><\/a><\/p>","protected":false},"author":2,"featured_media":14274,"parent":10462,"menu_order":1,"comment_status":"closed","ping_status":"closed","template":"tw-no-title.php","meta":{"om_disable_all_campaigns":false,"inline_featured_image":false,"ghostkit_customizer_options":"","ghostkit_custom_css":"","ghostkit_custom_js_head":"","ghostkit_custom_js_foot":"","ghostkit_typography":"","_monsterinsights_skip_tracking":false,"_monsterinsights_sitenote_active":false,"_monsterinsights_sitenote_note":"","_monsterinsights_sitenote_category":0,"cybocfi_hide_featured_image":"","footnotes":""},"class_list":["post-13949","page","type-page","status-publish","has-post-thumbnail","hentry","entry"],"aioseo_notices":[],"featured_image_src":"https:\/\/integration.luckan.fi\/wp-content\/uploads\/2021\/03\/Omslag.jpg","_links":{"self":[{"href":"https:\/\/integration.luckan.fi\/fi\/wp-json\/wp\/v2\/pages\/13949","targetHints":{"allow":["GET"]}}],"collection":[{"href":"https:\/\/integration.luckan.fi\/fi\/wp-json\/wp\/v2\/pages"}],"about":[{"href":"https:\/\/integration.luckan.fi\/fi\/wp-json\/wp\/v2\/types\/page"}],"author":[{"embeddable":true,"href":"https:\/\/integration.luckan.fi\/fi\/wp-json\/wp\/v2\/users\/2"}],"replies":[{"embeddable":true,"href":"https:\/\/integration.luckan.fi\/fi\/wp-json\/wp\/v2\/comments?post=13949"}],"version-history":[{"count":34,"href":"https:\/\/integration.luckan.fi\/fi\/wp-json\/wp\/v2\/pages\/13949\/revisions"}],"predecessor-version":[{"id":24347,"href":"https:\/\/integration.luckan.fi\/fi\/wp-json\/wp\/v2\/pages\/13949\/revisions\/24347"}],"up":[{"embeddable":true,"href":"https:\/\/integration.luckan.fi\/fi\/wp-json\/wp\/v2\/pages\/10462"}],"wp:featuredmedia":[{"embeddable":true,"href":"https:\/\/integration.luckan.fi\/fi\/wp-json\/wp\/v2\/media\/14274"}],"wp:attachment":[{"href":"https:\/\/integration.luckan.fi\/fi\/wp-json\/wp\/v2\/media?parent=13949"}],"curies":[{"name":"wp","href":"https:\/\/api.w.org\/{rel}","templated":true}]}}