{"id":18210,"date":"2021-08-19T15:50:07","date_gmt":"2021-08-19T12:50:07","guid":{"rendered":"https:\/\/integration.luckan.fi\/?page_id=18210"},"modified":"2021-08-19T15:50:09","modified_gmt":"2021-08-19T12:50:09","slug":"integrating-in-swedish-welcome-fi","status":"publish","type":"page","link":"https:\/\/integration.luckan.fi\/fi\/integrating-in-swedish-welcome-fi\/","title":{"rendered":"Integrointi ruotsiksi-welcome.fi"},"content":{"rendered":"<p>Olemme nyt k\u00e4ynnist\u00e4neet sivustomme <a rel=\"noreferrer noopener\" href=\"https:\/\/integration.luckan.fi\/integratinginswedish\/\" target=\"_blank\">welcome.fi <\/a>joka on t\u00e4ynn\u00e4 tietoa kaikesta ruotsalaisesta p\u00e4\u00e4kaupunkiseudulla. Jos etsit <a rel=\"noreferrer noopener\" href=\"https:\/\/integration.luckan.fi\/swedishcourses\" target=\"_blank\">Ruotsin kielen kurssit<\/a>, ruotsinkielisi\u00e4 ty\u00f6mahdollisuuksia tai miss\u00e4 on l\u00e4hin ruotsinkielinen koulu kotiisi, welcome.fi on paikka, josta kannattaa aloittaa. <br \/>Tervetuloa tapahtumaamme noin <a rel=\"noreferrer noopener\" href=\"https:\/\/fb.me\/e\/2xgw2dvxF\" target=\"_blank\">Ruotsin mahdollisuudet p\u00e4\u00e4kaupunkiseudulla<\/a> 24. elokuuta. Siell\u00e4 esittelemme welcome.fi:n edelleen. Ilmoittaudu osoitteessa welcome@luckan.fi ja l\u00e4het\u00e4mme sinulle linkin 23. p\u00e4iv\u00e4.<\/p>","protected":false},"excerpt":{"rendered":"<p>Olemme nyt avanneet sivuston welcome.fi, joka on t\u00e4ynn\u00e4 tietoa kaikesta p\u00e4\u00e4kaupunkiseudun ruotsalaisesta. Jos etsit ruotsin kielen kursseja, ruotsinkielisi\u00e4 ty\u00f6mahdollisuuksia tai sit\u00e4, miss\u00e4 on l\u00e4hin ruotsinkielinen koulu kotiisi, welcome.fi on paikka, josta kannattaa aloittaa. Tervetuloa tapahtumaamme ruotsin kielen mahdollisuuksista... <a class=\"more-link\" href=\"https:\/\/integration.luckan.fi\/fi\/integrating-in-swedish-welcome-fi\/\">Jatka lukemista <span class=\"screen-reader-text\">Integrointi ruotsiksi-welcome.fi<\/span><\/a><\/p>","protected":false},"author":1,"featured_media":18211,"parent":0,"menu_order":0,"comment_status":"closed","ping_status":"closed","template":"","meta":{"om_disable_all_campaigns":false,"inline_featured_image":false,"ghostkit_customizer_options":"","ghostkit_custom_css":"","ghostkit_custom_js_head":"","ghostkit_custom_js_foot":"","ghostkit_typography":"","_monsterinsights_skip_tracking":false,"_monsterinsights_sitenote_active":false,"_monsterinsights_sitenote_note":"","_monsterinsights_sitenote_category":0,"cybocfi_hide_featured_image":"","footnotes":""},"class_list":["post-18210","page","type-page","status-publish","has-post-thumbnail","hentry","entry"],"aioseo_notices":[],"featured_image_src":"https:\/\/integration.luckan.fi\/wp-content\/uploads\/2021\/08\/Ska\u0308rmavbild-2021-08-19-kl.-15.49.37.png","_links":{"self":[{"href":"https:\/\/integration.luckan.fi\/fi\/wp-json\/wp\/v2\/pages\/18210","targetHints":{"allow":["GET"]}}],"collection":[{"href":"https:\/\/integration.luckan.fi\/fi\/wp-json\/wp\/v2\/pages"}],"about":[{"href":"https:\/\/integration.luckan.fi\/fi\/wp-json\/wp\/v2\/types\/page"}],"author":[{"embeddable":true,"href":"https:\/\/integration.luckan.fi\/fi\/wp-json\/wp\/v2\/users\/1"}],"replies":[{"embeddable":true,"href":"https:\/\/integration.luckan.fi\/fi\/wp-json\/wp\/v2\/comments?post=18210"}],"version-history":[{"count":1,"href":"https:\/\/integration.luckan.fi\/fi\/wp-json\/wp\/v2\/pages\/18210\/revisions"}],"predecessor-version":[{"id":19820,"href":"https:\/\/integration.luckan.fi\/fi\/wp-json\/wp\/v2\/pages\/18210\/revisions\/19820"}],"wp:featuredmedia":[{"embeddable":true,"href":"https:\/\/integration.luckan.fi\/fi\/wp-json\/wp\/v2\/media\/18211"}],"wp:attachment":[{"href":"https:\/\/integration.luckan.fi\/fi\/wp-json\/wp\/v2\/media?parent=18210"}],"curies":[{"name":"wp","href":"https:\/\/api.w.org\/{rel}","templated":true}]}}