{"id":19780,"date":"2022-05-12T11:49:45","date_gmt":"2022-05-12T08:49:45","guid":{"rendered":"https:\/\/integration.luckan.fi\/?page_id=19780"},"modified":"2022-12-22T10:32:37","modified_gmt":"2022-12-22T08:32:37","slug":"become-a-mentor","status":"publish","type":"page","link":"https:\/\/integration.luckan.fi\/fi\/mentoring-networking\/fika-light\/become-a-mentor\/","title":{"rendered":"Tule mentoriksi"},"content":{"rendered":"<div class=\"wp-block-group alignfull has-background\" style=\"background-color:#ffc23f\"><div class=\"wp-block-group__inner-container is-layout-flow wp-block-group-is-layout-flow\">\n<h2 class=\"wp-block-heading\" id=\"become-a-mentor\">Tule mentoriksi<\/h2>\n\n\n\n<p class=\"has-medium-font-size\">Voit hakea mentoriksi, jos:<\/p>\n\n\n\n<ul class=\"has-medium-font-size wp-block-list\">\n<li>olet asunut Suomessa jo jonkin aikaa ja tunnet olevasi vakiintunut t\u00e4nne.<\/li>\n\n\n\n<li>haluat tavata uusia ihmisi\u00e4 ja jakaa kokemuksiasi.<\/li>\n\n\n\n<li>asut p\u00e4\u00e4kaupunkiseudulla&nbsp;<\/li>\n<\/ul>\n<\/div><\/div>\n\n\n\n<div style=\"height:36px\" aria-hidden=\"true\" class=\"wp-block-spacer\"><\/div>\n\n\n\n<p>Rekister\u00f6inti on p\u00e4\u00e4ttynyt. Kiitos kaikille, jotka hakivat ja osallistuivat ohjelmaan! <\/p>\n\n\n\n<h3 class=\"wp-block-heading\" id=\"if-you-have-any-questions-feel-free-to-contact-fika-luckan-fi\">Jos sinulla on kysytt\u00e4v\u00e4\u00e4, ota rohkeasti yhteytt\u00e4 osoitteeseen&nbsp;<em>fika@luckan.fi<\/em>.<\/h3>","protected":false},"excerpt":{"rendered":"<p>Become a mentor You can apply to be a mentor if: Registrations are closed. Thank you to everyone who applied and were part of the programme! If you have any questions, feel free to contact&nbsp;fika@luckan.fi.<\/p>","protected":false},"author":1,"featured_media":0,"parent":19685,"menu_order":0,"comment_status":"closed","ping_status":"closed","template":"tw-header-transparent.php","meta":{"om_disable_all_campaigns":false,"inline_featured_image":false,"ghostkit_customizer_options":"","ghostkit_custom_css":"","ghostkit_custom_js_head":"","ghostkit_custom_js_foot":"","ghostkit_typography":"","_monsterinsights_skip_tracking":false,"_monsterinsights_sitenote_active":false,"_monsterinsights_sitenote_note":"","_monsterinsights_sitenote_category":0,"cybocfi_hide_featured_image":"","footnotes":""},"class_list":["post-19780","page","type-page","status-publish","hentry","entry"],"aioseo_notices":[],"featured_image_src":null,"_links":{"self":[{"href":"https:\/\/integration.luckan.fi\/fi\/wp-json\/wp\/v2\/pages\/19780","targetHints":{"allow":["GET"]}}],"collection":[{"href":"https:\/\/integration.luckan.fi\/fi\/wp-json\/wp\/v2\/pages"}],"about":[{"href":"https:\/\/integration.luckan.fi\/fi\/wp-json\/wp\/v2\/types\/page"}],"author":[{"embeddable":true,"href":"https:\/\/integration.luckan.fi\/fi\/wp-json\/wp\/v2\/users\/1"}],"replies":[{"embeddable":true,"href":"https:\/\/integration.luckan.fi\/fi\/wp-json\/wp\/v2\/comments?post=19780"}],"version-history":[{"count":15,"href":"https:\/\/integration.luckan.fi\/fi\/wp-json\/wp\/v2\/pages\/19780\/revisions"}],"predecessor-version":[{"id":20473,"href":"https:\/\/integration.luckan.fi\/fi\/wp-json\/wp\/v2\/pages\/19780\/revisions\/20473"}],"up":[{"embeddable":true,"href":"https:\/\/integration.luckan.fi\/fi\/wp-json\/wp\/v2\/pages\/19685"}],"wp:attachment":[{"href":"https:\/\/integration.luckan.fi\/fi\/wp-json\/wp\/v2\/media?parent=19780"}],"curies":[{"name":"wp","href":"https:\/\/api.w.org\/{rel}","templated":true}]}}