{"id":20727,"date":"2023-06-08T10:19:55","date_gmt":"2023-06-08T07:19:55","guid":{"rendered":"https:\/\/integration.luckan.fi\/?page_id=20727"},"modified":"2026-01-30T15:35:44","modified_gmt":"2026-01-30T13:35:44","slug":"peer-support-group","status":"publish","type":"page","link":"https:\/\/integration.luckan.fi\/fi\/peer-support-group\/","title":{"rendered":"Vertaistukiryhm\u00e4 kansainv\u00e4lisille ty\u00f6nhakijoille"},"content":{"rendered":"<div class=\"wp-block-media-text alignfull has-media-on-the-right is-stacked-on-mobile is-vertically-aligned-center is-image-fill-element has-background\" style=\"background-color:#ffe1b4;grid-template-columns:auto 56%\"><div class=\"wp-block-media-text__content\">\n<h2 id=\"peer-support-group-for-international-job-seekers\" class=\"wp-block-heading\">Vertaistukiryhm\u00e4 kansainv\u00e4lisille ty\u00f6nhakijoille<\/h2>\n\n\n\n<p class=\"has-medium-font-size\">Vertaisryhm\u00e4mme on suunniteltu tarjoamaan osallistujille helppok\u00e4ytt\u00f6isi\u00e4 ty\u00f6kaluja ja olennaisia taitoja menestymiseen Suomen ty\u00f6markkinoilla. Se j\u00e4rjestet\u00e4\u00e4n kahdesti vuodessa.<\/p>\n\n\n\n<p class=\"has-text-color has-link-color wp-elements-1b3955ec41d1767c3dd88b8b9b410b49\" style=\"color:#eb0a0a\">N.B. Olemme saaneet viime aikoina paljon hakemuksia, joten valitettavasti t\u00e4m\u00e4n kierroksen ilmoittautuminen on p\u00e4\u00e4ttynyt. Kiitos kiinnostuksestasi ja odotamme innolla, ett\u00e4 tapaamme sinut tulevaisuudessa!<\/p>\n<\/div><figure class=\"wp-block-media-text__media\"><img loading=\"lazy\" decoding=\"async\" width=\"1500\" height=\"1000\" src=\"https:\/\/integration.luckan.fi\/wp-content\/uploads\/2023\/09\/Fika_IMG_4520-1500x1000.jpg\" alt=\"\" class=\"wp-image-21643 size-rta_thumb_cropped_1250x808\" style=\"object-position:50% 50%\" srcset=\"https:\/\/integration.luckan.fi\/wp-content\/uploads\/2023\/09\/Fika_IMG_4520-1500x1000.jpg 1500w, https:\/\/integration.luckan.fi\/wp-content\/uploads\/2023\/09\/Fika_IMG_4520-1200x800.jpg 1200w, https:\/\/integration.luckan.fi\/wp-content\/uploads\/2023\/09\/Fika_IMG_4520-450x300.jpg 450w, https:\/\/integration.luckan.fi\/wp-content\/uploads\/2023\/09\/Fika_IMG_4520-768x512.jpg 768w, https:\/\/integration.luckan.fi\/wp-content\/uploads\/2023\/09\/Fika_IMG_4520-1536x1024.jpg 1536w, https:\/\/integration.luckan.fi\/wp-content\/uploads\/2023\/09\/Fika_IMG_4520-2048x1366.jpg 2048w, https:\/\/integration.luckan.fi\/wp-content\/uploads\/2023\/09\/Fika_IMG_4520-18x12.jpg 18w, https:\/\/integration.luckan.fi\/wp-content\/uploads\/2023\/09\/Fika_IMG_4520-200x133.jpg 200w, https:\/\/integration.luckan.fi\/wp-content\/uploads\/2023\/09\/Fika_IMG_4520-150x100.jpg 150w, https:\/\/integration.luckan.fi\/wp-content\/uploads\/2023\/09\/Fika_IMG_4520-1568x1045.jpg 1568w\" sizes=\"auto, (max-width: 1500px) 100vw, 1500px\" \/><\/figure><\/div>\n\n\n\n<div class=\"wp-block-columns alignfull is-layout-flex wp-container-core-columns-is-layout-d0b3c9c8 wp-block-columns-is-layout-flex\">\n<div class=\"wp-block-column is-layout-flow wp-block-column-is-layout-flow\">\n<div class=\"wp-block-media-text alignfull is-stacked-on-mobile is-vertically-aligned-center is-image-fill-element tw-mb-0 tw-mt-0 is-style-default tw-stack-md tw-media-bottom ghostkit-custom-1HRVyj\" style=\"grid-template-columns:48% auto\"><figure class=\"wp-block-media-text__media\"><img loading=\"lazy\" decoding=\"async\" width=\"1500\" height=\"1000\" src=\"https:\/\/integration.luckan.fi\/wp-content\/uploads\/2024\/06\/IMG_6252-1500x1000.jpg\" alt=\"\" class=\"wp-image-22603 size-rta_thumb_cropped_768x497\" style=\"object-position:50% 50%\" srcset=\"https:\/\/integration.luckan.fi\/wp-content\/uploads\/2024\/06\/IMG_6252-1500x1000.jpg 1500w, https:\/\/integration.luckan.fi\/wp-content\/uploads\/2024\/06\/IMG_6252-1200x800.jpg 1200w, https:\/\/integration.luckan.fi\/wp-content\/uploads\/2024\/06\/IMG_6252-450x300.jpg 450w, https:\/\/integration.luckan.fi\/wp-content\/uploads\/2024\/06\/IMG_6252-768x512.jpg 768w, https:\/\/integration.luckan.fi\/wp-content\/uploads\/2024\/06\/IMG_6252-1536x1024.jpg 1536w, https:\/\/integration.luckan.fi\/wp-content\/uploads\/2024\/06\/IMG_6252-2048x1365.jpg 2048w, https:\/\/integration.luckan.fi\/wp-content\/uploads\/2024\/06\/IMG_6252-18x12.jpg 18w, https:\/\/integration.luckan.fi\/wp-content\/uploads\/2024\/06\/IMG_6252-200x133.jpg 200w, https:\/\/integration.luckan.fi\/wp-content\/uploads\/2024\/06\/IMG_6252-150x100.jpg 150w, https:\/\/integration.luckan.fi\/wp-content\/uploads\/2024\/06\/IMG_6252-1568x1045.jpg 1568w\" sizes=\"auto, (max-width: 1500px) 100vw, 1500px\" \/><\/figure><div class=\"wp-block-media-text__content\">\n<h3 id=\"how-does-the-group-work\" class=\"wp-block-heading tw-mt-0 has-h-3-font-size\">Miten ryhm\u00e4 toimii?<\/h3>\n\n\n\n<p>Kymmenen osallistujan ryhm\u00e4 kokoontuu viikoittain v\u00e4hint\u00e4\u00e4n 8 viikon ajan. Jokaisella tapaamiskerralla on fasilitaattori, ja lis\u00e4ksi mukaan kutsutut vieraat ja asiantuntijat jakavat suomalaisiin ty\u00f6markkinoihin, ty\u00f6nhakuun ja rekrytointiin liittyv\u00e4\u00e4 tietoa ja asiantuntemusta. Osallistujat saavat uusia taitoja, rakentavat verkostoja ja saavat yhteyden muihin samankaltaisessa tilanteessa oleviin henkil\u00f6ihin turvallisessa ja kannustavassa ymp\u00e4rist\u00f6ss\u00e4.<\/p>\n<\/div><\/div>\n<\/div>\n<\/div>\n\n\n\n<div class=\"wp-block-columns tw-gutter-large is-layout-flex wp-container-core-columns-is-layout-d0b3c9c8 wp-block-columns-is-layout-flex\">\n<div class=\"wp-block-column is-vertically-aligned-top is-layout-flow wp-block-column-is-layout-flow\">\n<h3 id=\"who-can-join\" class=\"wp-block-heading\">Kuka voi osallistua?<\/h3>\n\n\n\n<p>Voit liitty\u00e4 jos: <\/p>\n\n\n\n<ul class=\"wp-block-list\">\n<li>Voit sitoutua osallistumaan kaikkiin tai useimpiin tapaamisiin<\/li>\n\n\n\n<li>Olet muuttanut Suomeen<\/li>\n\n\n\n<li>Asut p\u00e4\u00e4kaupunkiseudulla (tai sinulla on mahdollisuus osallistua henkil\u00f6kohtaiseen istuntoon Luckanissa Helsingiss\u00e4 tai Grandissa Porvoossa).<\/li>\n\n\n\n<li>Olet t\u00e4ll\u00e4 hetkell\u00e4 rekister\u00f6itynyt ty\u00f6tt\u00f6m\u00e4ksi ty\u00f6nhakijaksi<\/li>\n<\/ul>\n<\/div>\n\n\n\n<div class=\"wp-block-column is-layout-flow wp-block-column-is-layout-flow\">\n<h3 id=\"what-happens-at-the-sessions\" class=\"wp-block-heading\"><strong><\/strong><strong>Mit\u00e4 istunnoissa tapahtuu?<\/strong><\/h3>\n\n\n\n<p class=\"has-text-align-left tw-text-wide\">Istuntojen sis\u00e4lt\u00f6 r\u00e4\u00e4t\u00e4l\u00f6id\u00e4\u00e4n osallistujien erityisten kiinnostuksen kohteiden ja tarpeiden mukaan.<br \/>Keskeisi\u00e4 aiheita ovat:<\/p>\n\n\n\n<p><\/p>\n\n\n\n<ul class=\"wp-block-list\">\n<li>Opit k\u00e4ytt\u00e4m\u00e4\u00e4n keskeisi\u00e4 ty\u00f6kaluja, kuten ansioluetteloa, saatekirjett\u00e4 ja LinkedIn-profiilia.<\/li>\n\n\n\n<li>Jaetaan tietoa Suomen ty\u00f6markkinoista ja ty\u00f6el\u00e4m\u00e4st\u00e4.&nbsp;<\/li>\n\n\n\n<li>Ty\u00f6nhakuprosessin tukeminen ja ty\u00f6nhakuun tutustuminen yhdess\u00e4.<\/li>\n\n\n\n<li>Kokemusten vaihtaminen ja tuen saaminen samankaltaisissa tilanteissa olevilta vertaisilta.<\/li>\n<\/ul>\n<\/div>\n<\/div>\n\n\n\n<p class=\"has-text-align-center wp-block-heading\"><\/p>\n\n\n\n<div class=\"wp-block-group alignfull\"><div class=\"wp-block-group__inner-container is-layout-flow wp-block-group-is-layout-flow\">\n<h3 class=\"wp-block-heading has-text-align-center alignfull\" id=\"feedback-from-our-participants\"><strong>Palaute osallistujilta<\/strong><\/h3>\n\n\n\n<div class=\"ghostkit-grid ghostkit-grid-gap-sm ghostkit-grid-with-bg ghostkit-custom-ZmdFCo\"><div class=\"nk-awb\"><div class=\"nk-awb-wrap\" data-awb-type=\"color\"><div class=\"nk-awb-overlay\" style=\"background-color:#ffe1b4\"><\/div><\/div><\/div><div class=\"ghostkit-grid-inner\">\n<div class=\"ghostkit-col ghostkit-col-md-12 ghostkit-col-6\"><div class=\"ghostkit-col-content is-layout-flow wp-block-ghostkit-grid-column-is-layout-flow\">\n<div class=\"ghostkit-icon-box ghostkit-has-frame ghostkit-custom-1YJiHJ\"><div class=\"ghostkit-icon-box-icon ghostkit-icon-box-icon-align-left\"><svg class=\"ghostkit-svg-icon ghostkit-svg-icon-fa\" aria-hidden=\"true\" role=\"img\" xmlns=\"http:\/\/www.w3.org\/2000\/svg\" viewbox=\"0 0 512 512\"><path fill=\"currentColor\" d=\"M464 256h-80v-64c0-35.3 28.7-64 64-64h8c13.3 0 24-10.7 24-24V56c0-13.3-10.7-24-24-24h-8c-88.4 0-160 71.6-160 160v240c0 26.5 21.5 48 48 48h128c26.5 0 48-21.5 48-48V304c0-26.5-21.5-48-48-48zm-288 0H96v-64c0-35.3 28.7-64 64-64h8c13.3 0 24-10.7 24-24V56c0-13.3-10.7-24-24-24h-8C71.6 32 0 103.6 0 192v240c0 26.5 21.5 48 48 48h128c26.5 0 48-21.5 48-48V304c0-26.5-21.5-48-48-48z\"><\/path><\/svg><\/div><div class=\"ghostkit-icon-box-content is-layout-flow wp-block-ghostkit-icon-box-is-layout-flow\">\n<p class=\"has-medium-font-size\"><em>Tunnen itseni onnekkaaksi, koska olen ollut osa t\u00e4t\u00e4 vertaistukiryhm\u00e4\u00e4 monesta syyst\u00e4. Minulla oli kannustava ja avulias valmentaja, upeita vertaisia, jotka jakoivat ep\u00e4itsekk\u00e4\u00e4sti n\u00e4kemyksi\u00e4\u00e4n ja kokemuksiaan, opin uusia asioita, sain uusia n\u00e4k\u00f6kulmia, sain yhteyden ihmisiin.<\/em><\/p>\n\n\n\n<p class=\"has-medium-font-size\"><em>- Kev\u00e4t 2023<\/em><\/p>\n<\/div><\/div>\n<\/div><\/div>\n\n\n\n<div class=\"ghostkit-col ghostkit-col-md-12 ghostkit-col-6 ghostkit-has-frame ghostkit-custom-A1l4V\"><div class=\"ghostkit-col-content is-layout-flow wp-block-ghostkit-grid-column-is-layout-flow\">\n<div class=\"ghostkit-icon-box ghostkit-has-frame ghostkit-custom-ZoUQIL\"><div class=\"ghostkit-icon-box-icon ghostkit-icon-box-icon-align-left\"><svg class=\"ghostkit-svg-icon ghostkit-svg-icon-fa\" aria-hidden=\"true\" role=\"img\" xmlns=\"http:\/\/www.w3.org\/2000\/svg\" viewbox=\"0 0 512 512\"><path fill=\"currentColor\" d=\"M464 256h-80v-64c0-35.3 28.7-64 64-64h8c13.3 0 24-10.7 24-24V56c0-13.3-10.7-24-24-24h-8c-88.4 0-160 71.6-160 160v240c0 26.5 21.5 48 48 48h128c26.5 0 48-21.5 48-48V304c0-26.5-21.5-48-48-48zm-288 0H96v-64c0-35.3 28.7-64 64-64h8c13.3 0 24-10.7 24-24V56c0-13.3-10.7-24-24-24h-8C71.6 32 0 103.6 0 192v240c0 26.5 21.5 48 48 48h128c26.5 0 48-21.5 48-48V304c0-26.5-21.5-48-48-48z\"><\/path><\/svg><\/div><div class=\"ghostkit-icon-box-content is-layout-flow wp-block-ghostkit-icon-box-is-layout-flow\">\n<p class=\"has-medium-font-size\" style=\"padding-top:0;padding-right:0;padding-bottom:0;padding-left:0\"><em>Erilaisten ty\u00f6el\u00e4m\u00e4taitojen oppiminen n\u00e4iss\u00e4 tapaamisissa on avannut silm\u00e4ni sille, miten paljon on tiedett\u00e4v\u00e4\u00e4 ja mit\u00e4 kaikkea voi tehd\u00e4 ammatillisten n\u00e4kymien parantamiseksi!<\/em><\/p>\n\n\n\n<p class=\"has-medium-font-size\" style=\"padding-top:0;padding-right:0;padding-bottom:0;padding-left:0\"><em>- Kev\u00e4t 2022<\/em><\/p>\n<\/div><\/div>\n<\/div><\/div>\n<\/div><\/div>\n<\/div><\/div>\n\n\n\n<div class=\"wp-block-group alignfull ghostkit-has-frame ghostkit-custom-ZUhClN\"><div class=\"wp-block-group__inner-container is-layout-flow wp-block-group-is-layout-flow\">\n<div style=\"height:5px\" aria-hidden=\"true\" class=\"wp-block-spacer\"><\/div>\n\n\n\n<div class=\"wp-block-buttons alignwide tw-mb-0 is-horizontal is-content-justification-center is-layout-flex wp-container-core-buttons-is-layout-56021f5f wp-block-buttons-is-layout-flex\">\n\n<\/div>\n\n\n\n<div style=\"height:3px\" aria-hidden=\"true\" class=\"wp-block-spacer\"><\/div>\n<\/div><\/div>","protected":false},"excerpt":{"rendered":"<p>Peer Support Group for International Job Seekers Our peer support group is designed to provide participants with accessible tools and essential skills for succeeding on the Finnish job market. It is offered twice a year. N.B. We have received many applications recently and thus, unfortunately, registration for this round has been closed. Thank you for&hellip; <a class=\"more-link\" href=\"https:\/\/integration.luckan.fi\/fi\/peer-support-group\/\">Jatka lukemista <span class=\"screen-reader-text\">Vertaistukiryhm\u00e4 kansainv\u00e4lisille ty\u00f6nhakijoille<\/span><\/a><\/p>","protected":false},"author":1,"featured_media":0,"parent":0,"menu_order":0,"comment_status":"closed","ping_status":"closed","template":"tw-no-title.php","meta":{"om_disable_all_campaigns":false,"inline_featured_image":false,"ghostkit_customizer_options":"","ghostkit_custom_css":"","ghostkit_custom_js_head":"","ghostkit_custom_js_foot":"","ghostkit_typography":"","_monsterinsights_skip_tracking":false,"_monsterinsights_sitenote_active":false,"_monsterinsights_sitenote_note":"","_monsterinsights_sitenote_category":0,"cybocfi_hide_featured_image":"","footnotes":""},"class_list":["post-20727","page","type-page","status-publish","hentry","entry"],"aioseo_notices":[],"featured_image_src":null,"_links":{"self":[{"href":"https:\/\/integration.luckan.fi\/fi\/wp-json\/wp\/v2\/pages\/20727","targetHints":{"allow":["GET"]}}],"collection":[{"href":"https:\/\/integration.luckan.fi\/fi\/wp-json\/wp\/v2\/pages"}],"about":[{"href":"https:\/\/integration.luckan.fi\/fi\/wp-json\/wp\/v2\/types\/page"}],"author":[{"embeddable":true,"href":"https:\/\/integration.luckan.fi\/fi\/wp-json\/wp\/v2\/users\/1"}],"replies":[{"embeddable":true,"href":"https:\/\/integration.luckan.fi\/fi\/wp-json\/wp\/v2\/comments?post=20727"}],"version-history":[{"count":88,"href":"https:\/\/integration.luckan.fi\/fi\/wp-json\/wp\/v2\/pages\/20727\/revisions"}],"predecessor-version":[{"id":24325,"href":"https:\/\/integration.luckan.fi\/fi\/wp-json\/wp\/v2\/pages\/20727\/revisions\/24325"}],"wp:attachment":[{"href":"https:\/\/integration.luckan.fi\/fi\/wp-json\/wp\/v2\/media?parent=20727"}],"curies":[{"name":"wp","href":"https:\/\/api.w.org\/{rel}","templated":true}]}}