{"id":20816,"date":"2023-06-08T13:45:27","date_gmt":"2023-06-08T10:45:27","guid":{"rendered":"https:\/\/integration.luckan.fi\/?page_id=20816"},"modified":"2026-02-02T12:31:18","modified_gmt":"2026-02-02T10:31:18","slug":"peer-support-group-in-english","status":"publish","type":"page","link":"https:\/\/integration.luckan.fi\/fi\/peer-support-group-in-english\/","title":{"rendered":"Vertaistukiryhm\u00e4 englanniksi"},"content":{"rendered":"<div class=\"wp-block-media-text alignfull has-media-on-the-right is-stacked-on-mobile is-image-fill-element has-background\" style=\"background-color:#ffe1b4;grid-template-columns:auto 56%\"><div class=\"wp-block-media-text__content\">\n<h2 id=\"peer-support-group-in-english-helsinki\" class=\"wp-block-heading\">Englanninkielinen vertaistukiryhm\u00e4 (Helsinki)<\/h2>\n\n\n\n<p class=\"wp-block-heading\"><strong>Miksi osallistua t\u00e4h\u00e4n ryhm\u00e4\u00e4n? <\/strong>Ryhm\u00e4n tarkoituksena on tehd\u00e4 ty\u00f6nhaku- ja rekrytointiprosessista helpommin l\u00e4hestytt\u00e4v\u00e4\u00e4 ty\u00f6tt\u00f6mille ty\u00f6nhakijoille, jotka haluavat hankkia keskeiset taidot menesty\u00e4kseen Suomen ty\u00f6markkinoilla. Kymmenen osallistujan ryhm\u00e4 kokoontuu viikoittain v\u00e4hint\u00e4\u00e4n kahdeksan kertaa. Istuntojen sis\u00e4lt\u00f6 r\u00e4\u00e4t\u00e4l\u00f6id\u00e4\u00e4n osallistujien erityisten kiinnostuksen kohteiden ja tarpeiden mukaan. Osallistuminen on maksutonta, ja kaikki istunnot pidet\u00e4\u00e4n englanniksi.<\/p>\n<\/div><figure class=\"wp-block-media-text__media\"><img loading=\"lazy\" decoding=\"async\" width=\"1500\" height=\"1000\" src=\"https:\/\/integration.luckan.fi\/wp-content\/uploads\/2025\/11\/IMG_5972-1500x1000.jpg\" alt=\"\" class=\"wp-image-24178 size-full\" style=\"object-position:50% 50%\" srcset=\"https:\/\/integration.luckan.fi\/wp-content\/uploads\/2025\/11\/IMG_5972-1500x1000.jpg 1500w, https:\/\/integration.luckan.fi\/wp-content\/uploads\/2025\/11\/IMG_5972-1200x800.jpg 1200w, https:\/\/integration.luckan.fi\/wp-content\/uploads\/2025\/11\/IMG_5972-450x300.jpg 450w, https:\/\/integration.luckan.fi\/wp-content\/uploads\/2025\/11\/IMG_5972-768x512.jpg 768w, https:\/\/integration.luckan.fi\/wp-content\/uploads\/2025\/11\/IMG_5972-1536x1024.jpg 1536w, https:\/\/integration.luckan.fi\/wp-content\/uploads\/2025\/11\/IMG_5972-2048x1365.jpg 2048w, https:\/\/integration.luckan.fi\/wp-content\/uploads\/2025\/11\/IMG_5972-18x12.jpg 18w, https:\/\/integration.luckan.fi\/wp-content\/uploads\/2025\/11\/IMG_5972-200x133.jpg 200w, https:\/\/integration.luckan.fi\/wp-content\/uploads\/2025\/11\/IMG_5972-150x100.jpg 150w, https:\/\/integration.luckan.fi\/wp-content\/uploads\/2025\/11\/IMG_5972-1568x1045.jpg 1568w\" sizes=\"auto, (max-width: 1500px) 100vw, 1500px\" \/><\/figure><\/div>\n\n\n\n<div class=\"wp-block-columns is-layout-flex wp-container-core-columns-is-layout-d0b3c9c8 wp-block-columns-is-layout-flex\">\n<div class=\"wp-block-column is-layout-flow wp-block-column-is-layout-flow\">\n<h2 id=\"you-would-be-a-great-fit-for-this-group-if\" class=\"wp-block-heading has-normal-font-size\">Sopisit hyvin t\u00e4h\u00e4n ryhm\u00e4\u00e4n, jos:<\/h2>\n<\/div>\n<\/div>\n\n\n\n<ul class=\"wp-block-list has-medium-font-size\">\n<li class=\"has-normal-font-size\">Olet muuttanut Suomeen&nbsp;<\/li>\n\n\n\n<li class=\"has-normal-font-size\">Asut p\u00e4\u00e4kaupunkiseudulla (tai sinulla on mahdollisuus osallistua henkil\u00f6kohtaisiin istuntoihin Luckanissa Helsingiss\u00e4).&nbsp;<\/li>\n\n\n\n<li class=\"has-normal-font-size\">Olet t\u00e4ll\u00e4 hetkell\u00e4 rekister\u00f6itynyt ty\u00f6tt\u00f6m\u00e4ksi ty\u00f6nhakijaksi&nbsp;<\/li>\n\n\n\n<li class=\"has-normal-font-size\">Voit sitoutua osallistumaan kaikkiin tai useimpiin tapaamisiin<\/li>\n<\/ul>\n\n\n\n<p class=\"has-text-align-left\"><strong>N.B. Olemme saaneet viime aikoina paljon hakemuksia, joten valitettavasti t\u00e4m\u00e4n kierroksen ilmoittautuminen on p\u00e4\u00e4ttynyt. Kiitos kiinnostuksestasi ja odotamme innolla, ett\u00e4 tapaamme sinut tulevaisuudessa!<\/strong><\/p>\n\n\n\n<div class=\"wp-block-columns alignfull is-layout-flex wp-container-core-columns-is-layout-d0b3c9c8 wp-block-columns-is-layout-flex\">\n<div class=\"wp-block-column is-layout-flow wp-block-column-is-layout-flow\">\n<div class=\"wp-block-columns is-layout-flex wp-container-core-columns-is-layout-d0b3c9c8 wp-block-columns-is-layout-flex\">\n<div class=\"wp-block-column is-layout-flow wp-block-column-is-layout-flow\"><\/div>\n<\/div>\n\n\n\n<div style=\"height:20px\" aria-hidden=\"true\" class=\"wp-block-spacer\"><\/div>\n\n\n\n<div class=\"wp-block-group tw-border has-palette-color-3-color has-palette-color-5-background-color has-text-color has-background\"><div class=\"wp-block-group__inner-container is-layout-flow wp-block-group-is-layout-flow\">\n<h4 class=\"wp-block-heading\" id=\"if-you-have-any-questions-don-t-hesitate-to-contact-us\">Jos sinulla on kysytt\u00e4v\u00e4\u00e4, \u00e4l\u00e4 ep\u00e4r\u00f6i ottaa meihin yhteytt\u00e4!<\/h4>\n\n\n\n<p>integration@luckan.fi<br \/>040 4859636<\/p>\n<\/div><\/div>\n<\/div>\n<\/div>","protected":false},"excerpt":{"rendered":"<p>Englanninkielinen vertaistukiryhm\u00e4 (Helsinki) Miksi sinun pit\u00e4isi liitty\u00e4 t\u00e4h\u00e4n ryhm\u00e4\u00e4n? T\u00e4m\u00e4n ryhm\u00e4n tarkoituksena on tehd\u00e4 ty\u00f6nhaku- ja rekrytointiprosesseista helpommin l\u00e4hestytt\u00e4vi\u00e4 ty\u00f6tt\u00f6mille ty\u00f6nhakijoille, jotka haluavat hankkia keskeisi\u00e4 taitoja menesty\u00e4kseen Suomen ty\u00f6markkinoilla. Kymmenen osallistujan ryhm\u00e4 kokoontuu viikoittain v\u00e4hint\u00e4\u00e4n kahdeksan... <a class=\"more-link\" href=\"https:\/\/integration.luckan.fi\/fi\/peer-support-group-in-english\/\">Jatka lukemista <span class=\"screen-reader-text\">Vertaistukiryhm\u00e4 englanniksi<\/span><\/a><\/p>","protected":false},"author":1,"featured_media":24178,"parent":0,"menu_order":0,"comment_status":"closed","ping_status":"closed","template":"tw-no-title.php","meta":{"om_disable_all_campaigns":false,"inline_featured_image":false,"ghostkit_customizer_options":"","ghostkit_custom_css":"","ghostkit_custom_js_head":"","ghostkit_custom_js_foot":"","ghostkit_typography":"","_monsterinsights_skip_tracking":false,"_monsterinsights_sitenote_active":false,"_monsterinsights_sitenote_note":"","_monsterinsights_sitenote_category":0,"cybocfi_hide_featured_image":"","footnotes":""},"class_list":["post-20816","page","type-page","status-publish","has-post-thumbnail","hentry","entry"],"aioseo_notices":[],"featured_image_src":"https:\/\/integration.luckan.fi\/wp-content\/uploads\/2025\/11\/IMG_5972-scaled.jpg","_links":{"self":[{"href":"https:\/\/integration.luckan.fi\/fi\/wp-json\/wp\/v2\/pages\/20816","targetHints":{"allow":["GET"]}}],"collection":[{"href":"https:\/\/integration.luckan.fi\/fi\/wp-json\/wp\/v2\/pages"}],"about":[{"href":"https:\/\/integration.luckan.fi\/fi\/wp-json\/wp\/v2\/types\/page"}],"author":[{"embeddable":true,"href":"https:\/\/integration.luckan.fi\/fi\/wp-json\/wp\/v2\/users\/1"}],"replies":[{"embeddable":true,"href":"https:\/\/integration.luckan.fi\/fi\/wp-json\/wp\/v2\/comments?post=20816"}],"version-history":[{"count":71,"href":"https:\/\/integration.luckan.fi\/fi\/wp-json\/wp\/v2\/pages\/20816\/revisions"}],"predecessor-version":[{"id":24324,"href":"https:\/\/integration.luckan.fi\/fi\/wp-json\/wp\/v2\/pages\/20816\/revisions\/24324"}],"wp:featuredmedia":[{"embeddable":true,"href":"https:\/\/integration.luckan.fi\/fi\/wp-json\/wp\/v2\/media\/24178"}],"wp:attachment":[{"href":"https:\/\/integration.luckan.fi\/fi\/wp-json\/wp\/v2\/media?parent=20816"}],"curies":[{"name":"wp","href":"https:\/\/api.w.org\/{rel}","templated":true}]}}