{"id":21192,"date":"2023-08-29T13:19:40","date_gmt":"2023-08-29T10:19:40","guid":{"rendered":"https:\/\/integration.luckan.fi\/?page_id=21192"},"modified":"2023-08-29T14:20:48","modified_gmt":"2023-08-29T11:20:48","slug":"safer-space","status":"publish","type":"page","link":"https:\/\/integration.luckan.fi\/fi\/safer-space\/","title":{"rendered":"Turvallisemman tilan suuntaviivat"},"content":{"rendered":"<div class=\"wp-block-group\"><div class=\"wp-block-group__inner-container is-layout-constrained wp-block-group-is-layout-constrained\">\n<p>Luckan Integration on sitoutunut noudattamaan turvallisempaa tilaa koskevia ohjeita. Tapahtumissamme, seminaareissamme, ty\u00f6pajoissa ja muissa toimissamme vastustetaan syrjint\u00e4\u00e4, ja noudatamme yhteisesti l\u00f6ydettyj\u00e4 periaatteita ja ohjeita turvallisempien tilojen rakentamiseksi. N\u00e4m\u00e4 ovat ohjeemme turvallisemman tilan rakentamiseksi:<\/p>\n\n\n\n<p>I. TASA-ARVOINEN TILA<\/p>\n\n\n\n<p>- Tapahtumissamme pyrimme olemaan fyysisesti ja sosiaalisesti esteett\u00f6mi\u00e4.<br \/>- Otamme osallistujien erityistarpeet huomioon etuk\u00e4teen.<br \/>- Nollatoleranssi syrjint\u00e4\u00e4 ja vihapuhetta kohtaan.<br \/>- Turvallinen, turvallinen ja viihtyis\u00e4 tila kaikille.<br \/>- Olemme sitoutuneet rasismin, seksismin ja vammaisuuden vastaiseen toimintaan.<br \/>- Kaikissa tapahtumissamme on nimetyt yhteyshenkil\u00f6t, joita osallistujat voivat l\u00e4hesty\u00e4, antaa palautetta tai kertoa syrjivist\u00e4 tai muista h\u00e4iri\u00f6ist\u00e4.<\/p>\n<\/div><\/div>\n\n\n\n<div class=\"wp-block-group\"><div class=\"wp-block-group__inner-container is-layout-constrained wp-block-group-is-layout-constrained\">\n<p>II. OLETUSTEN TARKISTAMINEN<\/p>\n\n\n\n<p>- Emme tee toisistamme oletuksia sukupuolen, terveyden, kykyjen tai muiden stereotypioiden perusteella. Tarvittaessa voit kysy\u00e4. Voidaan esimerkiksi kysy\u00e4, mit\u00e4 sukupuolipronominia kukin osallistuja k\u00e4ytt\u00e4\u00e4?<br \/>- Kohtelemme toisiamme kunnioittavasti ja kunnioittavasti.<br \/>- Olemme normikriittisi\u00e4 ja avoimia palautteelle. S\u00e4\u00e4d\u00e4mme palautteen mukaan.<\/p>\n<\/div><\/div>\n\n\n\n<div class=\"wp-block-group\"><div class=\"wp-block-group__inner-container is-layout-constrained wp-block-group-is-layout-constrained\">\n<p>III. YHTEISYMM\u00c4RRYS JA OIKEUS OLLA OMA ITSENS\u00c4<\/p>\n\n\n\n<p>- Pid\u00e4mme kiinni jokaisen oikeudesta olla osallistumatta turvallisuussyist\u00e4. Kutsumme kaikki osallistumaan, mutta annamme tilaa my\u00f6s kielt\u00e4ytymiselle.<br \/>- Jokainen kohdataan ja kohdellaan yksil\u00f6n\u00e4.<br \/>- Osallistujilla on oikeus ilmaista tunteita toisia kunnioittaen.<br \/>- Osallistujilta pyydet\u00e4\u00e4n lupa tietojen ker\u00e4\u00e4miseen, valokuvien ottamiseen tai tapahtuman muuhun dokumentointiin.<\/p>\n\n\n\n<p>Lis\u00e4tietoja saat osoitteesta integration(at)luckan.fi<\/p>\n<\/div><\/div>","protected":false},"excerpt":{"rendered":"<p>Luckan Integration on sitoutunut noudattamaan turvallisemman tilan ohjeita. Tapahtumissamme, seminaareissamme, ty\u00f6pajoissa ja muissa toimissamme vastustetaan syrjint\u00e4\u00e4, ja noudatamme yhteisesti l\u00f6ydettyj\u00e4 periaatteita ja ohjeita turvallisempien tilojen rakentamiseksi. N\u00e4m\u00e4 ovat ohjeemme turvallisemman tilan rakentamiseksi: I. TASA-ARVOINEN TILA - Tapahtumissamme pyrimme olemaan fyysisesti ja... <a class=\"more-link\" href=\"https:\/\/integration.luckan.fi\/fi\/safer-space\/\">Jatka lukemista <span class=\"screen-reader-text\">Turvallisemman tilan suuntaviivat<\/span><\/a><\/p>","protected":false},"author":1,"featured_media":0,"parent":0,"menu_order":0,"comment_status":"closed","ping_status":"closed","template":"","meta":{"om_disable_all_campaigns":false,"inline_featured_image":false,"ghostkit_customizer_options":"","ghostkit_custom_css":"","ghostkit_custom_js_head":"","ghostkit_custom_js_foot":"","ghostkit_typography":"","_monsterinsights_skip_tracking":false,"_monsterinsights_sitenote_active":false,"_monsterinsights_sitenote_note":"","_monsterinsights_sitenote_category":0,"cybocfi_hide_featured_image":"","footnotes":""},"class_list":["post-21192","page","type-page","status-publish","hentry","entry"],"aioseo_notices":[],"featured_image_src":null,"_links":{"self":[{"href":"https:\/\/integration.luckan.fi\/fi\/wp-json\/wp\/v2\/pages\/21192","targetHints":{"allow":["GET"]}}],"collection":[{"href":"https:\/\/integration.luckan.fi\/fi\/wp-json\/wp\/v2\/pages"}],"about":[{"href":"https:\/\/integration.luckan.fi\/fi\/wp-json\/wp\/v2\/types\/page"}],"author":[{"embeddable":true,"href":"https:\/\/integration.luckan.fi\/fi\/wp-json\/wp\/v2\/users\/1"}],"replies":[{"embeddable":true,"href":"https:\/\/integration.luckan.fi\/fi\/wp-json\/wp\/v2\/comments?post=21192"}],"version-history":[{"count":2,"href":"https:\/\/integration.luckan.fi\/fi\/wp-json\/wp\/v2\/pages\/21192\/revisions"}],"predecessor-version":[{"id":21209,"href":"https:\/\/integration.luckan.fi\/fi\/wp-json\/wp\/v2\/pages\/21192\/revisions\/21209"}],"wp:attachment":[{"href":"https:\/\/integration.luckan.fi\/fi\/wp-json\/wp\/v2\/media?parent=21192"}],"curies":[{"name":"wp","href":"https:\/\/api.w.org\/{rel}","templated":true}]}}