{"id":2159,"date":"2020-01-23T08:25:02","date_gmt":"2020-01-23T08:25:02","guid":{"rendered":"http:\/\/luckan-block-kit.local\/?page_id=2159"},"modified":"2024-06-17T14:38:10","modified_gmt":"2024-06-17T11:38:10","slug":"mentoring-networking","status":"publish","type":"page","link":"https:\/\/integration.luckan.fi\/fi\/mentoring-networking\/","title":{"rendered":"Mentorointi ja verkostoituminen"},"content":{"rendered":"<div class=\"wp-block-media-text alignfull has-media-on-the-right is-stacked-on-mobile is-image-fill has-background\" style=\"background-color:#9decb6;grid-template-columns:auto 56%\"><div class=\"wp-block-media-text__content\">\n<h2 class=\"wp-block-heading\" id=\"expand-your-horizons\"><strong>Laajenna&nbsp;<\/strong>horisontit<\/h2>\n\n\n\n<p>Oletko utelias tapaamaan uusia ihmisi\u00e4? Haluatko laajentaa ammatillisia ja sosiaalisia verkostojasi? Haluatko konkreettista tukea ty\u00f6nhakuun? Luckan tarjoaa useita ohjelmia, jotka tukevat kotoutumista eri tavoin.<\/p>\n\n\n\n<p class=\"has-extra-small-font-size\"><em>Kuva : Juha Valkeajoki \/ Helsingin kaupunki<\/em><\/p>\n<\/div><figure class=\"wp-block-media-text__media\" style=\"background-image:url(https:\/\/integration.luckan.fi\/wp-content\/uploads\/2023\/08\/Hanami2022_JuhaValkeajoki_Sherpa-7-1500x1000.jpg);background-position:50% 50%\"><img loading=\"lazy\" decoding=\"async\" width=\"1500\" height=\"1000\" src=\"https:\/\/integration.luckan.fi\/wp-content\/uploads\/2023\/08\/Hanami2022_JuhaValkeajoki_Sherpa-7-1500x1000.jpg\" alt=\"\" class=\"wp-image-21080 size-full\" srcset=\"https:\/\/integration.luckan.fi\/wp-content\/uploads\/2023\/08\/Hanami2022_JuhaValkeajoki_Sherpa-7-1500x1000.jpg 1500w, https:\/\/integration.luckan.fi\/wp-content\/uploads\/2023\/08\/Hanami2022_JuhaValkeajoki_Sherpa-7-1200x800.jpg 1200w, https:\/\/integration.luckan.fi\/wp-content\/uploads\/2023\/08\/Hanami2022_JuhaValkeajoki_Sherpa-7-450x300.jpg 450w, https:\/\/integration.luckan.fi\/wp-content\/uploads\/2023\/08\/Hanami2022_JuhaValkeajoki_Sherpa-7-768x512.jpg 768w, https:\/\/integration.luckan.fi\/wp-content\/uploads\/2023\/08\/Hanami2022_JuhaValkeajoki_Sherpa-7-1536x1024.jpg 1536w, https:\/\/integration.luckan.fi\/wp-content\/uploads\/2023\/08\/Hanami2022_JuhaValkeajoki_Sherpa-7-2048x1366.jpg 2048w, https:\/\/integration.luckan.fi\/wp-content\/uploads\/2023\/08\/Hanami2022_JuhaValkeajoki_Sherpa-7-18x12.jpg 18w, https:\/\/integration.luckan.fi\/wp-content\/uploads\/2023\/08\/Hanami2022_JuhaValkeajoki_Sherpa-7-200x133.jpg 200w, https:\/\/integration.luckan.fi\/wp-content\/uploads\/2023\/08\/Hanami2022_JuhaValkeajoki_Sherpa-7-150x100.jpg 150w, https:\/\/integration.luckan.fi\/wp-content\/uploads\/2023\/08\/Hanami2022_JuhaValkeajoki_Sherpa-7-1568x1046.jpg 1568w\" sizes=\"auto, (max-width: 1500px) 100vw, 1500px\" \/><\/figure><\/div>\n\n\n\n<div class=\"wp-block-group alignfull has-white-background-color has-background\"><div class=\"wp-block-group__inner-container is-layout-flow wp-block-group-is-layout-flow\">\n<div class=\"alignfull ghostkit-grid ghostkit-grid-gap-md ghostkit-grid-justify-content-center ghostkit-custom-Z1qmgdB\"><div class=\"ghostkit-grid-inner\">\n<div class=\"ghostkit-col ghostkit-col-lg-12 ghostkit-col-4\"><div class=\"ghostkit-col-content is-layout-flow wp-block-ghostkit-grid-column-is-layout-flow\">\n<h2 class=\"wp-block-heading has-palette-color-3-color has-text-color\" id=\"circle\">Ympyr\u00e4<\/h2>\n\n\n\n<div style=\"height:20px\" aria-hidden=\"true\" class=\"wp-block-spacer\"><\/div>\n\n\n\n<p class=\"column-max\">CIRCLE on sosiaalisen verkostoitumisen k\u00e4site, joka kannustaa ihmisi\u00e4 luomaan uusia yhteyksi\u00e4 ja yst\u00e4vi\u00e4.<\/p>\n\n\n\n<div style=\"height:25px\" aria-hidden=\"true\" class=\"wp-block-spacer\"><\/div>\n\n\n\n<p class=\"block-hero_button-2\"><a data-type=\"page\" data-id=\"17069\" href=\"https:\/\/integration.luckan.fi\/circle\/\">Lue lis\u00e4\u00e4<\/a><\/p>\n<\/div><\/div>\n\n\n\n<div class=\"ghostkit-col ghostkit-col-lg-12 ghostkit-col-4\"><div class=\"ghostkit-col-content is-layout-flow wp-block-ghostkit-grid-column-is-layout-flow\">\n<h2 class=\"wp-block-heading\" id=\"fika\">Fika<\/h2>\n\n\n\n<div style=\"height:20px\" aria-hidden=\"true\" class=\"wp-block-spacer\"><\/div>\n\n\n\n<p class=\"column-max\">FIKA on mentorointiohjelma, joka yhdist\u00e4\u00e4 tukea tarvitsevat ihmiset integraatioprosessissaan vapaaehtoisten mentoreiden kanssa, jotka tuntevat itsens\u00e4 sijoittautuneiksi Suomeen.<\/p>\n\n\n\n<div style=\"height:25px\" aria-hidden=\"true\" class=\"wp-block-spacer\"><\/div>\n\n\n\n<p class=\"block-hero_button-2\"><a href=\"https:\/\/integration.luckan.fi\/mentoring-networking\/fika\/\" class=\"ek-link\">Lue lis\u00e4\u00e4<\/a><\/p>\n<\/div><\/div>\n\n\n\n<div class=\"ghostkit-col ghostkit-col-lg-12 ghostkit-col-4\"><div class=\"ghostkit-col-content is-layout-flow wp-block-ghostkit-grid-column-is-layout-flow\">\n<h2 class=\"wp-block-heading\" id=\"peer-support\">Vertaistuki<\/h2>\n\n\n\n<div style=\"height:20px\" aria-hidden=\"true\" class=\"wp-block-spacer\"><\/div>\n\n\n\n<p class=\"column-max\">Vertaistukiryhmiss\u00e4mme kansainv\u00e4liset ty\u00f6nhakijat voivat luoda yhteyksi\u00e4, tutustua Suomen ty\u00f6markkinoihin ja jakaa kokemuksia muiden samankaltaisessa tilanteessa olevien kanssa.<\/p>\n\n\n\n<div style=\"height:25px\" aria-hidden=\"true\" class=\"wp-block-spacer\"><\/div>\n\n\n\n<p class=\"block-hero_button-2\"><a href=\"https:\/\/integration.luckan.fi\/peer-support-groups\/\" title=\"\">Lue lis\u00e4\u00e4<\/a><\/p>\n<\/div><\/div>\n<\/div><\/div>\n<\/div><\/div>","protected":false},"excerpt":{"rendered":"<p>Laajenna horisonttiasi Oletko utelias tapaamaan uusia ihmisi\u00e4? Haluatko laajentaa ammatillisia ja sosiaalisia verkostojasi? Haluatko konkreettista tukea ty\u00f6nhakuun? Luckan tarjoaa useita ohjelmia, jotka tukevat kotoutumista eri tavoin. Kuva : Juha Valkeajoki \/ Helsingin kaupunki Circle CIRCLE on sosiaalisen verkostoitumisen konsepti, joka... <a class=\"more-link\" href=\"https:\/\/integration.luckan.fi\/fi\/mentoring-networking\/\">Jatka lukemista <span class=\"screen-reader-text\">Mentorointi ja verkostoituminen<\/span><\/a><\/p>","protected":false},"author":1,"featured_media":0,"parent":0,"menu_order":0,"comment_status":"closed","ping_status":"closed","template":"tw-no-title.php","meta":{"om_disable_all_campaigns":false,"inline_featured_image":false,"ghostkit_customizer_options":"","ghostkit_custom_css":"","ghostkit_custom_js_head":"","ghostkit_custom_js_foot":"","ghostkit_typography":"","_monsterinsights_skip_tracking":false,"_monsterinsights_sitenote_active":false,"_monsterinsights_sitenote_note":"","_monsterinsights_sitenote_category":0,"cybocfi_hide_featured_image":"","footnotes":""},"class_list":["post-2159","page","type-page","status-publish","hentry","entry"],"aioseo_notices":[],"featured_image_src":null,"_links":{"self":[{"href":"https:\/\/integration.luckan.fi\/fi\/wp-json\/wp\/v2\/pages\/2159","targetHints":{"allow":["GET"]}}],"collection":[{"href":"https:\/\/integration.luckan.fi\/fi\/wp-json\/wp\/v2\/pages"}],"about":[{"href":"https:\/\/integration.luckan.fi\/fi\/wp-json\/wp\/v2\/types\/page"}],"author":[{"embeddable":true,"href":"https:\/\/integration.luckan.fi\/fi\/wp-json\/wp\/v2\/users\/1"}],"replies":[{"embeddable":true,"href":"https:\/\/integration.luckan.fi\/fi\/wp-json\/wp\/v2\/comments?post=2159"}],"version-history":[{"count":36,"href":"https:\/\/integration.luckan.fi\/fi\/wp-json\/wp\/v2\/pages\/2159\/revisions"}],"predecessor-version":[{"id":24036,"href":"https:\/\/integration.luckan.fi\/fi\/wp-json\/wp\/v2\/pages\/2159\/revisions\/24036"}],"wp:attachment":[{"href":"https:\/\/integration.luckan.fi\/fi\/wp-json\/wp\/v2\/media?parent=2159"}],"curies":[{"name":"wp","href":"https:\/\/api.w.org\/{rel}","templated":true}]}}