{"id":21995,"date":"2023-09-29T11:25:40","date_gmt":"2023-09-29T08:25:40","guid":{"rendered":"https:\/\/integration.luckan.fi\/?page_id=21995"},"modified":"2025-12-16T09:29:18","modified_gmt":"2025-12-16T07:29:18","slug":"contact","status":"publish","type":"page","link":"https:\/\/integration.luckan.fi\/fi\/contact\/","title":{"rendered":"Ottaa yhteytt\u00e4"},"content":{"rendered":"<div class=\"wp-block-media-text alignfull has-media-on-the-right is-stacked-on-mobile is-vertically-aligned-center is-image-fill-element has-background tw-stack-md tw-media-bottom\" style=\"background-color:#9decb6;grid-template-columns:auto 60%\"><div class=\"wp-block-media-text__content\">\n<h1 class=\"wp-block-heading tw-mt-0 has-h-2-font-size\" id=\"about-us\">Meist\u00e4<\/h1>\n\n\n\n<p>Vuodesta 2008 l\u00e4htien Luckan Integration on tarjonnut tietoa ja neuvontaa, ty\u00f6pajoja, sosiaalisia tapaamisia ja mentorointia maahanmuuttajille. Palvelumme tavoitteena on voimaannuttaa yksil\u00f6\u00e4 tarjoamalla tietoa ja ohjausta itsen\u00e4isten p\u00e4\u00e4t\u00f6sten tekemiseen. L\u00e4ht\u00f6kohtanamme ovat aina asiakkaan tarpeet. Ty\u00f6skentelemme osallisuuden ja kaksisuuntaisen kotoutumisen puolesta. Uskomme verkostojen voimaan ja uskomme, ett\u00e4 kaikilla osapuolilla on paljon voitettavaa tavatessaan ihmisi\u00e4, joilla on erilainen tausta. Suomi-Ruotsi-j\u00e4rjest\u00f6n\u00e4 tied\u00e4mme, ett\u00e4 on monia tapoja olla suomalainen.<\/p>\n<\/div><figure class=\"wp-block-media-text__media\"><img loading=\"lazy\" decoding=\"async\" width=\"1500\" height=\"1127\" src=\"https:\/\/integration.luckan.fi\/wp-content\/uploads\/2024\/06\/IMG_5227_edited-1-1500x1127.jpg\" alt=\"\" class=\"wp-image-22607 size-rta_thumb_cropped_768x497\" style=\"object-position:50% 50%\" srcset=\"https:\/\/integration.luckan.fi\/wp-content\/uploads\/2024\/06\/IMG_5227_edited-1-1500x1127.jpg 1500w, https:\/\/integration.luckan.fi\/wp-content\/uploads\/2024\/06\/IMG_5227_edited-1-1200x902.jpg 1200w, https:\/\/integration.luckan.fi\/wp-content\/uploads\/2024\/06\/IMG_5227_edited-1-399x300.jpg 399w, https:\/\/integration.luckan.fi\/wp-content\/uploads\/2024\/06\/IMG_5227_edited-1-768x577.jpg 768w, https:\/\/integration.luckan.fi\/wp-content\/uploads\/2024\/06\/IMG_5227_edited-1-1536x1154.jpg 1536w, https:\/\/integration.luckan.fi\/wp-content\/uploads\/2024\/06\/IMG_5227_edited-1-2048x1539.jpg 2048w, https:\/\/integration.luckan.fi\/wp-content\/uploads\/2024\/06\/IMG_5227_edited-1-16x12.jpg 16w, https:\/\/integration.luckan.fi\/wp-content\/uploads\/2024\/06\/IMG_5227_edited-1-200x150.jpg 200w, https:\/\/integration.luckan.fi\/wp-content\/uploads\/2024\/06\/IMG_5227_edited-1-150x113.jpg 150w, https:\/\/integration.luckan.fi\/wp-content\/uploads\/2024\/06\/IMG_5227_edited-1-1568x1178.jpg 1568w\" sizes=\"auto, (max-width: 1500px) 100vw, 1500px\" \/><\/figure><\/div>\n\n\n\n<div style=\"height:35px\" aria-hidden=\"true\" class=\"wp-block-spacer\"><\/div>\n\n\n\n<p>Luckan Integration on osa Luckania, joka on suomenruotsalainen tieto- ja kulttuurikeskus, joka antaa tietoa ruotsalaisista palveluista ja suomenruotsalaisesta yhteis\u00f6st\u00e4: sen kulttuuriel\u00e4m\u00e4st\u00e4, yhdistyksist\u00e4 ja paljon muuta. <\/p>\n\n\n\n<p>Ota meihin yhteytt\u00e4 osoitteessa <strong>040 485 9636<\/strong> tai  <strong>integration@luckan.fi<\/strong><\/p>\n\n\n\n<h2 class=\"wp-block-heading has-text-align-center\" id=\"our-team-1\">Tiimimme<\/h2>\n\n\n\n<div class=\"wp-block-columns alignwide are-vertically-aligned-top is-style-default is-layout-flex wp-container-core-columns-is-layout-d0b3c9c8 wp-block-columns-is-layout-flex\">\n<div class=\"wp-block-column is-vertically-aligned-top is-layout-flow wp-block-column-is-layout-flow\">\n<div class=\"wp-block-columns is-layout-flex wp-container-core-columns-is-layout-d0b3c9c8 wp-block-columns-is-layout-flex\">\n<div class=\"wp-block-column is-layout-flow wp-block-column-is-layout-flow\" style=\"--col-width:33.33%;flex-basis:33.33%\">\n<figure class=\"wp-block-image size-full is-resized is-style-rounded\"><img decoding=\"async\" src=\"https:\/\/helsingfors.luckan.fi\/wp-content\/uploads\/2023\/09\/Hertzberg-Veronica.jpg\" alt=\"\" class=\"wp-image-37315\" style=\"aspect-ratio:1;object-fit:cover;width:115px\"\/><\/figure>\n<\/div>\n\n\n\n<div class=\"wp-block-column is-vertically-aligned-center is-layout-flow wp-block-column-is-layout-flow\" style=\"--col-width:80%;flex-basis:80%\">\n<p class=\"has-extra-small-font-size\"><strong>Veronica Hertzberg<br \/><\/strong>Ryhm\u00e4njohtaja \/ Luckan Integration<br \/>veronica.hertzberg@luckan.fi  <br \/>+358 50 581 9924<\/p>\n<\/div>\n<\/div>\n<\/div>\n\n\n\n<div class=\"wp-block-column is-vertically-aligned-top is-layout-flow wp-block-column-is-layout-flow\">\n<div class=\"wp-block-columns is-layout-flex wp-container-core-columns-is-layout-d0b3c9c8 wp-block-columns-is-layout-flex\">\n<div class=\"wp-block-column is-layout-flow wp-block-column-is-layout-flow\" style=\"--col-width:33.33%;flex-basis:33.33%\">\n<figure class=\"wp-block-image size-full is-resized is-style-rounded\"><img decoding=\"async\" src=\"https:\/\/helsingfors.luckan.fi\/wp-content\/uploads\/2023\/09\/Byoma-Tamrakar.jpg\" alt=\"\" class=\"wp-image-37291\" style=\"aspect-ratio:1;object-fit:cover;width:115px;height:auto\"\/><\/figure>\n<\/div>\n\n\n\n<div class=\"wp-block-column is-vertically-aligned-center is-layout-flow wp-block-column-is-layout-flow\" style=\"--col-width:80%;flex-basis:80%\">\n<p class=\"has-extra-small-font-size\"><strong>Byoma Tamrakar<br \/><\/strong>Integraatiokoordinaattori \/ p\u00e4\u00e4kaupunkiseutu<br \/>byoma.tamrakar@luckan.fi  <br \/>+358 40 165 9616<\/p>\n<\/div>\n<\/div>\n<\/div>\n\n\n\n<div class=\"wp-block-column is-layout-flow wp-block-column-is-layout-flow\">\n<div class=\"wp-block-columns is-layout-flex wp-container-core-columns-is-layout-d0b3c9c8 wp-block-columns-is-layout-flex\">\n<div class=\"wp-block-column is-layout-flow wp-block-column-is-layout-flow\" style=\"--col-width:33.33%;flex-basis:33.33%\">\n<figure class=\"wp-block-image size-full is-resized is-style-rounded\"><img loading=\"lazy\" decoding=\"async\" width=\"512\" height=\"512\" src=\"https:\/\/integration.luckan.fi\/wp-content\/uploads\/2023\/09\/cropped-cropped-Luckan-Logo-Light.jpg\" alt=\"\" class=\"wp-image-21752\" style=\"aspect-ratio:1;object-fit:cover;width:115px\" srcset=\"https:\/\/integration.luckan.fi\/wp-content\/uploads\/2023\/09\/cropped-cropped-Luckan-Logo-Light.jpg 512w, https:\/\/integration.luckan.fi\/wp-content\/uploads\/2023\/09\/cropped-cropped-Luckan-Logo-Light-300x300.jpg 300w, https:\/\/integration.luckan.fi\/wp-content\/uploads\/2023\/09\/cropped-cropped-Luckan-Logo-Light-12x12.jpg 12w, https:\/\/integration.luckan.fi\/wp-content\/uploads\/2023\/09\/cropped-cropped-Luckan-Logo-Light-200x200.jpg 200w, https:\/\/integration.luckan.fi\/wp-content\/uploads\/2023\/09\/cropped-cropped-Luckan-Logo-Light-150x150.jpg 150w, https:\/\/integration.luckan.fi\/wp-content\/uploads\/2023\/09\/cropped-cropped-Luckan-Logo-Light-270x270.jpg 270w, https:\/\/integration.luckan.fi\/wp-content\/uploads\/2023\/09\/cropped-cropped-Luckan-Logo-Light-192x192.jpg 192w, https:\/\/integration.luckan.fi\/wp-content\/uploads\/2023\/09\/cropped-cropped-Luckan-Logo-Light-180x180.jpg 180w, https:\/\/integration.luckan.fi\/wp-content\/uploads\/2023\/09\/cropped-cropped-Luckan-Logo-Light-32x32.jpg 32w\" sizes=\"auto, (max-width: 512px) 100vw, 512px\" \/><\/figure>\n<\/div>\n\n\n\n<div class=\"wp-block-column is-vertically-aligned-center is-layout-flow wp-block-column-is-layout-flow\" style=\"--col-width:80%;flex-basis:80%\">\n<p class=\"has-extra-small-font-size\"><strong>Amanda <br \/><\/strong>CIRKELN-koordinaattori \/ p\u00e4\u00e4kaupunkiseutu<br \/>amanda@luckan.fi <br \/>+358 50 356 6661<\/p>\n<\/div>\n<\/div>\n<\/div>\n<\/div>\n\n\n\n<div class=\"wp-block-columns alignwide are-vertically-aligned-top is-style-default is-layout-flex wp-container-core-columns-is-layout-d0b3c9c8 wp-block-columns-is-layout-flex\">\n<div class=\"wp-block-column is-vertically-aligned-top is-layout-flow wp-block-column-is-layout-flow\">\n<div class=\"wp-block-columns is-layout-flex wp-container-core-columns-is-layout-d0b3c9c8 wp-block-columns-is-layout-flex\">\n<div class=\"wp-block-column is-layout-flow wp-block-column-is-layout-flow\" style=\"--col-width:33.33%;flex-basis:33.33%\">\n<figure class=\"wp-block-image size-large is-resized is-style-rounded\"><img decoding=\"async\" src=\"https:\/\/helsingfors.luckan.fi\/wp-content\/uploads\/2023\/09\/DG-2-1024x1024.jpg\" alt=\"\" class=\"wp-image-37319\" style=\"aspect-ratio:1;object-fit:cover;width:115px\"\/><\/figure>\n<\/div>\n\n\n\n<div class=\"wp-block-column is-vertically-aligned-center is-layout-flow wp-block-column-is-layout-flow\" style=\"--col-width:80%;flex-basis:80%\">\n<p class=\"has-extra-small-font-size\"><strong>Dina Grigoreva<br \/><\/strong>Integraatiokoordinaattori \/ p\u00e4\u00e4kaupunkiseutu<br \/>dina.grigoreva@luckan.fi  <br \/>+358 40 147 1874<\/p>\n<\/div>\n<\/div>\n<\/div>\n\n\n\n<div class=\"wp-block-column is-layout-flow wp-block-column-is-layout-flow\">\n<div class=\"wp-block-columns is-layout-flex wp-container-core-columns-is-layout-d0b3c9c8 wp-block-columns-is-layout-flex\">\n<div class=\"wp-block-column is-layout-flow wp-block-column-is-layout-flow\" style=\"--col-width:33.33%;flex-basis:33.33%\">\n<figure class=\"wp-block-image size-large is-resized is-style-rounded\"><img decoding=\"async\" src=\"https:\/\/helsingfors.luckan.fi\/wp-content\/uploads\/2023\/09\/Ramona-Larsen-1024x1024.jpg\" alt=\"\" class=\"wp-image-37298\" style=\"aspect-ratio:1;object-fit:cover;width:110px;height:auto\"\/><\/figure>\n<\/div>\n\n\n\n<div class=\"wp-block-column is-vertically-aligned-center is-layout-flow wp-block-column-is-layout-flow\" style=\"--col-width:80%;flex-basis:80%\">\n<p class=\"has-extra-small-font-size\"><strong>Ramona Larsen<br \/><\/strong>FIKA-koordinaattori \/ p\u00e4\u00e4kaupunkiseutu<br \/>ramona.larsen@luckan.fi <br \/>+358 50 514 2992<\/p>\n<\/div>\n<\/div>\n<\/div>\n\n\n\n<div class=\"wp-block-column is-layout-flow wp-block-column-is-layout-flow\">\n<div class=\"wp-block-columns is-layout-flex wp-container-core-columns-is-layout-d0b3c9c8 wp-block-columns-is-layout-flex\">\n<div class=\"wp-block-column is-layout-flow wp-block-column-is-layout-flow\" style=\"--col-width:33.33%;flex-basis:33.33%\">\n<figure class=\"wp-block-image size-full is-resized is-style-rounded\"><img decoding=\"async\" src=\"https:\/\/helsingfors.luckan.fi\/wp-content\/uploads\/2023\/09\/Julia-Qesteri-1.jpg\" alt=\"\" class=\"wp-image-37317\" style=\"aspect-ratio:1;object-fit:cover;width:115px\"\/><\/figure>\n<\/div>\n\n\n\n<div class=\"wp-block-column is-vertically-aligned-center is-layout-flow wp-block-column-is-layout-flow\" style=\"--col-width:80%;flex-basis:80%\">\n<p class=\"has-extra-small-font-size\"><strong>Julia Qesteri<br \/><\/strong>Projektikoordinaattori \/ JobBuddies<br \/>julia.qesteri@luckan.fi <br \/>+358 50 307 5768<\/p>\n<\/div>\n<\/div>\n<\/div>\n<\/div>\n\n\n\n<div class=\"wp-block-columns alignwide are-vertically-aligned-top is-style-default is-layout-flex wp-container-core-columns-is-layout-d0b3c9c8 wp-block-columns-is-layout-flex\">\n<div class=\"wp-block-column is-layout-flow wp-block-column-is-layout-flow\">\n<div class=\"wp-block-columns is-layout-flex wp-container-core-columns-is-layout-d0b3c9c8 wp-block-columns-is-layout-flex\">\n<div class=\"wp-block-column is-layout-flow wp-block-column-is-layout-flow\" style=\"--col-width:33.33%;flex-basis:33.33%\">\n<figure class=\"wp-block-image size-large is-resized is-style-rounded\"><img loading=\"lazy\" decoding=\"async\" width=\"1500\" height=\"1500\" src=\"https:\/\/integration.luckan.fi\/wp-content\/uploads\/2025\/11\/CF-7-2-1500x1500.jpg\" alt=\"\" class=\"wp-image-24196\" style=\"aspect-ratio:1;object-fit:cover;width:115px\" srcset=\"https:\/\/integration.luckan.fi\/wp-content\/uploads\/2025\/11\/CF-7-2-1500x1500.jpg 1500w, https:\/\/integration.luckan.fi\/wp-content\/uploads\/2025\/11\/CF-7-2-1000x1000.jpg 1000w, https:\/\/integration.luckan.fi\/wp-content\/uploads\/2025\/11\/CF-7-2-300x300.jpg 300w, https:\/\/integration.luckan.fi\/wp-content\/uploads\/2025\/11\/CF-7-2-768x768.jpg 768w, https:\/\/integration.luckan.fi\/wp-content\/uploads\/2025\/11\/CF-7-2-1536x1536.jpg 1536w, https:\/\/integration.luckan.fi\/wp-content\/uploads\/2025\/11\/CF-7-2-2048x2048.jpg 2048w, https:\/\/integration.luckan.fi\/wp-content\/uploads\/2025\/11\/CF-7-2-12x12.jpg 12w, https:\/\/integration.luckan.fi\/wp-content\/uploads\/2025\/11\/CF-7-2-200x200.jpg 200w, https:\/\/integration.luckan.fi\/wp-content\/uploads\/2025\/11\/CF-7-2-150x150.jpg 150w, https:\/\/integration.luckan.fi\/wp-content\/uploads\/2025\/11\/CF-7-2-1568x1568.jpg 1568w\" sizes=\"auto, (max-width: 1500px) 100vw, 1500px\" \/><\/figure>\n<\/div>\n\n\n\n<div class=\"wp-block-column is-vertically-aligned-center is-layout-flow wp-block-column-is-layout-flow\" style=\"--col-width:80%;flex-basis:80%\">\n<p class=\"has-extra-small-font-size\"><strong>Cecilia Fewster<br \/><\/strong>Integraatiokoordinaattori \/ p\u00e4\u00e4kaupunkiseutu<br \/>cecilia.fewster@luckan.fi<br \/>+358 50 313 2134<\/p>\n<\/div>\n<\/div>\n<\/div>\n\n\n\n<div class=\"wp-block-column is-vertically-aligned-top is-layout-flow wp-block-column-is-layout-flow\">\n<div class=\"wp-block-columns is-layout-flex wp-container-core-columns-is-layout-d0b3c9c8 wp-block-columns-is-layout-flex\">\n<div class=\"wp-block-column is-vertically-aligned-top is-layout-flow wp-block-column-is-layout-flow\" style=\"--col-width:33.33%;flex-basis:33.33%\">\n<figure class=\"wp-block-image size-full is-resized is-style-rounded\"><img loading=\"lazy\" decoding=\"async\" width=\"1178\" height=\"1178\" src=\"https:\/\/integration.luckan.fi\/wp-content\/uploads\/2023\/09\/Luckan_C_LI.png\" alt=\"\" class=\"wp-image-21763\" style=\"aspect-ratio:1;object-fit:cover;width:115px\" srcset=\"https:\/\/integration.luckan.fi\/wp-content\/uploads\/2023\/09\/Luckan_C_LI.png 1178w, https:\/\/integration.luckan.fi\/wp-content\/uploads\/2023\/09\/Luckan_C_LI-1000x1000.png 1000w, https:\/\/integration.luckan.fi\/wp-content\/uploads\/2023\/09\/Luckan_C_LI-300x300.png 300w, https:\/\/integration.luckan.fi\/wp-content\/uploads\/2023\/09\/Luckan_C_LI-768x768.png 768w, https:\/\/integration.luckan.fi\/wp-content\/uploads\/2023\/09\/Luckan_C_LI-12x12.png 12w, https:\/\/integration.luckan.fi\/wp-content\/uploads\/2023\/09\/Luckan_C_LI-200x200.png 200w, https:\/\/integration.luckan.fi\/wp-content\/uploads\/2023\/09\/Luckan_C_LI-150x150.png 150w\" sizes=\"auto, (max-width: 1178px) 100vw, 1178px\" \/><\/figure>\n<\/div>\n\n\n\n<div class=\"wp-block-column is-vertically-aligned-center is-layout-flow wp-block-column-is-layout-flow\" style=\"--col-width:80%;flex-basis:80%\">\n<p class=\"has-extra-small-font-size\"><strong>Philip<br \/><\/strong>Projektikoordinaattori \/ JobBuddies<br \/>philip@luckan.fi <br \/>+358 50 557 9299<\/p>\n<\/div>\n<\/div>\n<\/div>\n\n\n\n<div class=\"wp-block-column is-vertically-aligned-top is-layout-flow wp-block-column-is-layout-flow\">\n<div class=\"wp-block-columns is-layout-flex wp-container-core-columns-is-layout-d0b3c9c8 wp-block-columns-is-layout-flex\">\n<div class=\"wp-block-column is-layout-flow wp-block-column-is-layout-flow\" style=\"--col-width:33.33%;flex-basis:33.33%\">\n<figure class=\"wp-block-image size-large is-resized is-style-rounded\"><img loading=\"lazy\" decoding=\"async\" width=\"1072\" height=\"1500\" src=\"https:\/\/integration.luckan.fi\/wp-content\/uploads\/2022\/09\/Karlova-Ekaterina-1072x1500.jpg\" alt=\"\" class=\"wp-image-21238\" style=\"aspect-ratio:1;object-fit:cover;width:115px\"\/><\/figure>\n<\/div>\n\n\n\n<div class=\"wp-block-column is-vertically-aligned-center is-layout-flow wp-block-column-is-layout-flow\" style=\"--col-width:80%;flex-basis:80%\">\n<p class=\"has-extra-small-font-size\"><strong>Katerina Karlova<br \/><\/strong>Integraatiokoordinaattori \/ Borg\u00e5<br \/>katerina.karlova@luckan.fi <br \/>+358 50 521 0093<\/p>\n<\/div>\n<\/div>\n<\/div>\n<\/div>\n\n\n\n<div class=\"wp-block-columns alignwide are-vertically-aligned-top is-style-default is-layout-flex wp-container-core-columns-is-layout-d0b3c9c8 wp-block-columns-is-layout-flex\">\n<div class=\"wp-block-column is-vertically-aligned-top is-layout-flow wp-block-column-is-layout-flow\">\n<div class=\"wp-block-columns is-layout-flex wp-container-core-columns-is-layout-d0b3c9c8 wp-block-columns-is-layout-flex\">\n<div class=\"wp-block-column is-vertically-aligned-top is-layout-flow wp-block-column-is-layout-flow\" style=\"--col-width:33.33%;flex-basis:33.33%\">\n<figure class=\"wp-block-image size-full is-resized is-style-rounded\"><img decoding=\"async\" src=\"https:\/\/helsingfors.luckan.fi\/wp-content\/uploads\/2023\/09\/Solveig-Osterlund.jpg\" alt=\"\" class=\"wp-image-37301\" style=\"aspect-ratio:1;object-fit:cover;width:115px\"\/><\/figure>\n<\/div>\n\n\n\n<div class=\"wp-block-column is-vertically-aligned-center is-layout-flow wp-block-column-is-layout-flow\" style=\"--col-width:80%;flex-basis:80%\">\n<p class=\"has-extra-small-font-size\"><strong>Solveig \u00d6sterlund<br \/><\/strong>Integraatiokoordinaattori \/ p\u00e4\u00e4kaupunkiseutu<br \/>Ty\u00f6vapaalla syyskuuhun 2026 asti<\/p>\n<\/div>\n<\/div>\n<\/div>\n\n\n\n<div class=\"wp-block-column is-layout-flow wp-block-column-is-layout-flow\">\n<div class=\"wp-block-columns is-layout-flex wp-container-core-columns-is-layout-d0b3c9c8 wp-block-columns-is-layout-flex\">\n<div class=\"wp-block-column is-layout-flow wp-block-column-is-layout-flow\" style=\"--col-width:33.33%;flex-basis:33.33%\">\n<figure class=\"wp-block-image size-full is-resized is-style-rounded\"><img loading=\"lazy\" decoding=\"async\" width=\"1178\" height=\"1178\" src=\"https:\/\/integration.luckan.fi\/wp-content\/uploads\/2023\/09\/Luckan_C_LI.png\" alt=\"\" class=\"wp-image-21763\" style=\"aspect-ratio:1;object-fit:cover;width:115px\" srcset=\"https:\/\/integration.luckan.fi\/wp-content\/uploads\/2023\/09\/Luckan_C_LI.png 1178w, https:\/\/integration.luckan.fi\/wp-content\/uploads\/2023\/09\/Luckan_C_LI-1000x1000.png 1000w, https:\/\/integration.luckan.fi\/wp-content\/uploads\/2023\/09\/Luckan_C_LI-300x300.png 300w, https:\/\/integration.luckan.fi\/wp-content\/uploads\/2023\/09\/Luckan_C_LI-768x768.png 768w, https:\/\/integration.luckan.fi\/wp-content\/uploads\/2023\/09\/Luckan_C_LI-12x12.png 12w, https:\/\/integration.luckan.fi\/wp-content\/uploads\/2023\/09\/Luckan_C_LI-200x200.png 200w, https:\/\/integration.luckan.fi\/wp-content\/uploads\/2023\/09\/Luckan_C_LI-150x150.png 150w\" sizes=\"auto, (max-width: 1178px) 100vw, 1178px\" \/><\/figure>\n<\/div>\n\n\n\n<div class=\"wp-block-column is-vertically-aligned-center is-layout-flow wp-block-column-is-layout-flow\" style=\"--col-width:80%;flex-basis:80%\">\n<p class=\"has-extra-small-font-size\"><strong>Damir Nuriev<br \/><\/strong>Harjoittelija \/ tapahtuma-assistentti<br \/>damir.nuriev@luckan.fi<br \/>+358 50 548 6408<\/p>\n<\/div>\n<\/div>\n<\/div>\n\n\n\n<div class=\"wp-block-column is-vertically-aligned-top is-layout-flow wp-block-column-is-layout-flow\">\n<div class=\"wp-block-columns is-layout-flex wp-container-core-columns-is-layout-d0b3c9c8 wp-block-columns-is-layout-flex\">\n<div class=\"wp-block-column is-layout-flow wp-block-column-is-layout-flow\" style=\"--col-width:33.33%;flex-basis:33.33%\"><\/div>\n\n\n\n<div class=\"wp-block-column is-vertically-aligned-center is-layout-flow wp-block-column-is-layout-flow\" style=\"--col-width:80%;flex-basis:80%\">\n<p class=\"has-extra-small-font-size\"><\/p>\n<\/div>\n<\/div>\n<\/div>\n<\/div>\n\n\n\n<p><\/p>","protected":false},"excerpt":{"rendered":"<p>Tietoa meist\u00e4 Luckan Integration on tarjonnut vuodesta 2008 l\u00e4htien tietoa ja neuvontaa, ty\u00f6pajoja, sosiaalisia tapaamisia ja mentorointia maahanmuuttajille. Palvelumme tavoitteena on voimaannuttaa yksil\u00f6\u00e4 tarjoamalla tietoa ja ohjausta itsen\u00e4isten p\u00e4\u00e4t\u00f6sten tekemiseen. L\u00e4ht\u00f6kohtanamme ovat aina asiakkaan tarpeet. Ty\u00f6skentelemme osallisuuden ja kaksisuuntaisen kotoutumisen puolesta. Uskomme... <a class=\"more-link\" href=\"https:\/\/integration.luckan.fi\/fi\/contact\/\">Jatka lukemista <span class=\"screen-reader-text\">Ottaa yhteytt\u00e4<\/span><\/a><\/p>","protected":false},"author":1,"featured_media":0,"parent":0,"menu_order":0,"comment_status":"closed","ping_status":"closed","template":"tw-no-title.php","meta":{"om_disable_all_campaigns":false,"inline_featured_image":false,"ghostkit_customizer_options":"","ghostkit_custom_css":"","ghostkit_custom_js_head":"","ghostkit_custom_js_foot":"","ghostkit_typography":"","_monsterinsights_skip_tracking":false,"_monsterinsights_sitenote_active":false,"_monsterinsights_sitenote_note":"","_monsterinsights_sitenote_category":0,"cybocfi_hide_featured_image":"","footnotes":""},"class_list":["post-21995","page","type-page","status-publish","hentry","entry"],"aioseo_notices":[],"featured_image_src":null,"_links":{"self":[{"href":"https:\/\/integration.luckan.fi\/fi\/wp-json\/wp\/v2\/pages\/21995","targetHints":{"allow":["GET"]}}],"collection":[{"href":"https:\/\/integration.luckan.fi\/fi\/wp-json\/wp\/v2\/pages"}],"about":[{"href":"https:\/\/integration.luckan.fi\/fi\/wp-json\/wp\/v2\/types\/page"}],"author":[{"embeddable":true,"href":"https:\/\/integration.luckan.fi\/fi\/wp-json\/wp\/v2\/users\/1"}],"replies":[{"embeddable":true,"href":"https:\/\/integration.luckan.fi\/fi\/wp-json\/wp\/v2\/comments?post=21995"}],"version-history":[{"count":33,"href":"https:\/\/integration.luckan.fi\/fi\/wp-json\/wp\/v2\/pages\/21995\/revisions"}],"predecessor-version":[{"id":24252,"href":"https:\/\/integration.luckan.fi\/fi\/wp-json\/wp\/v2\/pages\/21995\/revisions\/24252"}],"wp:attachment":[{"href":"https:\/\/integration.luckan.fi\/fi\/wp-json\/wp\/v2\/media?parent=21995"}],"curies":[{"name":"wp","href":"https:\/\/api.w.org\/{rel}","templated":true}]}}