{"id":2324,"date":"2020-01-27T14:07:28","date_gmt":"2020-01-27T14:07:28","guid":{"rendered":"http:\/\/luckan-block-kit.local\/?page_id=2324"},"modified":"2026-01-26T11:56:29","modified_gmt":"2026-01-26T09:56:29","slug":"looking-for-a-mentor","status":"publish","type":"page","link":"https:\/\/integration.luckan.fi\/fi\/mentoring-networking\/fika\/looking-for-a-mentor\/","title":{"rendered":"HANKI OMA MENTORISI"},"content":{"rendered":"<div class=\"wp-block-media-text alignfull has-media-on-the-right is-stacked-on-mobile is-image-fill-element has-blue-background-color has-background\" style=\"grid-template-columns:auto 56%\"><div class=\"wp-block-media-text__content\">\n<h2 class=\"wp-block-heading alignwide\" id=\"get-your-own-mentor\">Hanki oma mentorisi<\/h2>\n\n\n\n<p>Voit hakea mentoria, jos:<\/p>\n\n\n\n<ul class=\"wp-block-list\">\n<li>olet muuttanut Suomeen<\/li>\n\n\n\n<li>haluat tavata jonkun Suomeen vakiintuneen henkil\u00f6n ja vaihtaa kokemuksia, seurustella, harjoitella suomea, ruotsia tai englantia tai saada tukea ty\u00f6nhakuun.<\/li>\n\n\n\n<li>olet valmis tapaamaan parisi 3 kertaa kuukaudessa 6 kuukauden ajan.<\/li>\n\n\n\n<li>asut p\u00e4\u00e4kaupunkiseudulla<\/li>\n<\/ul>\n\n\n\n<div class=\"wp-block-buttons tw-md-hidden tw-lg-hidden tw-sm-hidden is-layout-flex wp-block-buttons-is-layout-flex\">\n<div class=\"wp-block-button\"><a class=\"wp-block-button__link wp-element-button\" href=\"https:\/\/app.kople.io\/luckan-integration\/fika-mentorship\/mentee?openModal\" target=\"_blank\" rel=\"noreferrer noopener\">Rekister\u00f6idy t\u00e4\u00e4ll\u00e4!<\/a><\/div>\n<\/div>\n<\/div><figure class=\"wp-block-media-text__media\"><img loading=\"lazy\" decoding=\"async\" width=\"1500\" height=\"1000\" src=\"https:\/\/integration.luckan.fi\/wp-content\/uploads\/2024\/06\/IMG_5319-1-1500x1000.jpg\" alt=\"\" class=\"wp-image-22598 size-full\" style=\"object-position:50% 50%\" srcset=\"https:\/\/integration.luckan.fi\/wp-content\/uploads\/2024\/06\/IMG_5319-1-1500x1000.jpg 1500w, https:\/\/integration.luckan.fi\/wp-content\/uploads\/2024\/06\/IMG_5319-1-1200x800.jpg 1200w, https:\/\/integration.luckan.fi\/wp-content\/uploads\/2024\/06\/IMG_5319-1-450x300.jpg 450w, https:\/\/integration.luckan.fi\/wp-content\/uploads\/2024\/06\/IMG_5319-1-768x512.jpg 768w, https:\/\/integration.luckan.fi\/wp-content\/uploads\/2024\/06\/IMG_5319-1-1536x1024.jpg 1536w, https:\/\/integration.luckan.fi\/wp-content\/uploads\/2024\/06\/IMG_5319-1-2048x1365.jpg 2048w, https:\/\/integration.luckan.fi\/wp-content\/uploads\/2024\/06\/IMG_5319-1-18x12.jpg 18w, https:\/\/integration.luckan.fi\/wp-content\/uploads\/2024\/06\/IMG_5319-1-200x133.jpg 200w, https:\/\/integration.luckan.fi\/wp-content\/uploads\/2024\/06\/IMG_5319-1-150x100.jpg 150w, https:\/\/integration.luckan.fi\/wp-content\/uploads\/2024\/06\/IMG_5319-1-1568x1045.jpg 1568w\" sizes=\"auto, (max-width: 1500px) 100vw, 1500px\" \/><\/figure><\/div>\n\n\n\n<div style=\"height:3px\" aria-hidden=\"true\" class=\"wp-block-spacer\"><\/div>\n\n\n\n<div class=\"wp-block-columns alignfull is-layout-flex wp-container-core-columns-is-layout-d0b3c9c8 wp-block-columns-is-layout-flex\">\n<div class=\"wp-block-column is-layout-flow wp-block-column-is-layout-flow\">\n<div class=\"wp-block-columns is-layout-flex wp-container-core-columns-is-layout-d0b3c9c8 wp-block-columns-is-layout-flex\">\n<div class=\"wp-block-column is-layout-flow wp-block-column-is-layout-flow\">\n<h3 id=\"what-do-i-get-from-the-mentoring-program\" class=\"wp-block-heading\"><strong>Mit\u00e4 saan mentorointiohjelmasta?<\/strong> <\/h3>\n\n\n\n<p>Osallistumalla saat mahdollisuuden henkil\u00f6kohtaiseen kehittymiseen kokemusten vaihdon kautta oman mentorisi kanssa. Mentori on henkil\u00f6, joka voi auttaa sinua l\u00f6yt\u00e4m\u00e4\u00e4n tiesi suomalaisessa yhteiskunnassa. Yhdess\u00e4 tapaatte omatoimisesti 6 kuukauden ajan. Tavoitteistasi riippuen mentorisi voi tukea sinua ruotsin tai suomen kielen taitosi parantamisessa, antaa vinkkej\u00e4 ty\u00f6nhakuun ja verkostoitumiseen tai antaa vinkkej\u00e4 hy\u00f6dyllisist\u00e4 palveluista ja mielenkiintoisista tapahtumista. <\/p>\n<\/div>\n\n\n\n<div class=\"wp-block-column is-layout-flow wp-block-column-is-layout-flow\">\n<h3 id=\"what-do-i-need-to-participate\" class=\"wp-block-heading\"><strong>Mit\u00e4 tarvitsen osallistuakseni?<\/strong><\/h3>\n\n\n\n<p>Sinun on oltava motivoitunut ja kiinnostunut tapaamaan uusia ihmisi\u00e4. On hy\u00f6dyllist\u00e4, jos tied\u00e4t, mit\u00e4 haluat kysy\u00e4 mentoriltasi ja mihin haluat keskitty\u00e4 yhdess\u00e4. On t\u00e4rke\u00e4\u00e4, ett\u00e4 voit sitoutua tapaamaan mentoriasi 3 kertaa kuukaudessa 6 kuukauden ajan. Sinulla on my\u00f6s oltava oleskelulupa.<\/p>\n<\/div>\n\n\n\n<div class=\"wp-block-column is-layout-flow wp-block-column-is-layout-flow\">\n<h3 id=\"how-are-pairs-supported-by-luckan\" class=\"wp-block-heading\"><strong>Miten Luckan tukee pareja?<\/strong><\/h3>\n\n\n\n<p>Ennen kuin tapaat parisi ensimm\u00e4ist\u00e4 kertaa, sinulle esitell\u00e4\u00e4n teht\u00e4v\u00e4si oppilaana. Luckan yhdist\u00e4\u00e4 parit kiinnostuksen kohteiden ja taustojen mukaan. Tarjoamme my\u00f6s materiaalia, ideoita aktiviteetteihin ja neuvontaa, jos vaikeita kysymyksi\u00e4 ilmenee.<\/p>\n<\/div>\n<\/div>\n<\/div>\n<\/div>\n\n\n\n<div class=\"wp-block-group alignfull has-blue-background-color has-background\"><div class=\"wp-block-group__inner-container is-layout-constrained wp-block-group-is-layout-constrained\">\n<h2 id=\"faq\" class=\"wp-block-heading\">FAQ<\/h2>\n\n\n\n<div class=\"ghostkit-accordion ghostkit-accordion-9\">\n<div class=\"ghostkit-accordion-item\"><a href=\"#accordion-what-is-a-mentoring-programme\" class=\"ghostkit-accordion-item-heading\"><span class=\"ghostkit-accordion-item-label\"><strong>MIK\u00c4 ON MENTOROINTIOHJELMA?<\/strong><\/span><span class=\"ghostkit-accordion-item-collapse\"><svg class=\"ghostkit-svg-icon\" width=\"24\" height=\"24\" viewbox=\"0 0 24 24\" fill=\"none\" xmlns=\"http:\/\/www.w3.org\/2000\/svg\"><path d=\"M9.21967 6.2197C9.51256 5.9268 9.98744 5.9268 10.2803 6.2197L15.5303 11.4697C15.8232 11.7626 15.8232 12.2374 15.5303 12.5303L10.2803 17.7803C9.98744 18.0732 9.51256 18.0732 9.21967 17.7803C8.92678 17.4874 8.92678 17.0126 9.21967 16.7197L13.9393 12L9.21967 7.2803C8.92678 6.9874 8.92678 6.5126 9.21967 6.2197Z\" fill=\"currentColor\"><\/path><\/svg><\/span><\/a><div class=\"ghostkit-accordion-item-content is-layout-flow wp-block-ghostkit-accordion-item-is-layout-flow\">\n<p>Mentorointiohjelmassa <strong>mentori<\/strong> - joka on kokeneempi tietyll\u00e4 alalla - jakaa k\u00e4yt\u00e4nn\u00f6n tiet\u00e4myksens\u00e4 ja auttaa ohjaamaan <strong>Mentee<\/strong> - joku, joka tarvitsee neuvoja ja tukea t\u00e4ll\u00e4 alalla.<\/p>\n<\/div><\/div>\n\n\n\n<div class=\"ghostkit-accordion-item\"><a href=\"#accordionwhat-is-needed-to-participate\" class=\"ghostkit-accordion-item-heading\"><span class=\"ghostkit-accordion-item-label\"><strong>MIT\u00c4 OSALLISTUMINEN EDELLYTT\u00c4\u00c4?<\/strong><\/span><span class=\"ghostkit-accordion-item-collapse\"><svg class=\"ghostkit-svg-icon\" width=\"24\" height=\"24\" viewbox=\"0 0 24 24\" fill=\"none\" xmlns=\"http:\/\/www.w3.org\/2000\/svg\"><path d=\"M9.21967 6.2197C9.51256 5.9268 9.98744 5.9268 10.2803 6.2197L15.5303 11.4697C15.8232 11.7626 15.8232 12.2374 15.5303 12.5303L10.2803 17.7803C9.98744 18.0732 9.51256 18.0732 9.21967 17.7803C8.92678 17.4874 8.92678 17.0126 9.21967 16.7197L13.9393 12L9.21967 7.2803C8.92678 6.9874 8.92678 6.5126 9.21967 6.2197Z\" fill=\"currentColor\"><\/path><\/svg><\/span><\/a><div class=\"ghostkit-accordion-item-content is-layout-flow wp-block-ghostkit-accordion-item-is-layout-flow\">\n<p>Tulevaisuuden <strong>Mentee<\/strong> sinun on oltava motivoitunut ja kiinnostunut tapaamaan uusia ihmisi\u00e4. Lis\u00e4ksi sinulla on oltava oleskelulupa. Sinun on asetettava omat tavoitteesi sille, mit\u00e4 haluat saavuttaa ohjelman aikana, otettava vastaan rakentavaa palautetta, hyv\u00e4ksytt\u00e4v\u00e4 ehdotuksia ja neuvoja sek\u00e4 oltava avoin uusille ideoille ja muutoksille.<\/p>\n\n\n\n<p>Tulevaisuuden <strong>mentori<\/strong> sinun on oltava valmis tukemaan vapaaehtoisena jotakuta, joka tarvitsee apua suomalaiseen yhteiskuntaan integroitumisessa. Mit\u00e4\u00e4n erityist\u00e4 kokemusta tai tietoa ei tarvita, vain avoin mieli ja kiinnostus tutustua uuteen ihmiseen. <\/p>\n\n\n\n<p>Sek\u00e4 mentorin ett\u00e4 mentoroitavan on voitava sitoutua 6 kuukaudeksi ja tavattava 3 kertaa kuukaudessa.<\/p>\n\n\n\n<p><\/p>\n<\/div><\/div>\n\n\n\n<div class=\"ghostkit-accordion-item\"><a href=\"#accordion-how-long-is-the-programme\" class=\"ghostkit-accordion-item-heading\"><span class=\"ghostkit-accordion-item-label\"><strong>KUINKA PITK\u00c4 OHJELMA ON?<\/strong><\/span><span class=\"ghostkit-accordion-item-collapse\"><svg class=\"ghostkit-svg-icon\" width=\"24\" height=\"24\" viewbox=\"0 0 24 24\" fill=\"none\" xmlns=\"http:\/\/www.w3.org\/2000\/svg\"><path d=\"M9.21967 6.2197C9.51256 5.9268 9.98744 5.9268 10.2803 6.2197L15.5303 11.4697C15.8232 11.7626 15.8232 12.2374 15.5303 12.5303L10.2803 17.7803C9.98744 18.0732 9.51256 18.0732 9.21967 17.7803C8.92678 17.4874 8.92678 17.0126 9.21967 16.7197L13.9393 12L9.21967 7.2803C8.92678 6.9874 8.92678 6.5126 9.21967 6.2197Z\" fill=\"currentColor\"><\/path><\/svg><\/span><\/a><div class=\"ghostkit-accordion-item-content is-layout-flow wp-block-ghostkit-accordion-item-is-layout-flow\">\n<p>Mentorointijakso kest\u00e4\u00e4 6 kuukautta ensimm\u00e4isest\u00e4 tapaamisesta. T\u00e4n\u00e4 aikana tapaat mentorisi\/mentoroitavasi noin 3 kertaa kuukaudessa.<\/p>\n<\/div><\/div>\n\n\n\n<div class=\"ghostkit-accordion-item\"><a href=\"#accordion-how-can-mentoring-be-helpful-for-me\" class=\"ghostkit-accordion-item-heading\"><span class=\"ghostkit-accordion-item-label\"><strong>MITEN MENTOROINNISTA VOI OLLA MINULLE HY\u00d6TY\u00c4?<\/strong><\/span><span class=\"ghostkit-accordion-item-collapse\"><svg class=\"ghostkit-svg-icon\" width=\"24\" height=\"24\" viewbox=\"0 0 24 24\" fill=\"none\" xmlns=\"http:\/\/www.w3.org\/2000\/svg\"><path d=\"M9.21967 6.2197C9.51256 5.9268 9.98744 5.9268 10.2803 6.2197L15.5303 11.4697C15.8232 11.7626 15.8232 12.2374 15.5303 12.5303L10.2803 17.7803C9.98744 18.0732 9.51256 18.0732 9.21967 17.7803C8.92678 17.4874 8.92678 17.0126 9.21967 16.7197L13.9393 12L9.21967 7.2803C8.92678 6.9874 8.92678 6.5126 9.21967 6.2197Z\" fill=\"currentColor\"><\/path><\/svg><\/span><\/a><div class=\"ghostkit-accordion-item-content is-layout-flow wp-block-ghostkit-accordion-item-is-layout-flow\">\n<p><strong>Menteen\u00e4<\/strong> saat henkil\u00f6kohtaista neuvontaa ja tukea joltain, joka v\u00e4litt\u00e4\u00e4. Lis\u00e4\u00e4t sosiaalista itseluottamustasi, kehit\u00e4t strategioita henkil\u00f6kohtaisten ja sosiaalisten ongelmiesi k\u00e4sittelyyn, m\u00e4\u00e4rittelet tavoitteesi ja luot suuntaa, saat arvokasta tietoa el\u00e4m\u00e4si tai urasi seuraavasta vaiheesta, saat uusia yst\u00e4vi\u00e4 ja laajennat verkostoasi.<\/p>\n\n\n\n<p>Tapaamisissa mentorisi - suomalaisessa yhteiskunnassa hyvin vakiintuneen henkil\u00f6n - kanssa voit saada tukea ty\u00f6nhakuun ja k\u00e4yt\u00e4nn\u00f6n neuvoja sosiaaliseen el\u00e4m\u00e4\u00e4n ja kotoutumiseen liittyen, harjoitella suomen tai ruotsin kielt\u00e4 ja saada hy\u00f6dyllist\u00e4 tietoa el\u00e4m\u00e4st\u00e4 Suomessa.&nbsp;<\/p>\n\n\n\n<p><strong>Mentorina<\/strong> olet silta menteen ja suomalaisen yhteiskunnan v\u00e4lill\u00e4, joka on menteelle uusi. Voit antaa neuvoja ty\u00f6nhakuun, kieleen ja kotoutumisprosessiin liittyviss\u00e4 asioissa sek\u00e4 opastaa, motivoida, antaa henkist\u00e4 tukea ja toimia roolimallina. Autat menteet\u00e4 asettamaan selke\u00e4t tavoitteet ja kehitt\u00e4m\u00e4\u00e4n strategioita menteen henkil\u00f6kohtaisten ja sosiaalisten ongelmien k\u00e4sittelyyn.&nbsp;<\/p>\n\n\n\n<p>Mentorina sinulla on mahdollisuus parantaa viestint\u00e4- ja henkil\u00f6kohtaisia taitojasi, vahvistaa omia nykyisi\u00e4 taitojasi ja tietojasi, saada tunnustusta taidoistasi ja kokemuksestasi sek\u00e4 parantaa ansioluetteloasi osallistumalla vapaaehtoistoimintaan. Lis\u00e4ksi kasvatat yst\u00e4v\u00e4piiri\u00e4si ja opit tuntemaan uutta kulttuuria.<\/p>\n<\/div><\/div>\n\n\n\n<div class=\"ghostkit-accordion-item\"><a href=\"#accordioncan-i-choose-my-mentormentee\" class=\"ghostkit-accordion-item-heading\"><span class=\"ghostkit-accordion-item-label\"><strong>VOINKO VALITA MENTORINI\/MENTOROITAVANI?<\/strong><\/span><span class=\"ghostkit-accordion-item-collapse\"><svg class=\"ghostkit-svg-icon\" width=\"24\" height=\"24\" viewbox=\"0 0 24 24\" fill=\"none\" xmlns=\"http:\/\/www.w3.org\/2000\/svg\"><path d=\"M9.21967 6.2197C9.51256 5.9268 9.98744 5.9268 10.2803 6.2197L15.5303 11.4697C15.8232 11.7626 15.8232 12.2374 15.5303 12.5303L10.2803 17.7803C9.98744 18.0732 9.51256 18.0732 9.21967 17.7803C8.92678 17.4874 8.92678 17.0126 9.21967 16.7197L13.9393 12L9.21967 7.2803C8.92678 6.9874 8.92678 6.5126 9.21967 6.2197Z\" fill=\"currentColor\"><\/path><\/svg><\/span><\/a><div class=\"ghostkit-accordion-item-content is-layout-flow wp-block-ghostkit-accordion-item-is-layout-flow\">\n<p>Ei. FIKA-koordinaattori muodostaa mentorin ja mentoroitavan parin mentoroitavan tarpeiden ja vaatimusten sek\u00e4 mentorin resurssien perusteella.<\/p>\n<\/div><\/div>\n\n\n\n<div class=\"ghostkit-accordion-item\"><a href=\"#accordion-if-i-apply-am-i-guaranteed-to-get-a-mentormentee\" class=\"ghostkit-accordion-item-heading\"><span class=\"ghostkit-accordion-item-label\"><strong>JOS HAEN, SAANKO VARMASTI MENTORIN\/MENTORIN?<\/strong><\/span><span class=\"ghostkit-accordion-item-collapse\"><svg class=\"ghostkit-svg-icon\" width=\"24\" height=\"24\" viewbox=\"0 0 24 24\" fill=\"none\" xmlns=\"http:\/\/www.w3.org\/2000\/svg\"><path d=\"M9.21967 6.2197C9.51256 5.9268 9.98744 5.9268 10.2803 6.2197L15.5303 11.4697C15.8232 11.7626 15.8232 12.2374 15.5303 12.5303L10.2803 17.7803C9.98744 18.0732 9.51256 18.0732 9.21967 17.7803C8.92678 17.4874 8.92678 17.0126 9.21967 16.7197L13.9393 12L9.21967 7.2803C8.92678 6.9874 8.92678 6.5126 9.21967 6.2197Z\" fill=\"currentColor\"><\/path><\/svg><\/span><\/a><div class=\"ghostkit-accordion-item-content is-layout-flow wp-block-ghostkit-accordion-item-is-layout-flow\">\n<p>T\u00e4ll\u00e4 hetkell\u00e4 emme voi taata, ett\u00e4 kaikki ohjelmaan hakeneet saavat mentorin\/mentorin.<\/p>\n<\/div><\/div>\n\n\n\n<div class=\"ghostkit-accordion-item\"><a href=\"#accordionhow-does-it-work-in-practice\" class=\"ghostkit-accordion-item-heading\"><span class=\"ghostkit-accordion-item-label\"><strong>MITEN SE TOIMII K\u00c4YT\u00c4NN\u00d6SS\u00c4?<\/strong><\/span><span class=\"ghostkit-accordion-item-collapse\"><svg class=\"ghostkit-svg-icon\" width=\"24\" height=\"24\" viewbox=\"0 0 24 24\" fill=\"none\" xmlns=\"http:\/\/www.w3.org\/2000\/svg\"><path d=\"M9.21967 6.2197C9.51256 5.9268 9.98744 5.9268 10.2803 6.2197L15.5303 11.4697C15.8232 11.7626 15.8232 12.2374 15.5303 12.5303L10.2803 17.7803C9.98744 18.0732 9.51256 18.0732 9.21967 17.7803C8.92678 17.4874 8.92678 17.0126 9.21967 16.7197L13.9393 12L9.21967 7.2803C8.92678 6.9874 8.92678 6.5126 9.21967 6.2197Z\" fill=\"currentColor\"><\/path><\/svg><\/span><\/a><div class=\"ghostkit-accordion-item-content is-layout-flow wp-block-ghostkit-accordion-item-is-layout-flow\">\n<p>Ensin sinut kutsutaan haastatteluun, jossa kerromme sinulle lis\u00e4\u00e4 ohjelmasta. Haastattelun avulla haluamme my\u00f6s tutustua sinuun, jotta voimme yritt\u00e4\u00e4 l\u00f6yt\u00e4\u00e4 sinulle sopivan vaihtoehdon.<\/p>\n\n\n\n<p>Kun mentori ja mentoroitava ovat saaneet parin, he tapaavat ensin Luckanissa tai verkossa aloitustapahtumassa. Ensimm\u00e4isen tapaamisen aikana koordinaattori antaa tietoa ja vastaa kysymyksiin. Tapaamisen aikana mentori ja mentoroitava sopivat mentoroinnin tavoitteista sek\u00e4 sopivista tapaamisajoista ja -paikoista. Mentoroinnin p\u00e4\u00e4tteeksi voidaan j\u00e4rjest\u00e4\u00e4 lopputapaaminen koordinaattorin kanssa, ja sek\u00e4 mentori ett\u00e4 mentoroitava voivat saada todistuksen osallistumisesta. Luckan tukee kaikkia pareja koko prosessin ajan.&nbsp;<\/p>\n<\/div><\/div>\n\n\n\n<div class=\"ghostkit-accordion-item\"><a href=\"#accordionwhat-does-it-cost-to-participate\" class=\"ghostkit-accordion-item-heading\"><span class=\"ghostkit-accordion-item-label\"><strong><\/strong><strong>MIT\u00c4 OSALLISTUMINEN MAKSAA?<\/strong><\/span><span class=\"ghostkit-accordion-item-collapse\"><svg class=\"ghostkit-svg-icon\" width=\"24\" height=\"24\" viewbox=\"0 0 24 24\" fill=\"none\" xmlns=\"http:\/\/www.w3.org\/2000\/svg\"><path d=\"M9.21967 6.2197C9.51256 5.9268 9.98744 5.9268 10.2803 6.2197L15.5303 11.4697C15.8232 11.7626 15.8232 12.2374 15.5303 12.5303L10.2803 17.7803C9.98744 18.0732 9.51256 18.0732 9.21967 17.7803C8.92678 17.4874 8.92678 17.0126 9.21967 16.7197L13.9393 12L9.21967 7.2803C8.92678 6.9874 8.92678 6.5126 9.21967 6.2197Z\" fill=\"currentColor\"><\/path><\/svg><\/span><\/a><div class=\"ghostkit-accordion-item-content is-layout-flow wp-block-ghostkit-accordion-item-is-layout-flow\">\n<p>Osallistuminen ohjelmaan on maksutonta.&nbsp;<\/p>\n<\/div><\/div>\n\n\n\n<div class=\"ghostkit-accordion-item\"><a href=\"#accordion-can-i-participate-digitally\" class=\"ghostkit-accordion-item-heading\"><span class=\"ghostkit-accordion-item-label\"><strong>VOINKO OSALLISTUA DIGITAALISESTI?<\/strong><\/span><span class=\"ghostkit-accordion-item-collapse\"><svg class=\"ghostkit-svg-icon\" width=\"24\" height=\"24\" viewbox=\"0 0 24 24\" fill=\"none\" xmlns=\"http:\/\/www.w3.org\/2000\/svg\"><path d=\"M9.21967 6.2197C9.51256 5.9268 9.98744 5.9268 10.2803 6.2197L15.5303 11.4697C15.8232 11.7626 15.8232 12.2374 15.5303 12.5303L10.2803 17.7803C9.98744 18.0732 9.51256 18.0732 9.21967 17.7803C8.92678 17.4874 8.92678 17.0126 9.21967 16.7197L13.9393 12L9.21967 7.2803C8.92678 6.9874 8.92678 6.5126 9.21967 6.2197Z\" fill=\"currentColor\"><\/path><\/svg><\/span><\/a><div class=\"ghostkit-accordion-item-content is-layout-flow wp-block-ghostkit-accordion-item-is-layout-flow\">\n<p>Kyll\u00e4, on mahdollista pit\u00e4\u00e4 t\u00e4ysin digitaalisia tai hybridi-mentorijaksoja - se riippuu mieltymyksest\u00e4si.<\/p>\n<\/div><\/div>\n<\/div>\n<\/div><\/div>\n\n\n\n<div style=\"height:64px\" aria-hidden=\"true\" class=\"wp-block-spacer\"><\/div>\n\n\n\n<div class=\"wp-block-group\"><div class=\"wp-block-group__inner-container is-layout-flow wp-block-group-is-layout-flow\">\n<h3 class=\"wp-block-heading\" id=\"block-8a839b4c-7f91-4155-bb9d-f0b3aba43113\">Jos sinulla on kysytt\u00e4v\u00e4\u00e4 FIKA:sta, \u00e4l\u00e4 ep\u00e4r\u00f6i ottaa meihin yhteytt\u00e4!<\/h3>\n\n\n\n<p>S\u00e4hk\u00f6posti: fika@luckan.fi<br \/>Puhelin: +358 50 514 2992<br \/><\/p>\n<\/div><\/div>","protected":false},"excerpt":{"rendered":"<p>Haluatko tavata mielenkiintoisia ihmisi\u00e4 muualta maailmasta? Haluatko edist\u00e4\u00e4 sit\u00e4, ett\u00e4 ihmiset tuntevat itsens\u00e4 tervetulleiksi uuteen yhteiskuntaan, ja uskotko kotouttamiseen henkil\u00f6kohtaisten kontaktien kautta?<\/p>","protected":false},"author":1,"featured_media":0,"parent":10475,"menu_order":0,"comment_status":"closed","ping_status":"closed","template":"tw-no-title.php","meta":{"om_disable_all_campaigns":false,"inline_featured_image":false,"ghostkit_customizer_options":"","ghostkit_custom_css":"","ghostkit_custom_js_head":"","ghostkit_custom_js_foot":"","ghostkit_typography":"","_monsterinsights_skip_tracking":false,"_monsterinsights_sitenote_active":false,"_monsterinsights_sitenote_note":"","_monsterinsights_sitenote_category":0,"cybocfi_hide_featured_image":"","footnotes":""},"class_list":["post-2324","page","type-page","status-publish","hentry","entry"],"aioseo_notices":[],"featured_image_src":null,"_links":{"self":[{"href":"https:\/\/integration.luckan.fi\/fi\/wp-json\/wp\/v2\/pages\/2324","targetHints":{"allow":["GET"]}}],"collection":[{"href":"https:\/\/integration.luckan.fi\/fi\/wp-json\/wp\/v2\/pages"}],"about":[{"href":"https:\/\/integration.luckan.fi\/fi\/wp-json\/wp\/v2\/types\/page"}],"author":[{"embeddable":true,"href":"https:\/\/integration.luckan.fi\/fi\/wp-json\/wp\/v2\/users\/1"}],"replies":[{"embeddable":true,"href":"https:\/\/integration.luckan.fi\/fi\/wp-json\/wp\/v2\/comments?post=2324"}],"version-history":[{"count":104,"href":"https:\/\/integration.luckan.fi\/fi\/wp-json\/wp\/v2\/pages\/2324\/revisions"}],"predecessor-version":[{"id":24300,"href":"https:\/\/integration.luckan.fi\/fi\/wp-json\/wp\/v2\/pages\/2324\/revisions\/24300"}],"up":[{"embeddable":true,"href":"https:\/\/integration.luckan.fi\/fi\/wp-json\/wp\/v2\/pages\/10475"}],"wp:attachment":[{"href":"https:\/\/integration.luckan.fi\/fi\/wp-json\/wp\/v2\/media?parent=2324"}],"curies":[{"name":"wp","href":"https:\/\/api.w.org\/{rel}","templated":true}]}}