{"id":10461,"date":"2020-01-23T08:20:48","date_gmt":"2020-01-23T08:20:48","guid":{"rendered":"http:\/\/luckan-block-kit.local\/?page_id=2155"},"modified":"2026-01-09T11:59:10","modified_gmt":"2026-01-09T09:59:10","slug":"guidance","status":"publish","type":"page","link":"https:\/\/integration.luckan.fi\/sv\/guidance\/","title":{"rendered":"V\u00e4gledning"},"content":{"rendered":"<div class=\"wp-block-media-text alignfull has-media-on-the-right is-stacked-on-mobile is-vertically-aligned-center is-image-fill-element has-background tw-stack-md tw-media-bottom\" style=\"background-color:#9decb6;grid-template-columns:auto 56%\"><div class=\"wp-block-media-text__content\">\n<h1 class=\"wp-block-heading tw-mt-0 has-h-2-font-size\" id=\"guidance\">V\u00e4gledning<\/h1>\n\n\n\n<p>Luckan Integration erbjuder kostnadsfria individuella r\u00e5dgivningsm\u00f6ten som \u00e4r \u00f6ppna f\u00f6r alla invandrare oavsett uppeh\u00e5llstillst\u00e5nd eller status. Tj\u00e4nsten finns tillg\u00e4nglig p\u00e5 engelska, svenska, finska, ryska, hindi, urdu och nepali.<\/p>\n\n\n\n<p>Boka tid via v\u00e5rt bokningssystem eller bes\u00f6k oss p\u00e5 v\u00e5ra drop-in-tider m\u00e5ndag till torsdag kl. 15-16 f\u00f6r kortare \u00e4renden. Du kan ocks\u00e5 f\u00e5 r\u00e5dgivning via e-post. Du kan boka en tid nedan.<br \/><br \/><\/p>\n<\/div><figure class=\"wp-block-media-text__media\"><img loading=\"lazy\" decoding=\"async\" width=\"1500\" height=\"1033\" src=\"https:\/\/integration.luckan.fi\/wp-content\/uploads\/2022\/05\/Handledning-13-1500x1033.jpg\" alt=\"\" class=\"wp-image-19722 size-rta_thumb_cropped_1250x808\" style=\"object-position:50% 50%\" srcset=\"https:\/\/integration.luckan.fi\/wp-content\/uploads\/2022\/05\/Handledning-13-1500x1033.jpg 1500w, https:\/\/integration.luckan.fi\/wp-content\/uploads\/2022\/05\/Handledning-13-600x413.jpg 600w, https:\/\/integration.luckan.fi\/wp-content\/uploads\/2022\/05\/Handledning-13-200x138.jpg 200w, https:\/\/integration.luckan.fi\/wp-content\/uploads\/2022\/05\/Handledning-13-768x529.jpg 768w, https:\/\/integration.luckan.fi\/wp-content\/uploads\/2022\/05\/Handledning-13-1536x1058.jpg 1536w, https:\/\/integration.luckan.fi\/wp-content\/uploads\/2022\/05\/Handledning-13-2048x1410.jpg 2048w, https:\/\/integration.luckan.fi\/wp-content\/uploads\/2022\/05\/Handledning-13-18x12.jpg 18w, https:\/\/integration.luckan.fi\/wp-content\/uploads\/2022\/05\/Handledning-13-1568x1080.jpg 1568w\" sizes=\"auto, (max-width: 1500px) 100vw, 1500px\" \/><\/figure><\/div>\n\n\n\n<div class=\"wp-block-columns alignfull is-layout-flex wp-container-core-columns-is-layout-d0b3c9c8 wp-block-columns-is-layout-flex\">\n<div class=\"wp-block-column is-layout-flow wp-block-column-is-layout-flow\">\n<div style=\"height:16px\" aria-hidden=\"true\" class=\"wp-block-spacer\"><\/div>\n\n\n\n<div class=\"wp-block-columns alignwide tw-gutter-large is-layout-flex wp-container-core-columns-is-layout-d0b3c9c8 wp-block-columns-is-layout-flex\">\n<div class=\"wp-block-column is-layout-flow wp-block-column-is-layout-flow\">\n<div class=\"wp-block-group\"><div class=\"wp-block-group__inner-container is-layout-flow wp-block-group-is-layout-flow\">\n<h3 class=\"wp-block-heading\"><strong>Boka en tid f\u00f6r en v\u00e4gledning<\/strong>:<\/h3>\n\n\n\n<div class=\"ghostkit-tabs is-style-pills\"><div class=\"ghostkit-tabs-buttons ghostkit-tabs-buttons-align-start\" role=\"tablist\" aria-orientation=\"horizontal\"><button id=\"tab-helsingfors-helsinki-button\" class=\"ghostkit-tabs-buttons-item ghostkit-tabs-buttons-item-active\" type=\"button\" role=\"tab\" data-tab=\"tab-helsingfors-helsinki\" aria-controls=\"tab-helsingfors-helsinki-content\" aria-selected=\"true\">Helsingfors \/ Helsingfors<\/button><button id=\"tab-borga-porvoo-online-only-button\" class=\"ghostkit-tabs-buttons-item\" type=\"button\" role=\"tab\" data-tab=\"tab-borga-porvoo-online-only\" aria-controls=\"tab-borga-porvoo-online-only-content\" aria-selected=\"false\">Borg\u00e5 \/ Porvoo \u2013 ENDAST ONLINE<\/button><\/div><div class=\"ghostkit-tabs-content\">\n<div class=\"ghostkit-tab ghostkit-tab-active is-layout-flow wp-block-ghostkit-tabs-tab-v2-is-layout-flow\" tabindex=\"0\" role=\"tabpanel\" aria-labelledby=\"tab-helsingfors-helsinki-button\" data-tab=\"tab-helsingfors-helsinki\" id=\"tab-helsingfors-helsinki-content\">\n<iframe loading=\"lazy\" src=\"https:\/\/app.squarespacescheduling.com\/schedule.php?owner=26273647&amp;calendarID=6853278\" title=\"Boka tid\" width=\"100%\" height=\"800\" frameborder=\"0\"><\/iframe><script src=\"https:\/\/embed.acuityscheduling.com\/js\/embed.js\" type=\"text\/javascript\"><\/script>\n<\/div>\n\n\n\n<div class=\"ghostkit-tab is-layout-flow wp-block-ghostkit-tabs-tab-v2-is-layout-flow\" tabindex=\"0\" role=\"tabpanel\" aria-labelledby=\"tab-borga-porvoo-online-only-button\" data-tab=\"tab-borga-porvoo-online-only\" id=\"tab-borga-porvoo-online-only-content\">\n<iframe loading=\"lazy\" src=\"https:\/\/app.squarespacescheduling.com\/schedule.php?owner=26273647&amp;appointmentType=33726791\" title=\"Boka tid\" width=\"100%\" height=\"800\" frameborder=\"0\"><\/iframe><script src=\"https:\/\/embed.acuityscheduling.com\/js\/embed.js\" type=\"text\/javascript\"><\/script>\n\n\n\n<p><\/p>\n<\/div>\n<\/div><\/div>\n<\/div><\/div>\n<\/div>\n\n\n\n<div class=\"wp-block-column has-background is-layout-flow wp-block-column-is-layout-flow\" style=\"background-color:#9decb6;padding-top:35px;padding-right:35px;padding-bottom:35px;padding-left:35px\">\n<div id=\"book\" class=\"wp-block-group\"><div class=\"wp-block-group__inner-container is-layout-flow wp-block-group-is-layout-flow\">\n<h3 class=\"wp-block-heading\" id=\"we-give-advice-in-the-following-matters\">Vi ger r\u00e5d i f\u00f6ljande fr\u00e5gor:<\/h3>\n\n\n\n<p>&nbsp;<\/p>\n<\/div><\/div>\n\n\n\n<p><strong>Allm\u00e4nna r\u00e5d om integration<\/strong><\/p>\n\n\n\n<ul class=\"wp-block-list\">\n<li>Jobbs\u00f6kning och professionellt n\u00e4tverkande<\/li>\n\n\n\n<li>Studier och utbildning<\/li>\n\n\n\n<li>Spr\u00e5kkurser i finska och svenska<\/li>\n\n\n\n<li>Administrativa fr\u00e5gor och byr\u00e5krati<\/li>\n\n\n\n<li>Bos\u00e4ttning och tillst\u00e5nd<\/li>\n\n\n\n<li>Fritidsaktiviteter och sociala kontakter<\/li>\n\n\n\n<li>Integrationsprocessen i allm\u00e4nhet<\/li>\n<\/ul>\n\n\n\n<p><strong>Svensk integration<\/strong><\/p>\n\n\n\n<ul class=\"wp-block-list\">\n<li>Spr\u00e5kkurser och l\u00e4ra sig svenska<\/li>\n\n\n\n<li>Integration p\u00e5 svenska<\/li>\n\n\n\n<li>Planer och kurser f\u00f6r svensk integration<\/li>\n\n\n\n<li>Svenskspr\u00e5kig umg\u00e4nge och n\u00e4tverk<\/li>\n\n\n\n<li>Fritidsaktiviteter och hobbyer f\u00f6r barn och ungdomar<\/li>\n\n\n\n<li>Sociala aktiviteter f\u00f6r familjer<\/li>\n<\/ul>\n\n\n\n<p>Vi erbjuder v\u00e4gledning p\u00e5 engelska, svenska, finska, ryska, hindi, urdu och nepali.<\/p>\n\n\n\n<p>Luckan \u00e4r en \u00f6ppen, inkluderande och neutral plats. V\u00e5ra kunders integritet respekteras alltid och alla \u00e4renden behandlas konfidentiellt.<\/p>\n<\/div>\n<\/div>\n<\/div>\n<\/div>\n\n\n\n<div class=\"wp-block-group alignfull\"><div class=\"wp-block-group__inner-container is-layout-flow wp-block-group-is-layout-flow\">\n<p class=\"has-text-align-center\">Kontakt <a rel=\"noreferrer noopener\" target=\"_blank\" href=\"mailto:integration@luckan.fi\">integration@luckan.fi<\/a> om det finns problem med att boka en tid.<\/p>\n<\/div><\/div>\n\n\n\n<figure class=\"wp-block-embed is-type-video is-provider-youtube wp-block-embed-youtube wp-embed-aspect-16-9 wp-has-aspect-ratio\"><div class=\"wp-block-embed__wrapper\">\n<iframe loading=\"lazy\" title=\"V\u00e4gledning\" width=\"1000\" height=\"563\" src=\"https:\/\/www.youtube.com\/embed\/45qM718tiHc?feature=oembed\" frameborder=\"0\" allow=\"accelerometer; autoplay; clipboard-write; encrypted-media; gyroscope; picture-in-picture; web-share\" referrerpolicy=\"strict-origin-when-cross-origin\" allowfullscreen><\/iframe>\n<\/div><\/figure>","protected":false},"excerpt":{"rendered":"<p>Guidance Luckan Integration erbjuder kostnadsfria individuella r\u00e5dgivningsm\u00f6ten som \u00e4r \u00f6ppna f\u00f6r alla invandrare oavsett uppeh\u00e5llstillst\u00e5nd eller status. Tj\u00e4nsten finns tillg\u00e4nglig p\u00e5 engelska, svenska, finska, ryska, hindi, urdu och nepali. Boka tid via v\u00e5rt bokningssystem eller bes\u00f6k oss under v\u00e5ra drop-in-tider m\u00e5ndag till torsdag kl. 15-16 f\u00f6r kortare... <a class=\"more-link\" href=\"https:\/\/integration.luckan.fi\/sv\/guidance\/\">Forts\u00e4tt l\u00e4sa <span class=\"screen-reader-text\">V\u00e4gledning<\/span><\/a><\/p>","protected":false},"author":1,"featured_media":19722,"parent":0,"menu_order":0,"comment_status":"closed","ping_status":"closed","template":"tw-no-title.php","meta":{"om_disable_all_campaigns":false,"inline_featured_image":false,"ghostkit_customizer_options":"","ghostkit_custom_css":"","ghostkit_custom_js_head":"","ghostkit_custom_js_foot":"","ghostkit_typography":"","_monsterinsights_skip_tracking":false,"_monsterinsights_sitenote_active":false,"_monsterinsights_sitenote_note":"","_monsterinsights_sitenote_category":0,"cybocfi_hide_featured_image":"","footnotes":""},"class_list":["post-10461","page","type-page","status-publish","has-post-thumbnail","hentry","entry"],"aioseo_notices":[],"featured_image_src":"https:\/\/integration.luckan.fi\/wp-content\/uploads\/2022\/05\/Handledning-13-scaled.jpg","_links":{"self":[{"href":"https:\/\/integration.luckan.fi\/sv\/wp-json\/wp\/v2\/pages\/10461","targetHints":{"allow":["GET"]}}],"collection":[{"href":"https:\/\/integration.luckan.fi\/sv\/wp-json\/wp\/v2\/pages"}],"about":[{"href":"https:\/\/integration.luckan.fi\/sv\/wp-json\/wp\/v2\/types\/page"}],"author":[{"embeddable":true,"href":"https:\/\/integration.luckan.fi\/sv\/wp-json\/wp\/v2\/users\/1"}],"replies":[{"embeddable":true,"href":"https:\/\/integration.luckan.fi\/sv\/wp-json\/wp\/v2\/comments?post=10461"}],"version-history":[{"count":90,"href":"https:\/\/integration.luckan.fi\/sv\/wp-json\/wp\/v2\/pages\/10461\/revisions"}],"predecessor-version":[{"id":24280,"href":"https:\/\/integration.luckan.fi\/sv\/wp-json\/wp\/v2\/pages\/10461\/revisions\/24280"}],"wp:featuredmedia":[{"embeddable":true,"href":"https:\/\/integration.luckan.fi\/sv\/wp-json\/wp\/v2\/media\/19722"}],"wp:attachment":[{"href":"https:\/\/integration.luckan.fi\/sv\/wp-json\/wp\/v2\/media?parent=10461"}],"curies":[{"name":"wp","href":"https:\/\/api.w.org\/{rel}","templated":true}]}}