{"id":12324,"date":"2020-03-16T10:54:59","date_gmt":"2020-03-16T08:54:59","guid":{"rendered":"http:\/\/staging.bouncy-otter.flywheelsites.com\/?page_id=12324"},"modified":"2021-03-30T10:07:27","modified_gmt":"2021-03-30T07:07:27","slug":"info-cancelations-peruutukset","status":"publish","type":"page","link":"https:\/\/integration.luckan.fi\/sv\/info-cancelations-peruutukset\/","title":{"rendered":"INFO: Avbokningar"},"content":{"rendered":"<h2 class=\"wp-block-heading\" id=\"dear-customer\"><strong>K\u00c4RA KUND<\/strong><\/h2>\n\n\n\n<p><strong>N\u00e4r det g\u00e4ller de begr\u00e4nsningar och riktlinjer som Helsingfors stad har gett:<\/strong><br \/>Luckan Helsinki p\u00e5 Yrj\u00f6nkatu\/Georgsgatan 27 \u00e4r fortfarande st\u00e4ngd. M\u00e5nga av v\u00e5ra tj\u00e4nster kommer att forts\u00e4tta att fungera digitalt.<\/p>\n\n\n\n<p><strong>Riktlinjer<\/strong><\/p>\n\n\n\n<p>Vi forts\u00e4tter att erbjuda individuella v\u00e4gledningsm\u00f6ten online, via Skype, Facetime, Hangout, Zoom eller via telefon. Boka en tid <a href=\"https:\/\/integration.luckan.fi\/guidance\/#book\" class=\"ek-link\">h\u00e4r<\/a> eller skicka oss ett <a aria-label=\"e-post (\u00f6ppnas i en ny flik)\" rel=\"noreferrer noopener\" href=\"integration@luckan.fi\" target=\"_blank\" class=\"ek-link\">e-post<\/a>. <\/p>\n\n\n\n<p><strong>H\u00e5ll kontakten!<\/strong><\/p>\n\n\n\n<p>Luckans integrationsteam arbetar som vanligt (men mestadels hemifr\u00e5n) och om du har n\u00e5gra fr\u00e5gor om n\u00e5gon av v\u00e5ra andra aktiviteter, t.ex. <a href=\"https:\/\/integration.luckan.fi\/mentoring-networking\/fika\/\">Fika<\/a>, <a rel=\"noreferrer noopener\" href=\"https:\/\/dorren.fi\/sv\/\" target=\"_blank\">D\u00f6rren<\/a>, <a href=\"https:\/\/integration.luckan.fi\/competence-center\/\">Kompetenscentrum f\u00f6r svensk integration<\/a>-projekt), v\u00e4nligen kontakta oss direkt. Du hittar alla v\u00e5ra kontaktuppgifter <a href=\"https:\/\/integration.luckan.fi\/contact\/\">h\u00e4r<\/a>.<\/p>\n\n\n\n<p><\/p>","protected":false},"excerpt":{"rendered":"<p>K\u00c4R KUND Med h\u00e4nsyn till de restriktioner och riktlinjer som Helsingfors stad har gett:Luckan Helsinki p\u00e5 Yrj\u00f6nkatu\/Georgsgatan 27 \u00e4r fortfarande st\u00e4ngd. M\u00e5nga av v\u00e5ra tj\u00e4nster kommer att forts\u00e4tta att fungera digitalt. V\u00e4gledning Vi forts\u00e4tter att erbjuda individuella v\u00e4gledningsm\u00f6ten online, via Skype, Facetime, Hangout, Zoom eller per telefon. Boka en tid h\u00e4r... <a class=\"more-link\" href=\"https:\/\/integration.luckan.fi\/sv\/info-cancelations-peruutukset\/\">Forts\u00e4tt l\u00e4sa <span class=\"screen-reader-text\">INFO: Avbokningar<\/span><\/a><\/p>","protected":false},"author":1,"featured_media":0,"parent":0,"menu_order":0,"comment_status":"closed","ping_status":"closed","template":"","meta":{"om_disable_all_campaigns":false,"inline_featured_image":false,"ghostkit_customizer_options":"","ghostkit_custom_css":"","ghostkit_custom_js_head":"","ghostkit_custom_js_foot":"","ghostkit_typography":"","_monsterinsights_skip_tracking":false,"_monsterinsights_sitenote_active":false,"_monsterinsights_sitenote_note":"","_monsterinsights_sitenote_category":0,"cybocfi_hide_featured_image":"","footnotes":""},"class_list":["post-12324","page","type-page","status-publish","hentry","entry"],"aioseo_notices":[],"featured_image_src":null,"_links":{"self":[{"href":"https:\/\/integration.luckan.fi\/sv\/wp-json\/wp\/v2\/pages\/12324","targetHints":{"allow":["GET"]}}],"collection":[{"href":"https:\/\/integration.luckan.fi\/sv\/wp-json\/wp\/v2\/pages"}],"about":[{"href":"https:\/\/integration.luckan.fi\/sv\/wp-json\/wp\/v2\/types\/page"}],"author":[{"embeddable":true,"href":"https:\/\/integration.luckan.fi\/sv\/wp-json\/wp\/v2\/users\/1"}],"replies":[{"embeddable":true,"href":"https:\/\/integration.luckan.fi\/sv\/wp-json\/wp\/v2\/comments?post=12324"}],"version-history":[{"count":0,"href":"https:\/\/integration.luckan.fi\/sv\/wp-json\/wp\/v2\/pages\/12324\/revisions"}],"wp:attachment":[{"href":"https:\/\/integration.luckan.fi\/sv\/wp-json\/wp\/v2\/media?parent=12324"}],"curies":[{"name":"wp","href":"https:\/\/api.w.org\/{rel}","templated":true}]}}