{"id":13213,"date":"2020-09-25T15:09:26","date_gmt":"2020-09-25T12:09:26","guid":{"rendered":"https:\/\/integration.luckan.fi\/?page_id=13213"},"modified":"2021-04-26T13:25:39","modified_gmt":"2021-04-26T10:25:39","slug":"guidance-for-families","status":"publish","type":"page","link":"https:\/\/integration.luckan.fi\/sv\/integrating\/guidance-for-families\/","title":{"rendered":"V\u00e4gledning f\u00f6r familjer"},"content":{"rendered":"<div class=\"wp-block-group alignfull has-background\" style=\"background-color:#76e99b\"><div class=\"wp-block-group__inner-container is-layout-flow wp-block-group-is-layout-flow\">\n<div class=\"wp-block-media-text alignwide has-media-on-the-right is-stacked-on-mobile is-vertically-aligned-center tw-mb-0 tw-mt-0 is-style-default tw-stack-md tw-media-bottom\" style=\"grid-template-columns:auto 60%\"><figure class=\"wp-block-media-text__media\"><img loading=\"lazy\" decoding=\"async\" width=\"1500\" height=\"1000\" src=\"https:\/\/integration.luckan.fi\/wp-content\/uploads\/2020\/09\/jeniffer-araujo-6cBKMxTYmWw-unsplash-1500x1000.jpg\" alt=\"\" class=\"wp-image-13214 size-rta_thumb_cropped_768x497\" srcset=\"https:\/\/integration.luckan.fi\/wp-content\/uploads\/2020\/09\/jeniffer-araujo-6cBKMxTYmWw-unsplash-1500x1000.jpg 1500w, https:\/\/integration.luckan.fi\/wp-content\/uploads\/2020\/09\/jeniffer-araujo-6cBKMxTYmWw-unsplash-200x133.jpg 200w, https:\/\/integration.luckan.fi\/wp-content\/uploads\/2020\/09\/jeniffer-araujo-6cBKMxTYmWw-unsplash-600x400.jpg 600w, https:\/\/integration.luckan.fi\/wp-content\/uploads\/2020\/09\/jeniffer-araujo-6cBKMxTYmWw-unsplash-768x512.jpg 768w, https:\/\/integration.luckan.fi\/wp-content\/uploads\/2020\/09\/jeniffer-araujo-6cBKMxTYmWw-unsplash-1536x1024.jpg 1536w, https:\/\/integration.luckan.fi\/wp-content\/uploads\/2020\/09\/jeniffer-araujo-6cBKMxTYmWw-unsplash-2048x1365.jpg 2048w\" sizes=\"auto, (max-width: 1500px) 100vw, 1500px\" \/><\/figure><div class=\"wp-block-media-text__content\">\n<h1 class=\"tw-mt-0 has-h-2-font-size wp-block-heading\" id=\"guidance-for-families\">V\u00e4gledning f\u00f6r familjer<\/h1>\n\n\n\n<p class=\"has-medium-font-size\">Luckan Integration erbjuder individuella v\u00e4gledningssamtal f\u00f6r familjer med internationell bakgrund som har barn i svenskspr\u00e5kig utbildning i huvudstadsregionen. V\u00e4gledningen \u00e4r gratis och sker p\u00e5 olika platser i regionen.<\/p>\n\n\n\n<div class=\"wp-block-buttons tw-mb-0 is-layout-flex wp-block-buttons-is-layout-flex\">\n<div class=\"wp-block-button is-style-fill\"><a class=\"wp-block-button__link no-border-radius\" href=\"#contact-details\">Kontaktuppgifter<\/a><\/div>\n<\/div>\n<\/div><\/div>\n<\/div><\/div>\n\n\n\n<p><\/p>\n\n\n\n\n\n\n\n<h2 class=\"wp-block-heading\" id=\"guidance-for-families-with-children-in-swedish-education\"><strong>V\u00e4gledning f\u00f6r familjer med barn i svensk utbildning<\/strong><\/h2>\n\n\n\n<p id=\"is-your-family-integrating-in-swedish-with-your-children-in-a-swedish-school-or-daycare-centre-do-you-want-to-hear-more-about-the-options-available-to-you-in-swedish-or-think-about-how-to-become-a-part-of-the-swedish-society-by-becoming-active-in-freetime-activities-near-your-home\">\u00c4r din familj integrerande p\u00e5 svenska och barnen g\u00e5r i svensk skola eller daghem? Vill du h\u00f6ra mer om de m\u00f6jligheter som finns p\u00e5 svenska, eller fundera p\u00e5 hur du kan bli en del av det svenska samh\u00e4llet genom att bli aktiv i fritidsaktiviteter i n\u00e4rheten av ditt hem?<\/p>\n\n\n\n<p>Beh\u00f6ver dina barn hobbyer eller tr\u00e4ffa andra barn med liknande intressen utanf\u00f6r skolan? Vill du h\u00f6ra mer om det st\u00f6d dina barn har r\u00e4tt till i skolan, b\u00e5de n\u00e4r det g\u00e4ller spr\u00e5kinl\u00e4rning och religionskunskap?<\/p>\n\n\n\n<p>Vi ger v\u00e4gledning utifr\u00e5n familjernas behov i f\u00f6ljande fr\u00e5gor:<\/p>\n\n\n\n<ul class=\"wp-block-list\"><li>Samarbete mellan hem och skola\/daghem.<\/li><li>fritidsaktiviteter f\u00f6r barn och vuxna<\/li><li>det svenskspr\u00e5kiga samh\u00e4llet i Finland<\/li><li>integration p\u00e5 svenska<\/li><li>utbildning och karri\u00e4rv\u00e4gar<\/li><li>meningsfulla yrken<\/li><li>andra relevanta \u00e4mnen<\/li><\/ul>\n\n\n\n<p>V\u00e4gledningen finns p\u00e5 engelska, svenska, finska och franska. Du kan ocks\u00e5 skriva p\u00e5 spanska och ryska.<\/p>\n\n\n\n<h2 class=\"wp-block-heading\" id=\"information-for-teachers-schools-and-daycare-centres\"><strong>Information f\u00f6r l\u00e4rare, skolor och daghem<\/strong><\/h2>\n\n\n\n<p>Vi erbjuder l\u00e4rare i skolor och daghem st\u00f6d och information om till exempel integration i det svenska spr\u00e5ket, flerspr\u00e5kighet och m\u00e5ngkulturell bakgrund och andra relevanta \u00e4mnen.<\/p>\n\n\n\n<p>Kontakta oss g\u00e4rna f\u00f6r mer information om material, workshops och utbildning. Mer information kommer att l\u00e4ggas till p\u00e5 denna webbplats inom kort.<\/p>\n\n\n\n<h2 class=\"wp-block-heading\" id=\"contact-details\">Kontaktuppgifter<\/h2>\n\n\n\n<p>Boka tid p\u00e5 swedish@luckan.fi eller +358 46 920 7962. H\u00f6r av dig f\u00f6r att boka en tid eller om du har n\u00e5gra fr\u00e5gor eller kommentarer. Du kan ocks\u00e5 be om r\u00e5d via WhatsApp.<\/p>\n\n\n\n<p>Samordnare f\u00f6r integration Aino Jones<\/p>\n\n\n\n<h2 class=\"wp-block-heading\" id=\"about-luckan\">Om Luckan<\/h2>\n\n\n\n<p>Luckan \u00e4r en \u00f6ppen, inkluderande och alliansfri plats. V\u00e5ra kunders och samarbetspartners integritet respekteras alltid och alla \u00e4renden behandlas konfidentiellt.<\/p>\n\n\n\n<p>Observera att vi f\u00f6r n\u00e4rvarande forts\u00e4tter att erbjuda individuella v\u00e4gledningsm\u00f6ten b\u00e5de online och personligen vid behov. Vi f\u00f6ljer rekommendationerna fr\u00e5n THL och kommer att uppdatera v\u00e5r verksamhet i enlighet med detta. Kom inte till ett v\u00e4gledningsm\u00f6te om du upplever n\u00e5gra symtom.<\/p>\n\n\n\n<h4 class=\"wp-block-heading\" id=\"help-us-develop-information-useful-to-you-please-send-comments-and-ideas-to-welcomeluckanfi\">Hj\u00e4lp oss att ta fram information som \u00e4r anv\u00e4ndbar f\u00f6r dig. Skicka kommentarer och id\u00e9er till welcome@luckan.fi<\/h4>\n\n\n\n\n\n<div class=\"wp-block-group alignfull ghostkit-custom-2oncI4 has-palette-color-1-background-color has-background\"><div class=\"wp-block-group__inner-container is-layout-flow wp-block-group-is-layout-flow\">\n\n\n<h2 class=\"has-text-align-center wp-block-heading\" id=\"read-more-about\">L\u00e4s mer om..<\/h2>\n\n\n\n<div class=\"wp-block-columns alignwide is-layout-flex wp-container-core-columns-is-layout-d0b3c9c8 wp-block-columns-is-layout-flex\">\n<div class=\"wp-block-column is-layout-flow wp-block-column-is-layout-flow\">\n<div class=\"wp-block-media-text is-stacked-on-mobile has-media-on-the-bottom has-palette-color-5-background-color has-background\"><figure class=\"wp-block-media-text__media\"><a href=\"https:\/\/integration.luckan.fi\/integrating-in-swedish\/swedish-courses\/\"><img loading=\"lazy\" decoding=\"async\" width=\"600\" height=\"400\" src=\"https:\/\/integration.luckan.fi\/wp-content\/uploads\/2020\/05\/DSC03822-600x400.jpg\" alt=\"\" class=\"wp-image-12574 size-medium\" srcset=\"https:\/\/integration.luckan.fi\/wp-content\/uploads\/2020\/05\/DSC03822-600x400.jpg 600w, https:\/\/integration.luckan.fi\/wp-content\/uploads\/2020\/05\/DSC03822-200x133.jpg 200w, https:\/\/integration.luckan.fi\/wp-content\/uploads\/2020\/05\/DSC03822-768x512.jpg 768w, https:\/\/integration.luckan.fi\/wp-content\/uploads\/2020\/05\/DSC03822-1500x1000.jpg 1500w, https:\/\/integration.luckan.fi\/wp-content\/uploads\/2020\/05\/DSC03822-1536x1024.jpg 1536w, https:\/\/integration.luckan.fi\/wp-content\/uploads\/2020\/05\/DSC03822-2048x1365.jpg 2048w\" sizes=\"auto, (max-width: 600px) 100vw, 600px\" \/><\/a><\/figure><div class=\"wp-block-media-text__content\">\n<h3 class=\"wp-block-heading\" id=\"swedish-courses\"><a href=\"https:\/\/integration.luckan.fi\/integrating-in-swedish\/swedish-courses\/\" class=\"ek-link\">Svenska kurser<\/a><\/h3>\n<\/div><\/div>\n<\/div>\n\n\n\n<div class=\"wp-block-column is-layout-flow wp-block-column-is-layout-flow\">\n<div class=\"wp-block-media-text is-stacked-on-mobile has-media-on-the-bottom has-palette-color-5-background-color has-background\"><figure class=\"wp-block-media-text__media\"><a href=\"https:\/\/integration.luckan.fi\/integrating-in-swedish\/\"><img loading=\"lazy\" decoding=\"async\" width=\"1500\" height=\"1000\" src=\"https:\/\/integration.luckan.fi\/wp-content\/uploads\/2021\/01\/info2.jpg\" alt=\"\" class=\"wp-image-13844 size-medium\" srcset=\"https:\/\/integration.luckan.fi\/wp-content\/uploads\/2021\/01\/info2.jpg 1500w, https:\/\/integration.luckan.fi\/wp-content\/uploads\/2021\/01\/info2-200x133.jpg 200w, https:\/\/integration.luckan.fi\/wp-content\/uploads\/2021\/01\/info2-600x400.jpg 600w, https:\/\/integration.luckan.fi\/wp-content\/uploads\/2021\/01\/info2-768x512.jpg 768w\" sizes=\"auto, (max-width: 1500px) 100vw, 1500px\" \/><\/a><\/figure><div class=\"wp-block-media-text__content\">\n<h3 class=\"wp-block-heading\" id=\"integratingswe\"><a href=\"https:\/\/integration.luckan.fi\/integrating-in-swedish\/\" class=\"ek-link\">Integration p\u00e5 svenska<\/a><\/h3>\n<\/div><\/div>\n<\/div>\n\n\n\n<div class=\"wp-block-column is-layout-flow wp-block-column-is-layout-flow\">\n<div class=\"wp-block-media-text is-stacked-on-mobile has-media-on-the-bottom has-palette-color-5-background-color has-background\"><figure class=\"wp-block-media-text__media\"><a href=\"https:\/\/integration.luckan.fi\/inswedishinfinland\/\"><img loading=\"lazy\" decoding=\"async\" width=\"1500\" height=\"1000\" src=\"https:\/\/integration.luckan.fi\/wp-content\/uploads\/2021\/01\/Rityta-1@2x_cropped2.png\" alt=\"\" class=\"wp-image-13840 size-medium\" srcset=\"https:\/\/integration.luckan.fi\/wp-content\/uploads\/2021\/01\/Rityta-1@2x_cropped2.png 1500w, https:\/\/integration.luckan.fi\/wp-content\/uploads\/2021\/01\/Rityta-1@2x_cropped2-200x133.png 200w, https:\/\/integration.luckan.fi\/wp-content\/uploads\/2021\/01\/Rityta-1@2x_cropped2-600x400.png 600w, https:\/\/integration.luckan.fi\/wp-content\/uploads\/2021\/01\/Rityta-1@2x_cropped2-768x512.png 768w\" sizes=\"auto, (max-width: 1500px) 100vw, 1500px\" \/><\/a><\/figure><div class=\"wp-block-media-text__content\">\n<h3 class=\"wp-block-heading\" id=\"in-swedish-in-finland\"><a href=\"https:\/\/integration.luckan.fi\/inswedishinfinland\/\" class=\"ek-link\">P\u00e5 svenska i Finland<\/a><\/h3>\n<\/div><\/div>\n<\/div>\n<\/div>\n\n\n\n<div class=\"wp-block-columns alignwide is-layout-flex wp-container-core-columns-is-layout-d0b3c9c8 wp-block-columns-is-layout-flex\">\n<div class=\"wp-block-column is-layout-flow wp-block-column-is-layout-flow\">\n<div class=\"wp-block-media-text is-stacked-on-mobile has-media-on-the-bottom has-palette-color-5-background-color has-background\"><figure class=\"wp-block-media-text__media\"><a href=\"https:\/\/integration.luckan.fi\/integrating-in-swedish\/children\/\"><img loading=\"lazy\" decoding=\"async\" width=\"1500\" height=\"1000\" src=\"https:\/\/integration.luckan.fi\/wp-content\/uploads\/2021\/01\/IMG-0135_cropped.jpg\" alt=\"\" class=\"wp-image-13843 size-medium\" srcset=\"https:\/\/integration.luckan.fi\/wp-content\/uploads\/2021\/01\/IMG-0135_cropped.jpg 1500w, https:\/\/integration.luckan.fi\/wp-content\/uploads\/2021\/01\/IMG-0135_cropped-200x133.jpg 200w, https:\/\/integration.luckan.fi\/wp-content\/uploads\/2021\/01\/IMG-0135_cropped-600x400.jpg 600w, https:\/\/integration.luckan.fi\/wp-content\/uploads\/2021\/01\/IMG-0135_cropped-768x512.jpg 768w\" sizes=\"auto, (max-width: 1500px) 100vw, 1500px\" \/><\/a><\/figure><div class=\"wp-block-media-text__content\">\n<h3 class=\"wp-block-heading\" id=\"information-for-children\"><a href=\"https:\/\/integration.luckan.fi\/integrating-in-swedish\/children\/\" class=\"ek-link\">Information till barn<\/a><\/h3>\n<\/div><\/div>\n<\/div>\n\n\n\n<div class=\"wp-block-column is-layout-flow wp-block-column-is-layout-flow\">\n<div class=\"wp-block-media-text is-stacked-on-mobile has-media-on-the-bottom has-palette-color-5-background-color has-background\"><figure class=\"wp-block-media-text__media\"><a href=\"https:\/\/integration.luckan.fi\/integrating-in-swedish\/youth\/\"><img loading=\"lazy\" decoding=\"async\" width=\"1500\" height=\"1000\" src=\"https:\/\/integration.luckan.fi\/wp-content\/uploads\/2021\/01\/yuoth.jpg\" alt=\"\" class=\"wp-image-13842 size-medium\" srcset=\"https:\/\/integration.luckan.fi\/wp-content\/uploads\/2021\/01\/yuoth.jpg 1500w, https:\/\/integration.luckan.fi\/wp-content\/uploads\/2021\/01\/yuoth-200x133.jpg 200w, https:\/\/integration.luckan.fi\/wp-content\/uploads\/2021\/01\/yuoth-600x400.jpg 600w, https:\/\/integration.luckan.fi\/wp-content\/uploads\/2021\/01\/yuoth-768x512.jpg 768w\" sizes=\"auto, (max-width: 1500px) 100vw, 1500px\" \/><\/a><\/figure><div class=\"wp-block-media-text__content\">\n<h3 class=\"wp-block-heading\" id=\"information-for-youth\"><a href=\"https:\/\/integration.luckan.fi\/integrating-in-swedish\/youth\/\" class=\"ek-link\">Information f\u00f6r ungdomar<\/a><\/h3>\n<\/div><\/div>\n<\/div>\n\n\n\n<div class=\"wp-block-column is-layout-flow wp-block-column-is-layout-flow\">\n<div class=\"wp-block-media-text is-stacked-on-mobile has-media-on-the-bottom has-palette-color-5-background-color has-background\"><figure class=\"wp-block-media-text__media\"><a href=\"https:\/\/integration.luckan.fi\/integrating-in-swedish\/adults\/\"><img loading=\"lazy\" decoding=\"async\" width=\"1500\" height=\"1000\" src=\"https:\/\/integration.luckan.fi\/wp-content\/uploads\/2021\/01\/DSC03822-crop.jpg\" alt=\"\" class=\"wp-image-13841 size-medium\" srcset=\"https:\/\/integration.luckan.fi\/wp-content\/uploads\/2021\/01\/DSC03822-crop.jpg 1500w, https:\/\/integration.luckan.fi\/wp-content\/uploads\/2021\/01\/DSC03822-crop-200x133.jpg 200w, https:\/\/integration.luckan.fi\/wp-content\/uploads\/2021\/01\/DSC03822-crop-600x400.jpg 600w, https:\/\/integration.luckan.fi\/wp-content\/uploads\/2021\/01\/DSC03822-crop-768x512.jpg 768w\" sizes=\"auto, (max-width: 1500px) 100vw, 1500px\" \/><\/a><\/figure><div class=\"wp-block-media-text__content\">\n<h3 class=\"wp-block-heading\" id=\"information-for-adults\"><a href=\"https:\/\/integration.luckan.fi\/integrating-in-swedish\/adults\/\" class=\"ek-link\">Information f\u00f6r vuxna<\/a><\/h3>\n<\/div><\/div>\n<\/div>\n<\/div>\n\n\n<\/div><\/div>","protected":false},"excerpt":{"rendered":"<p>Familjehandledning Luckan Integration erbjuder individuella handledningstillf\u00e4llen till familjer med internationell bakgrund som har barn i svenskspr\u00e5kig utbildning i huvudstadsregionen. V\u00e4gledningen \u00e4r kostnadsfri och sker p\u00e5 olika platser i regionen. V\u00e4gledning f\u00f6r familjer med barn i svensk utbildning \u00c4r din familj integrerad p\u00e5 svenska, med dina barn i svensk... <a class=\"more-link\" href=\"https:\/\/integration.luckan.fi\/sv\/integrating\/guidance-for-families\/\">Forts\u00e4tt l\u00e4sa <span class=\"screen-reader-text\">V\u00e4gledning f\u00f6r familjer<\/span><\/a><\/p>","protected":false},"author":1,"featured_media":0,"parent":2163,"menu_order":0,"comment_status":"closed","ping_status":"closed","template":"tw-no-title.php","meta":{"om_disable_all_campaigns":false,"inline_featured_image":false,"ghostkit_customizer_options":"","ghostkit_custom_css":"","ghostkit_custom_js_head":"","ghostkit_custom_js_foot":"","ghostkit_typography":"","_monsterinsights_skip_tracking":false,"_monsterinsights_sitenote_active":false,"_monsterinsights_sitenote_note":"","_monsterinsights_sitenote_category":0,"cybocfi_hide_featured_image":"","footnotes":""},"class_list":["post-13213","page","type-page","status-publish","hentry","entry"],"aioseo_notices":[],"featured_image_src":null,"_links":{"self":[{"href":"https:\/\/integration.luckan.fi\/sv\/wp-json\/wp\/v2\/pages\/13213","targetHints":{"allow":["GET"]}}],"collection":[{"href":"https:\/\/integration.luckan.fi\/sv\/wp-json\/wp\/v2\/pages"}],"about":[{"href":"https:\/\/integration.luckan.fi\/sv\/wp-json\/wp\/v2\/types\/page"}],"author":[{"embeddable":true,"href":"https:\/\/integration.luckan.fi\/sv\/wp-json\/wp\/v2\/users\/1"}],"replies":[{"embeddable":true,"href":"https:\/\/integration.luckan.fi\/sv\/wp-json\/wp\/v2\/comments?post=13213"}],"version-history":[{"count":0,"href":"https:\/\/integration.luckan.fi\/sv\/wp-json\/wp\/v2\/pages\/13213\/revisions"}],"up":[{"embeddable":true,"href":"https:\/\/integration.luckan.fi\/sv\/wp-json\/wp\/v2\/pages\/2163"}],"wp:attachment":[{"href":"https:\/\/integration.luckan.fi\/sv\/wp-json\/wp\/v2\/media?parent=13213"}],"curies":[{"name":"wp","href":"https:\/\/api.w.org\/{rel}","templated":true}]}}