{"id":18210,"date":"2021-08-19T15:50:07","date_gmt":"2021-08-19T12:50:07","guid":{"rendered":"https:\/\/integration.luckan.fi\/?page_id=18210"},"modified":"2021-08-19T15:50:09","modified_gmt":"2021-08-19T12:50:09","slug":"integrating-in-swedish-welcome-fi","status":"publish","type":"page","link":"https:\/\/integration.luckan.fi\/sv\/integrating-in-swedish-welcome-fi\/","title":{"rendered":"Integrering p\u00e5 svenska-welcome.fi"},"content":{"rendered":"<p>Vi har nu lanserat v\u00e5r webbplats <a rel=\"noreferrer noopener\" href=\"https:\/\/integration.luckan.fi\/integratinginswedish\/\" target=\"_blank\">welcome.fi <\/a>som \u00e4r fylld med information om allt svenskt i huvudstadsregionen. Om du letar efter <a rel=\"noreferrer noopener\" href=\"https:\/\/integration.luckan.fi\/swedishcourses\" target=\"_blank\">Svenska kurser<\/a>Om du vill veta var du kan hitta jobbm\u00f6jligheter p\u00e5 svenska eller var den n\u00e4rmaste svenskspr\u00e5kiga skolan ligger i n\u00e4rheten av ditt hem, \u00e4r welcome.fi r\u00e4tt st\u00e4lle att b\u00f6rja p\u00e5. <br \/>V\u00e4lkommen till v\u00e5rt evenemang om <a rel=\"noreferrer noopener\" href=\"https:\/\/fb.me\/e\/2xgw2dvxF\" target=\"_blank\">Svenska m\u00f6jligheter i huvudstadsregionen<\/a> den 24 augusti. D\u00e4r kommer vi att presentera welcome.fi ytterligare. Anm\u00e4l dig p\u00e5 welcome@luckan.fi s\u00e5 skickar vi en l\u00e4nk till dig den 23:e.<\/p>","protected":false},"excerpt":{"rendered":"<p>Vi har nu lanserat v\u00e5r webbplats welcome.fi som \u00e4r fylld med information om allt svenskt i huvudstadsregionen. Om du letar efter svenskkurser, arbetsm\u00f6jligheter p\u00e5 svenska eller var den n\u00e4rmaste svenskspr\u00e5kiga skolan ligger i n\u00e4rheten av ditt hem, \u00e4r welcome.fi platsen att b\u00f6rja p\u00e5. V\u00e4lkommen till v\u00e5rt evenemang om svenska m\u00f6jligheter... <a class=\"more-link\" href=\"https:\/\/integration.luckan.fi\/sv\/integrating-in-swedish-welcome-fi\/\">Forts\u00e4tt l\u00e4sa <span class=\"screen-reader-text\">Integrering p\u00e5 svenska-welcome.fi<\/span><\/a><\/p>","protected":false},"author":1,"featured_media":18211,"parent":0,"menu_order":0,"comment_status":"closed","ping_status":"closed","template":"","meta":{"om_disable_all_campaigns":false,"inline_featured_image":false,"ghostkit_customizer_options":"","ghostkit_custom_css":"","ghostkit_custom_js_head":"","ghostkit_custom_js_foot":"","ghostkit_typography":"","_monsterinsights_skip_tracking":false,"_monsterinsights_sitenote_active":false,"_monsterinsights_sitenote_note":"","_monsterinsights_sitenote_category":0,"cybocfi_hide_featured_image":"","footnotes":""},"class_list":["post-18210","page","type-page","status-publish","has-post-thumbnail","hentry","entry"],"aioseo_notices":[],"featured_image_src":"https:\/\/integration.luckan.fi\/wp-content\/uploads\/2021\/08\/Ska\u0308rmavbild-2021-08-19-kl.-15.49.37.png","_links":{"self":[{"href":"https:\/\/integration.luckan.fi\/sv\/wp-json\/wp\/v2\/pages\/18210","targetHints":{"allow":["GET"]}}],"collection":[{"href":"https:\/\/integration.luckan.fi\/sv\/wp-json\/wp\/v2\/pages"}],"about":[{"href":"https:\/\/integration.luckan.fi\/sv\/wp-json\/wp\/v2\/types\/page"}],"author":[{"embeddable":true,"href":"https:\/\/integration.luckan.fi\/sv\/wp-json\/wp\/v2\/users\/1"}],"replies":[{"embeddable":true,"href":"https:\/\/integration.luckan.fi\/sv\/wp-json\/wp\/v2\/comments?post=18210"}],"version-history":[{"count":1,"href":"https:\/\/integration.luckan.fi\/sv\/wp-json\/wp\/v2\/pages\/18210\/revisions"}],"predecessor-version":[{"id":19820,"href":"https:\/\/integration.luckan.fi\/sv\/wp-json\/wp\/v2\/pages\/18210\/revisions\/19820"}],"wp:featuredmedia":[{"embeddable":true,"href":"https:\/\/integration.luckan.fi\/sv\/wp-json\/wp\/v2\/media\/18211"}],"wp:attachment":[{"href":"https:\/\/integration.luckan.fi\/sv\/wp-json\/wp\/v2\/media?parent=18210"}],"curies":[{"name":"wp","href":"https:\/\/api.w.org\/{rel}","templated":true}]}}