{"id":19780,"date":"2022-05-12T11:49:45","date_gmt":"2022-05-12T08:49:45","guid":{"rendered":"https:\/\/integration.luckan.fi\/?page_id=19780"},"modified":"2022-12-22T10:32:37","modified_gmt":"2022-12-22T08:32:37","slug":"become-a-mentor","status":"publish","type":"page","link":"https:\/\/integration.luckan.fi\/sv\/mentoring-networking\/fika-light\/become-a-mentor\/","title":{"rendered":"Bli mentor"},"content":{"rendered":"<div class=\"wp-block-group alignfull has-background\" style=\"background-color:#ffc23f\"><div class=\"wp-block-group__inner-container is-layout-flow wp-block-group-is-layout-flow\">\n<h2 class=\"wp-block-heading\" id=\"become-a-mentor\">Bli mentor<\/h2>\n\n\n\n<p class=\"has-medium-font-size\">Du kan ans\u00f6ka om att bli mentor om du:<\/p>\n\n\n\n<ul class=\"has-medium-font-size wp-block-list\">\n<li>du har bott i Finland ett tag och k\u00e4nner dig etablerad h\u00e4r<\/li>\n\n\n\n<li>du vill tr\u00e4ffa nya m\u00e4nniskor och dela med dig av dina erfarenheter<\/li>\n\n\n\n<li>du bor i huvudstadsregionen&nbsp;<\/li>\n<\/ul>\n<\/div><\/div>\n\n\n\n<div style=\"height:36px\" aria-hidden=\"true\" class=\"wp-block-spacer\"><\/div>\n\n\n\n<p>Registreringarna \u00e4r st\u00e4ngda. Tack till alla som anm\u00e4lde sig och deltog i programmet! <\/p>\n\n\n\n<h3 class=\"wp-block-heading\" id=\"if-you-have-any-questions-feel-free-to-contact-fika-luckan-fi\">Om du har n\u00e5gra fr\u00e5gor kan du kontakta&nbsp;<em>fika@luckan.fi<\/em>.<\/h3>","protected":false},"excerpt":{"rendered":"<p>Become a mentor You can apply to be a mentor if: Registrations are closed. Thank you to everyone who applied and were part of the programme! If you have any questions, feel free to contact&nbsp;fika@luckan.fi.<\/p>","protected":false},"author":1,"featured_media":0,"parent":19685,"menu_order":0,"comment_status":"closed","ping_status":"closed","template":"tw-header-transparent.php","meta":{"om_disable_all_campaigns":false,"inline_featured_image":false,"ghostkit_customizer_options":"","ghostkit_custom_css":"","ghostkit_custom_js_head":"","ghostkit_custom_js_foot":"","ghostkit_typography":"","_monsterinsights_skip_tracking":false,"_monsterinsights_sitenote_active":false,"_monsterinsights_sitenote_note":"","_monsterinsights_sitenote_category":0,"cybocfi_hide_featured_image":"","footnotes":""},"class_list":["post-19780","page","type-page","status-publish","hentry","entry"],"aioseo_notices":[],"featured_image_src":null,"_links":{"self":[{"href":"https:\/\/integration.luckan.fi\/sv\/wp-json\/wp\/v2\/pages\/19780","targetHints":{"allow":["GET"]}}],"collection":[{"href":"https:\/\/integration.luckan.fi\/sv\/wp-json\/wp\/v2\/pages"}],"about":[{"href":"https:\/\/integration.luckan.fi\/sv\/wp-json\/wp\/v2\/types\/page"}],"author":[{"embeddable":true,"href":"https:\/\/integration.luckan.fi\/sv\/wp-json\/wp\/v2\/users\/1"}],"replies":[{"embeddable":true,"href":"https:\/\/integration.luckan.fi\/sv\/wp-json\/wp\/v2\/comments?post=19780"}],"version-history":[{"count":15,"href":"https:\/\/integration.luckan.fi\/sv\/wp-json\/wp\/v2\/pages\/19780\/revisions"}],"predecessor-version":[{"id":20473,"href":"https:\/\/integration.luckan.fi\/sv\/wp-json\/wp\/v2\/pages\/19780\/revisions\/20473"}],"up":[{"embeddable":true,"href":"https:\/\/integration.luckan.fi\/sv\/wp-json\/wp\/v2\/pages\/19685"}],"wp:attachment":[{"href":"https:\/\/integration.luckan.fi\/sv\/wp-json\/wp\/v2\/media?parent=19780"}],"curies":[{"name":"wp","href":"https:\/\/api.w.org\/{rel}","templated":true}]}}