{"id":20816,"date":"2023-06-08T13:45:27","date_gmt":"2023-06-08T10:45:27","guid":{"rendered":"https:\/\/integration.luckan.fi\/?page_id=20816"},"modified":"2026-02-02T12:31:18","modified_gmt":"2026-02-02T10:31:18","slug":"peer-support-group-in-english","status":"publish","type":"page","link":"https:\/\/integration.luckan.fi\/sv\/peer-support-group-in-english\/","title":{"rendered":"Peer Support Group p\u00e5 engelska"},"content":{"rendered":"<div class=\"wp-block-media-text alignfull has-media-on-the-right is-stacked-on-mobile is-image-fill-element has-background\" style=\"background-color:#ffe1b4;grid-template-columns:auto 56%\"><div class=\"wp-block-media-text__content\">\n<h2 id=\"peer-support-group-in-english-helsinki\" class=\"wp-block-heading\">Peer Support-grupp p\u00e5 engelska (Helsingfors)<\/h2>\n\n\n\n<p class=\"wp-block-heading\"><strong>Varf\u00f6r ska du g\u00e5 med i den h\u00e4r gruppen? <\/strong>Denna grupp \u00e4r utformad f\u00f6r att g\u00f6ra jobbs\u00f6knings- och rekryteringsprocesser mer tillg\u00e4ngliga f\u00f6r arbetsl\u00f6sa arbetss\u00f6kande som vill f\u00f6rv\u00e4rva viktiga f\u00e4rdigheter f\u00f6r att lyckas p\u00e5 den finska arbetsmarknaden. En grupp p\u00e5 tio deltagare tr\u00e4ffas varje vecka under minst \u00e5tta sessioner. Inneh\u00e5llet i dessa sessioner kommer att skr\u00e4ddarsys efter deltagarnas specifika intressen och behov. Deltagandet \u00e4r kostnadsfritt och alla sessioner genomf\u00f6rs p\u00e5 engelska.<\/p>\n<\/div><figure class=\"wp-block-media-text__media\"><img loading=\"lazy\" decoding=\"async\" width=\"1500\" height=\"1000\" src=\"https:\/\/integration.luckan.fi\/wp-content\/uploads\/2025\/11\/IMG_5972-1500x1000.jpg\" alt=\"\" class=\"wp-image-24178 size-full\" style=\"object-position:50% 50%\" srcset=\"https:\/\/integration.luckan.fi\/wp-content\/uploads\/2025\/11\/IMG_5972-1500x1000.jpg 1500w, https:\/\/integration.luckan.fi\/wp-content\/uploads\/2025\/11\/IMG_5972-1200x800.jpg 1200w, https:\/\/integration.luckan.fi\/wp-content\/uploads\/2025\/11\/IMG_5972-450x300.jpg 450w, https:\/\/integration.luckan.fi\/wp-content\/uploads\/2025\/11\/IMG_5972-768x512.jpg 768w, https:\/\/integration.luckan.fi\/wp-content\/uploads\/2025\/11\/IMG_5972-1536x1024.jpg 1536w, https:\/\/integration.luckan.fi\/wp-content\/uploads\/2025\/11\/IMG_5972-2048x1365.jpg 2048w, https:\/\/integration.luckan.fi\/wp-content\/uploads\/2025\/11\/IMG_5972-18x12.jpg 18w, https:\/\/integration.luckan.fi\/wp-content\/uploads\/2025\/11\/IMG_5972-200x133.jpg 200w, https:\/\/integration.luckan.fi\/wp-content\/uploads\/2025\/11\/IMG_5972-150x100.jpg 150w, https:\/\/integration.luckan.fi\/wp-content\/uploads\/2025\/11\/IMG_5972-1568x1045.jpg 1568w\" sizes=\"auto, (max-width: 1500px) 100vw, 1500px\" \/><\/figure><\/div>\n\n\n\n<div class=\"wp-block-columns is-layout-flex wp-container-core-columns-is-layout-d0b3c9c8 wp-block-columns-is-layout-flex\">\n<div class=\"wp-block-column is-layout-flow wp-block-column-is-layout-flow\">\n<h2 id=\"you-would-be-a-great-fit-for-this-group-if\" class=\"wp-block-heading has-normal-font-size\">Du skulle passa utm\u00e4rkt f\u00f6r denna grupp om:<\/h2>\n<\/div>\n<\/div>\n\n\n\n<ul class=\"wp-block-list has-medium-font-size\">\n<li class=\"has-normal-font-size\">Du har flyttat till Finland&nbsp;<\/li>\n\n\n\n<li class=\"has-normal-font-size\">Du bor i huvudstadsregionen (eller har m\u00f6jlighet att delta i personliga sessioner p\u00e5 Luckan i Helsingfors)&nbsp;<\/li>\n\n\n\n<li class=\"has-normal-font-size\">Du \u00e4r f\u00f6r n\u00e4rvarande registrerad som arbetsl\u00f6s&nbsp;<\/li>\n\n\n\n<li class=\"has-normal-font-size\">Du kan f\u00f6rbinda dig att delta i alla eller de flesta m\u00f6tena<\/li>\n<\/ul>\n\n\n\n<p class=\"has-text-align-left\"><strong>N.B. Vi har f\u00e5tt in m\u00e5nga ans\u00f6kningar den senaste tiden och d\u00e4rf\u00f6r \u00e4r tyv\u00e4rr registreringen f\u00f6r denna omg\u00e5ng st\u00e4ngd. Tack f\u00f6r ditt intresse och vi ser fram emot att tr\u00e4ffa dig i framtiden!<\/strong><\/p>\n\n\n\n<div class=\"wp-block-columns alignfull is-layout-flex wp-container-core-columns-is-layout-d0b3c9c8 wp-block-columns-is-layout-flex\">\n<div class=\"wp-block-column is-layout-flow wp-block-column-is-layout-flow\">\n<div class=\"wp-block-columns is-layout-flex wp-container-core-columns-is-layout-d0b3c9c8 wp-block-columns-is-layout-flex\">\n<div class=\"wp-block-column is-layout-flow wp-block-column-is-layout-flow\"><\/div>\n<\/div>\n\n\n\n<div style=\"height:20px\" aria-hidden=\"true\" class=\"wp-block-spacer\"><\/div>\n\n\n\n<div class=\"wp-block-group tw-border has-palette-color-3-color has-palette-color-5-background-color has-text-color has-background\"><div class=\"wp-block-group__inner-container is-layout-flow wp-block-group-is-layout-flow\">\n<h4 class=\"wp-block-heading\" id=\"if-you-have-any-questions-don-t-hesitate-to-contact-us\">Om du har n\u00e5gra fr\u00e5gor, tveka inte att kontakta oss!<\/h4>\n\n\n\n<p>integration@luckan.fi<br \/>040 4859636<\/p>\n<\/div><\/div>\n<\/div>\n<\/div>","protected":false},"excerpt":{"rendered":"<p>Peer Support Group p\u00e5 engelska (Helsingfors) Varf\u00f6r ska du g\u00e5 med i den h\u00e4r gruppen? Den h\u00e4r gruppen \u00e4r utformad f\u00f6r att g\u00f6ra jobbs\u00f6knings- och rekryteringsprocesser mer tillg\u00e4ngliga f\u00f6r arbetsl\u00f6sa arbetss\u00f6kande som vill f\u00f6rv\u00e4rva viktiga f\u00e4rdigheter f\u00f6r att lyckas p\u00e5 den finska arbetsmarknaden. En grupp med tio deltagare tr\u00e4ffas varje vecka i minst \u00e5tta timmar... <a class=\"more-link\" href=\"https:\/\/integration.luckan.fi\/sv\/peer-support-group-in-english\/\">Forts\u00e4tt l\u00e4sa <span class=\"screen-reader-text\">Peer Support Group p\u00e5 engelska<\/span><\/a><\/p>","protected":false},"author":1,"featured_media":24178,"parent":0,"menu_order":0,"comment_status":"closed","ping_status":"closed","template":"tw-no-title.php","meta":{"om_disable_all_campaigns":false,"inline_featured_image":false,"ghostkit_customizer_options":"","ghostkit_custom_css":"","ghostkit_custom_js_head":"","ghostkit_custom_js_foot":"","ghostkit_typography":"","_monsterinsights_skip_tracking":false,"_monsterinsights_sitenote_active":false,"_monsterinsights_sitenote_note":"","_monsterinsights_sitenote_category":0,"cybocfi_hide_featured_image":"","footnotes":""},"class_list":["post-20816","page","type-page","status-publish","has-post-thumbnail","hentry","entry"],"aioseo_notices":[],"featured_image_src":"https:\/\/integration.luckan.fi\/wp-content\/uploads\/2025\/11\/IMG_5972-scaled.jpg","_links":{"self":[{"href":"https:\/\/integration.luckan.fi\/sv\/wp-json\/wp\/v2\/pages\/20816","targetHints":{"allow":["GET"]}}],"collection":[{"href":"https:\/\/integration.luckan.fi\/sv\/wp-json\/wp\/v2\/pages"}],"about":[{"href":"https:\/\/integration.luckan.fi\/sv\/wp-json\/wp\/v2\/types\/page"}],"author":[{"embeddable":true,"href":"https:\/\/integration.luckan.fi\/sv\/wp-json\/wp\/v2\/users\/1"}],"replies":[{"embeddable":true,"href":"https:\/\/integration.luckan.fi\/sv\/wp-json\/wp\/v2\/comments?post=20816"}],"version-history":[{"count":71,"href":"https:\/\/integration.luckan.fi\/sv\/wp-json\/wp\/v2\/pages\/20816\/revisions"}],"predecessor-version":[{"id":24324,"href":"https:\/\/integration.luckan.fi\/sv\/wp-json\/wp\/v2\/pages\/20816\/revisions\/24324"}],"wp:featuredmedia":[{"embeddable":true,"href":"https:\/\/integration.luckan.fi\/sv\/wp-json\/wp\/v2\/media\/24178"}],"wp:attachment":[{"href":"https:\/\/integration.luckan.fi\/sv\/wp-json\/wp\/v2\/media?parent=20816"}],"curies":[{"name":"wp","href":"https:\/\/api.w.org\/{rel}","templated":true}]}}