{"id":21192,"date":"2023-08-29T13:19:40","date_gmt":"2023-08-29T10:19:40","guid":{"rendered":"https:\/\/integration.luckan.fi\/?page_id=21192"},"modified":"2023-08-29T14:20:48","modified_gmt":"2023-08-29T11:20:48","slug":"safer-space","status":"publish","type":"page","link":"https:\/\/integration.luckan.fi\/sv\/safer-space\/","title":{"rendered":"Riktlinjer f\u00f6r s\u00e4krare utrymmen"},"content":{"rendered":"<div class=\"wp-block-group\"><div class=\"wp-block-group__inner-container is-layout-constrained wp-block-group-is-layout-constrained\">\n<p>Luckan Integration har \u00e5tagit sig att f\u00f6lja riktlinjerna f\u00f6r s\u00e4krare utrymmen. V\u00e5ra evenemang, seminarier, workshops och andra \u00e5tg\u00e4rder \u00e4r antidiskriminerande, och vi f\u00f6ljer \u00f6msesidigt grundade principer och riktlinjer f\u00f6r att bygga s\u00e4krare utrymmen. Detta \u00e4r v\u00e5ra riktlinjer f\u00f6r att bygga ett s\u00e4krare utrymme:<\/p>\n\n\n\n<p>I. LIKA UTRYMME<\/p>\n\n\n\n<p>- I v\u00e5ra evenemang str\u00e4var vi efter att vara fysiskt och socialt tillg\u00e4ngliga.<br \/>- Vi tar h\u00e4nsyn till deltagarnas s\u00e4rskilda behov i f\u00f6rv\u00e4g.<br \/>- Nolltolerans mot diskriminering och hatpropaganda.<br \/>- S\u00e4kert, tryggt och bekv\u00e4mt utrymme f\u00f6r alla.<br \/>- Vi \u00e4r engagerade i antirasism, antisexism och antihandikapp.<br \/>- Alla v\u00e5ra evenemang har namngivna kontaktpersoner som deltagarna kan kontakta, ge feedback eller ber\u00e4tta om diskriminerande eller annan inblandning.<\/p>\n<\/div><\/div>\n\n\n\n<div class=\"wp-block-group\"><div class=\"wp-block-group__inner-container is-layout-constrained wp-block-group-is-layout-constrained\">\n<p>II. KONTROLL AV DINA ANTAGANDEN<\/p>\n\n\n\n<p>- Vi g\u00f6r inga antaganden om varandra baserat p\u00e5 k\u00f6n, h\u00e4lsa, f\u00f6rm\u00e5gor eller andra stereotyper. Om det beh\u00f6vs kan du fr\u00e5ga. Till exempel kan man fr\u00e5ga vilket k\u00f6nspronomen varje deltagare anv\u00e4nder?<br \/>- Vi behandlar varandra med respekt och h\u00e4nsyn.<br \/>- Vi \u00e4r normkritiska och \u00f6ppna f\u00f6r feedback. Vi kommer att justera efter feedback.<\/p>\n<\/div><\/div>\n\n\n\n<div class=\"wp-block-group\"><div class=\"wp-block-group__inner-container is-layout-constrained wp-block-group-is-layout-constrained\">\n<p>III. KONSENSUALITET OCH R\u00c4TTEN ATT VARA SIG SJ\u00c4LV<\/p>\n\n\n\n<p>- Vi uppr\u00e4tth\u00e5ller allas r\u00e4tt att inte delta som en grund f\u00f6r s\u00e4kerhet. Vi bjuder in alla att delta men ger ocks\u00e5 utrymme f\u00f6r alla att tacka nej.<br \/>- Alla bem\u00f6ts och behandlas som individer.<br \/>- Deltagarna har r\u00e4tt att uttrycka k\u00e4nslor med respekt f\u00f6r andra.<br \/>- Deltagarnas tillst\u00e5nd kommer att beg\u00e4ras f\u00f6r att samla in data, ta foton eller p\u00e5 annat s\u00e4tt dokumentera evenemanget.<\/p>\n\n\n\n<p>F\u00f6r mer information v\u00e4nligen kontakta integration(at)luckan.fi<\/p>\n<\/div><\/div>","protected":false},"excerpt":{"rendered":"<p>Luckan Integration har \u00e5tagit sig att f\u00f6lja riktlinjerna f\u00f6r s\u00e4krare utrymmen. V\u00e5ra evenemang, seminarier, workshops och andra \u00e5tg\u00e4rder \u00e4r antidiskriminerande, och vi f\u00f6ljer \u00f6msesidigt grundade principer och riktlinjer f\u00f6r att bygga s\u00e4krare utrymmen. Dessa \u00e4r v\u00e5ra riktlinjer f\u00f6r att bygga ett s\u00e4krare utrymme: I. J\u00c4MST\u00c4LLD PLATS - Under v\u00e5ra evenemang str\u00e4var vi efter att vara fysiskt och... <a class=\"more-link\" href=\"https:\/\/integration.luckan.fi\/sv\/safer-space\/\">Forts\u00e4tt l\u00e4sa <span class=\"screen-reader-text\">Riktlinjer f\u00f6r s\u00e4krare utrymmen<\/span><\/a><\/p>","protected":false},"author":1,"featured_media":0,"parent":0,"menu_order":0,"comment_status":"closed","ping_status":"closed","template":"","meta":{"om_disable_all_campaigns":false,"inline_featured_image":false,"ghostkit_customizer_options":"","ghostkit_custom_css":"","ghostkit_custom_js_head":"","ghostkit_custom_js_foot":"","ghostkit_typography":"","_monsterinsights_skip_tracking":false,"_monsterinsights_sitenote_active":false,"_monsterinsights_sitenote_note":"","_monsterinsights_sitenote_category":0,"cybocfi_hide_featured_image":"","footnotes":""},"class_list":["post-21192","page","type-page","status-publish","hentry","entry"],"aioseo_notices":[],"featured_image_src":null,"_links":{"self":[{"href":"https:\/\/integration.luckan.fi\/sv\/wp-json\/wp\/v2\/pages\/21192","targetHints":{"allow":["GET"]}}],"collection":[{"href":"https:\/\/integration.luckan.fi\/sv\/wp-json\/wp\/v2\/pages"}],"about":[{"href":"https:\/\/integration.luckan.fi\/sv\/wp-json\/wp\/v2\/types\/page"}],"author":[{"embeddable":true,"href":"https:\/\/integration.luckan.fi\/sv\/wp-json\/wp\/v2\/users\/1"}],"replies":[{"embeddable":true,"href":"https:\/\/integration.luckan.fi\/sv\/wp-json\/wp\/v2\/comments?post=21192"}],"version-history":[{"count":2,"href":"https:\/\/integration.luckan.fi\/sv\/wp-json\/wp\/v2\/pages\/21192\/revisions"}],"predecessor-version":[{"id":21209,"href":"https:\/\/integration.luckan.fi\/sv\/wp-json\/wp\/v2\/pages\/21192\/revisions\/21209"}],"wp:attachment":[{"href":"https:\/\/integration.luckan.fi\/sv\/wp-json\/wp\/v2\/media?parent=21192"}],"curies":[{"name":"wp","href":"https:\/\/api.w.org\/{rel}","templated":true}]}}