{"id":2159,"date":"2020-01-23T08:25:02","date_gmt":"2020-01-23T08:25:02","guid":{"rendered":"http:\/\/luckan-block-kit.local\/?page_id=2159"},"modified":"2026-04-22T14:43:39","modified_gmt":"2026-04-22T11:43:39","slug":"mentoring-networking","status":"publish","type":"page","link":"https:\/\/integration.luckan.fi\/sv\/mentoring-networking\/","title":{"rendered":"Mentorskap &amp; n\u00e4tverkande"},"content":{"rendered":"<div class=\"wp-block-media-text alignfull has-media-on-the-right is-stacked-on-mobile is-image-fill-element has-background\" style=\"background-color:#9decb6;grid-template-columns:auto 56%\"><div class=\"wp-block-media-text__content\">\n<h2 class=\"wp-block-heading\" id=\"expand-your-horizons\"><strong>Ut\u00f6ka din&nbsp;<\/strong>horisonter<\/h2>\n\n\n\n<p>\u00c4r du nyfiken p\u00e5 att tr\u00e4ffa nya m\u00e4nniskor? Vill du ut\u00f6ka ditt professionella och sociala n\u00e4tverk? Vill du ha konkret st\u00f6d f\u00f6r att hitta ett jobb? Luckan erbjuder flera program som st\u00f6der integration p\u00e5 olika s\u00e4tt.<\/p>\n\n\n\n<p class=\"has-extra-small-font-size\"><em>Foto: Juha Valkeajoki \/ Helsingfors stad<\/em><\/p>\n<\/div><figure class=\"wp-block-media-text__media\"><img loading=\"lazy\" decoding=\"async\" width=\"1500\" height=\"1000\" src=\"https:\/\/integration.luckan.fi\/wp-content\/uploads\/2023\/08\/Hanami2022_JuhaValkeajoki_Sherpa-7-1500x1000.jpg\" alt=\"\" class=\"wp-image-21080 size-full\" style=\"object-position:50% 50%\" srcset=\"https:\/\/integration.luckan.fi\/wp-content\/uploads\/2023\/08\/Hanami2022_JuhaValkeajoki_Sherpa-7-1500x1000.jpg 1500w, https:\/\/integration.luckan.fi\/wp-content\/uploads\/2023\/08\/Hanami2022_JuhaValkeajoki_Sherpa-7-1200x800.jpg 1200w, https:\/\/integration.luckan.fi\/wp-content\/uploads\/2023\/08\/Hanami2022_JuhaValkeajoki_Sherpa-7-450x300.jpg 450w, https:\/\/integration.luckan.fi\/wp-content\/uploads\/2023\/08\/Hanami2022_JuhaValkeajoki_Sherpa-7-768x512.jpg 768w, https:\/\/integration.luckan.fi\/wp-content\/uploads\/2023\/08\/Hanami2022_JuhaValkeajoki_Sherpa-7-1536x1024.jpg 1536w, https:\/\/integration.luckan.fi\/wp-content\/uploads\/2023\/08\/Hanami2022_JuhaValkeajoki_Sherpa-7-2048x1366.jpg 2048w, https:\/\/integration.luckan.fi\/wp-content\/uploads\/2023\/08\/Hanami2022_JuhaValkeajoki_Sherpa-7-18x12.jpg 18w, https:\/\/integration.luckan.fi\/wp-content\/uploads\/2023\/08\/Hanami2022_JuhaValkeajoki_Sherpa-7-200x133.jpg 200w, https:\/\/integration.luckan.fi\/wp-content\/uploads\/2023\/08\/Hanami2022_JuhaValkeajoki_Sherpa-7-150x100.jpg 150w, https:\/\/integration.luckan.fi\/wp-content\/uploads\/2023\/08\/Hanami2022_JuhaValkeajoki_Sherpa-7-1568x1046.jpg 1568w\" sizes=\"auto, (max-width: 1500px) 100vw, 1500px\" \/><\/figure><\/div>\n\n\n\n<div class=\"wp-block-group alignfull has-white-background-color has-background\"><div class=\"wp-block-group__inner-container is-layout-flow wp-block-group-is-layout-flow\">\n<div class=\"alignfull ghostkit-grid ghostkit-grid-gap-md ghostkit-grid-justify-content-center ghostkit-custom-Z1qmgdB\"><div class=\"ghostkit-grid-inner\">\n<div class=\"ghostkit-col ghostkit-col-grow\"><div class=\"ghostkit-col-content is-layout-flow wp-block-ghostkit-grid-column-is-layout-flow\">\n<h2 class=\"wp-block-heading has-h-3-font-size\" id=\"peer-support\">JobBuddies<\/h2>\n\n\n\n<figure class=\"wp-block-image size-full\"><img loading=\"lazy\" decoding=\"async\" width=\"1000\" height=\"667\" src=\"https:\/\/integration.luckan.fi\/wp-content\/uploads\/2026\/04\/JobBuddies-Programme-photo-horizontal-.png\" alt=\"\" class=\"wp-image-24544\" style=\"aspect-ratio:16\/9;object-fit:cover\" srcset=\"https:\/\/integration.luckan.fi\/wp-content\/uploads\/2026\/04\/JobBuddies-Programme-photo-horizontal-.png 1000w, https:\/\/integration.luckan.fi\/wp-content\/uploads\/2026\/04\/JobBuddies-Programme-photo-horizontal--450x300.png 450w, https:\/\/integration.luckan.fi\/wp-content\/uploads\/2026\/04\/JobBuddies-Programme-photo-horizontal--768x512.png 768w, https:\/\/integration.luckan.fi\/wp-content\/uploads\/2026\/04\/JobBuddies-Programme-photo-horizontal--18x12.png 18w, https:\/\/integration.luckan.fi\/wp-content\/uploads\/2026\/04\/JobBuddies-Programme-photo-horizontal--200x133.png 200w, https:\/\/integration.luckan.fi\/wp-content\/uploads\/2026\/04\/JobBuddies-Programme-photo-horizontal--150x100.png 150w\" sizes=\"auto, (max-width: 1000px) 100vw, 1000px\" \/><\/figure>\n\n\n\n<p class=\"column-max\">JobBuddies \u00e4r ett unikt mentorskapsprogram i grupp som \u00e4r skr\u00e4ddarsytt f\u00f6r yrkesverksamma som vill komma in i specifika branscher.<\/p>\n\n\n\n<div style=\"height:44px\" aria-hidden=\"true\" class=\"wp-block-spacer\"><\/div>\n\n\n\n<div class=\"wp-block-buttons is-layout-flex wp-container-core-buttons-is-layout-9bedd9bf wp-block-buttons-is-layout-flex\">\n<div class=\"wp-block-button\"><a class=\"wp-block-button__link wp-element-button\" href=\"https:\/\/integration.luckan.fi\/jobbuddies\/\">L\u00e4s mer<\/a><\/div>\n<\/div>\n<\/div><\/div>\n\n\n\n<div class=\"ghostkit-col ghostkit-col-lg-12 ghostkit-col-grow\"><div class=\"ghostkit-col-content is-layout-flow wp-block-ghostkit-grid-column-is-layout-flow\">\n<h2 class=\"wp-block-heading has-palette-color-3-color has-text-color has-h-3-font-size\" id=\"circle\">CIRKELN<\/h2>\n\n\n\n<figure class=\"wp-block-image size-full\"><img loading=\"lazy\" decoding=\"async\" width=\"2048\" height=\"1536\" src=\"https:\/\/integration.luckan.fi\/wp-content\/uploads\/2026\/04\/Cafe-Society-Megumi-Akane-Nina-Richard-Josh-copy.jpg\" alt=\"\" class=\"wp-image-24547\" style=\"aspect-ratio:16\/9;object-fit:cover\" srcset=\"https:\/\/integration.luckan.fi\/wp-content\/uploads\/2026\/04\/Cafe-Society-Megumi-Akane-Nina-Richard-Josh-copy.jpg 2048w, https:\/\/integration.luckan.fi\/wp-content\/uploads\/2026\/04\/Cafe-Society-Megumi-Akane-Nina-Richard-Josh-copy-1200x900.jpg 1200w, https:\/\/integration.luckan.fi\/wp-content\/uploads\/2026\/04\/Cafe-Society-Megumi-Akane-Nina-Richard-Josh-copy-1500x1125.jpg 1500w, https:\/\/integration.luckan.fi\/wp-content\/uploads\/2026\/04\/Cafe-Society-Megumi-Akane-Nina-Richard-Josh-copy-400x300.jpg 400w, https:\/\/integration.luckan.fi\/wp-content\/uploads\/2026\/04\/Cafe-Society-Megumi-Akane-Nina-Richard-Josh-copy-768x576.jpg 768w, https:\/\/integration.luckan.fi\/wp-content\/uploads\/2026\/04\/Cafe-Society-Megumi-Akane-Nina-Richard-Josh-copy-1536x1152.jpg 1536w, https:\/\/integration.luckan.fi\/wp-content\/uploads\/2026\/04\/Cafe-Society-Megumi-Akane-Nina-Richard-Josh-copy-16x12.jpg 16w, https:\/\/integration.luckan.fi\/wp-content\/uploads\/2026\/04\/Cafe-Society-Megumi-Akane-Nina-Richard-Josh-copy-200x150.jpg 200w, https:\/\/integration.luckan.fi\/wp-content\/uploads\/2026\/04\/Cafe-Society-Megumi-Akane-Nina-Richard-Josh-copy-150x113.jpg 150w, https:\/\/integration.luckan.fi\/wp-content\/uploads\/2026\/04\/Cafe-Society-Megumi-Akane-Nina-Richard-Josh-copy-1568x1176.jpg 1568w\" sizes=\"auto, (max-width: 2048px) 100vw, 2048px\" \/><\/figure>\n\n\n\n<p class=\"column-max\">CIRKELN \u00e4r ett socialt n\u00e4tverkskoncept som uppmuntrar m\u00e4nniskor att skapa nya sociala kontakter och v\u00e4nner.<\/p>\n\n\n\n<div style=\"height:72px\" aria-hidden=\"true\" class=\"wp-block-spacer\"><\/div>\n\n\n\n<div class=\"wp-block-buttons is-layout-flex wp-container-core-buttons-is-layout-9bedd9bf wp-block-buttons-is-layout-flex\">\n<div class=\"wp-block-button\"><a class=\"wp-block-button__link wp-element-button\" href=\"https:\/\/integration.luckan.fi\/circle\/\">L\u00e4s mer<\/a><\/div>\n<\/div>\n<\/div><\/div>\n\n\n\n<div class=\"ghostkit-col ghostkit-col-lg-12 ghostkit-col-grow\"><div class=\"ghostkit-col-content is-layout-flow wp-block-ghostkit-grid-column-is-layout-flow\">\n<h2 class=\"wp-block-heading has-h-3-font-size\" id=\"fika\">FIKA<\/h2>\n\n\n<figure class=\"wp-block-ub-image size-full\" id=\"ub-image-\"><img decoding=\"async\" src=\"https:\/\/integration.luckan.fi\/wp-content\/uploads\/2026\/04\/IMG_5939-3-scaled.jpg\" alt=\"\" class=\"wp-image-1\" style=\"aspect-ratio: 16\/9; object-fit: cover; \"><\/figure>\n\n\n<p class=\"column-max\">FIKA \u00e4r ett mentorprogram som matchar personer som beh\u00f6ver st\u00f6d i integrationsprocessen med frivilliga mentorer som \u00e4r etablerade i Finland.<\/p>\n\n\n\n<div style=\"height:48px\" aria-hidden=\"true\" class=\"wp-block-spacer\"><\/div>\n\n\n\n<div class=\"wp-block-buttons is-layout-flex wp-container-core-buttons-is-layout-9bedd9bf wp-block-buttons-is-layout-flex\">\n<div class=\"wp-block-button\"><a class=\"wp-block-button__link wp-element-button\" href=\"https:\/\/integration.luckan.fi\/mentoring-networking\/fika\/\">L\u00e4s mer<\/a><\/div>\n<\/div>\n<\/div><\/div>\n\n\n\n<div class=\"ghostkit-col ghostkit-col-lg-12 ghostkit-col-grow\"><div class=\"ghostkit-col-content is-layout-flow wp-block-ghostkit-grid-column-is-layout-flow\">\n<h2 class=\"wp-block-heading has-h-3-font-size\" id=\"peer-support\">Kamratst\u00f6d<\/h2>\n\n\n<figure class=\"wp-block-ub-image size-full\" id=\"ub-image-\"><img decoding=\"async\" src=\"https:\/\/integration.luckan.fi\/wp-content\/uploads\/2025\/05\/Screenshot-2025-05-09-at-12.19.36.png\" alt=\"\" class=\"wp-image-1\" style=\"aspect-ratio: 16\/9; object-fit: cover; \"><\/figure>\n\n\n<p class=\"column-max\">V\u00e5ra Peer Support Groups \u00e4r platser d\u00e4r internationella arbetss\u00f6kande kan f\u00e5 kontakt, utforska den finska arbetsmarknaden och dela erfarenheter med andra i liknande situationer.<\/p>\n\n\n\n<div style=\"height:45px\" aria-hidden=\"true\" class=\"wp-block-spacer\"><\/div>\n\n\n\n<div class=\"wp-block-buttons is-layout-flex wp-container-core-buttons-is-layout-9bedd9bf wp-block-buttons-is-layout-flex\">\n<div class=\"wp-block-button\"><a class=\"wp-block-button__link wp-element-button\" href=\"https:\/\/integration.luckan.fi\/peer-support-groups\/\">L\u00e4s mer<\/a><\/div>\n<\/div>\n<\/div><\/div>\n<\/div><\/div>\n<\/div><\/div>\n\n\n\n<p><\/p>","protected":false},"excerpt":{"rendered":"<p>Expand your&nbsp;horizons Are you curious to meet new people? Do you want to expand your professional and social networks? Do you want concrete support in finding a job? Luckan offers multiple programs that support integration in different ways. Photo : Juha Valkeajoki \/ City of Helsinki JobBuddies JobBuddies is a unique, group mentorship program tailored&hellip; <a class=\"more-link\" href=\"https:\/\/integration.luckan.fi\/sv\/mentoring-networking\/\">Forts\u00e4tt l\u00e4sa <span class=\"screen-reader-text\">Mentorskap &amp; n\u00e4tverkande<\/span><\/a><\/p>","protected":false},"author":1,"featured_media":0,"parent":0,"menu_order":0,"comment_status":"closed","ping_status":"closed","template":"tw-no-title.php","meta":{"om_disable_all_campaigns":false,"inline_featured_image":false,"ghostkit_customizer_options":"","ghostkit_custom_css":"","ghostkit_custom_js_head":"","ghostkit_custom_js_foot":"","ghostkit_typography":"","_monsterinsights_skip_tracking":false,"_monsterinsights_sitenote_active":false,"_monsterinsights_sitenote_note":"","_monsterinsights_sitenote_category":0,"cybocfi_hide_featured_image":"","footnotes":""},"class_list":["post-2159","page","type-page","status-publish","hentry","entry"],"aioseo_notices":[],"featured_image_src":null,"_links":{"self":[{"href":"https:\/\/integration.luckan.fi\/sv\/wp-json\/wp\/v2\/pages\/2159","targetHints":{"allow":["GET"]}}],"collection":[{"href":"https:\/\/integration.luckan.fi\/sv\/wp-json\/wp\/v2\/pages"}],"about":[{"href":"https:\/\/integration.luckan.fi\/sv\/wp-json\/wp\/v2\/types\/page"}],"author":[{"embeddable":true,"href":"https:\/\/integration.luckan.fi\/sv\/wp-json\/wp\/v2\/users\/1"}],"replies":[{"embeddable":true,"href":"https:\/\/integration.luckan.fi\/sv\/wp-json\/wp\/v2\/comments?post=2159"}],"version-history":[{"count":55,"href":"https:\/\/integration.luckan.fi\/sv\/wp-json\/wp\/v2\/pages\/2159\/revisions"}],"predecessor-version":[{"id":24577,"href":"https:\/\/integration.luckan.fi\/sv\/wp-json\/wp\/v2\/pages\/2159\/revisions\/24577"}],"wp:attachment":[{"href":"https:\/\/integration.luckan.fi\/sv\/wp-json\/wp\/v2\/media?parent=2159"}],"curies":[{"name":"wp","href":"https:\/\/api.w.org\/{rel}","templated":true}]}}