{"id":2163,"date":"2020-01-23T08:27:55","date_gmt":"2020-01-23T08:27:55","guid":{"rendered":"http:\/\/luckan-block-kit.local\/?page_id=2163"},"modified":"2025-12-09T14:11:35","modified_gmt":"2025-12-09T12:11:35","slug":"integrating","status":"publish","type":"page","link":"https:\/\/integration.luckan.fi\/sv\/integrating\/","title":{"rendered":"Integration p\u00e5 svenska"},"content":{"rendered":"<div class=\"wp-block-group alignfull has-background\" style=\"background-color:#76e99b\"><div class=\"wp-block-group__inner-container is-layout-flow wp-block-group-is-layout-flow\">\n<div class=\"wp-block-media-text alignwide has-media-on-the-right is-stacked-on-mobile is-vertically-aligned-center tw-mb-0 tw-mt-0 is-style-default tw-stack-md tw-media-bottom\" style=\"grid-template-columns:auto 60%\"><div class=\"wp-block-media-text__content\">\n<h1 class=\"wp-block-heading tw-mt-0 has-h-2-font-size\">Hej!<\/h1>\n\n\n\n<p class=\"has-medium-font-size\">Det h\u00e4r \u00e4r v\u00e5ra gamla sidor som vi inte l\u00e4ngre uppdaterar. Bes\u00f6k g\u00e4rna <strong><a href=\"https:\/\/integration.luckan.fi\/integratinginswedish\/\" target=\"_blank\" rel=\"noreferrer noopener\">welcome.fi <\/a><\/strong>f\u00f6r v\u00e5ra nya sidor p\u00e5 <strong>Svensk integration<\/strong>.<\/p>\n\n\n\n<div class=\"wp-block-buttons tw-mb-0 is-layout-flex wp-block-buttons-is-layout-flex\">\n<div class=\"wp-block-button is-style-fill\"><a class=\"wp-block-button__link wp-element-button\" href=\"\/guidance\/?utm_source=webpage&amp;utm_medium=webpage&amp;utm_campaign=counseling&amp;utm_content=otherpages#book\">Boka en tid<\/a><\/div>\n\n\n\n<div class=\"wp-block-button\"><a class=\"wp-block-button__link wp-element-button\" href=\"#integratingswe\">L\u00e4s mer<\/a><\/div>\n<\/div>\n<\/div><figure class=\"wp-block-media-text__media\"><img loading=\"lazy\" decoding=\"async\" width=\"1250\" height=\"808\" src=\"https:\/\/integration.luckan.fi\/wp-content\/uploads\/2021\/01\/info2-1250x808.jpg\" alt=\"\" class=\"wp-image-13844 size-rta_thumb_cropped_1250x808\" srcset=\"https:\/\/integration.luckan.fi\/wp-content\/uploads\/2021\/01\/info2-1250x808.jpg 1250w, https:\/\/integration.luckan.fi\/wp-content\/uploads\/2021\/01\/info2-768x497.jpg 768w\" sizes=\"auto, (max-width: 1250px) 100vw, 1250px\" \/><\/figure><\/div>\n<\/div><\/div>\n\n\n\n<h2 class=\"wp-block-heading\" id=\"integratingswe\">Integration p\u00e5 svenska<\/h2>\n\n\n\n<p>Finland har tv\u00e5 officiella spr\u00e5k, <a aria-label=\"Finska och svenska (\u00f6ppnas i en ny flik)\" rel=\"noreferrer noopener\" href=\"https:\/\/www.folktinget.fi\/eng\/about\/\" target=\"_blank\" class=\"ek-link\">Finska och svenska<\/a>. St\u00e4derna i huvudstadsregionen; Helsingfors, Esbo, Vanda och Kauniainen \u00e4r tv\u00e5spr\u00e5kiga med 65 000 registrerade svensktalande. Sammanlagt \u00e4r 5% av den finska befolkningen registrerade som svensktalande.<\/p>\n\n\n\n<ul class=\"wp-block-list is-style-arrow\">\n<li>Du har r\u00e4tt att <a aria-label=\"integrationsutbildning (\u00f6ppnas i en ny flik)\" class=\"ek-link\" href=\"https:\/\/www.te-palvelut.fi\/te\/en\/jobseekers\/career_education_training\/integration_training_immigrants\/index.html\" target=\"_blank\" rel=\"noreferrer noopener\">integrationsutbildning<\/a> antingen p\u00e5 finska eller p\u00e5 svenska<\/li>\n\n\n\n<li>Du kan <a aria-label=\"ans\u00f6ka om finskt medborgarskap (\u00f6ppnas i en ny flik)\" class=\"ek-link\" href=\"https:\/\/migri.fi\/en\/citizenship-application\" target=\"_blank\" rel=\"noreferrer noopener\">ans\u00f6ka om finskt medborgarskap<\/a> genom att avl\u00e4gga ett spr\u00e5ktest p\u00e5 finska eller svenska<\/li>\n\n\n\n<li>Alla har r\u00e4tt att anv\u00e4nda finska eller svenska<a aria-label=\" inf\u00f6r en statlig myndighet och en myndighet i en tv\u00e5spr\u00e5kig kommun (\u00f6ppnas i en ny flik)\" class=\"ek-link\" href=\"https:\/\/www.infofinland.fi\/en\/living-in-finland\/finnish-and-swedish\/swedish-language-in-finland\" target=\"_blank\" rel=\"noreferrer noopener\"> inf\u00f6r en statlig myndighet och en myndighet i en tv\u00e5spr\u00e5kig kommun<\/a>.  En tv\u00e5spr\u00e5kig myndighet ska betj\u00e4na allm\u00e4nheten p\u00e5 finska och svenska.<\/li>\n\n\n\n<li>Du kan v\u00e4lja <a aria-label=\"Svenskspr\u00e5kig utbildning (\u00f6ppnas i en ny flik)\" class=\"ek-link\" href=\"https:\/\/www.oph.fi\/en\/education-system\" target=\"_blank\" rel=\"noreferrer noopener\">Svenskspr\u00e5kig utbildning<\/a>, fr\u00e5n sm\u00e5barnspedagogik till h\u00f6gre utbildning<\/li>\n\n\n\n<li>Du kan ocks\u00e5 <a aria-label=\"studera svenska (\u00f6ppnas i en ny flik)\" class=\"ek-link\" href=\"https:\/\/integration.luckan.fi\/integrating-in-swedish\/swedish-courses\/\" target=\"_blank\" rel=\"noreferrer noopener\">studera svenska<\/a> som arbetsl\u00f6s f\u00f6r\u00e4lder som \u00e4r hemmafru och som arbetar eller studerar vid sidan av sitt arbete eller sina studier<\/li>\n\n\n\n<li>Du kan delta i <a aria-label=\"det rika kulturlivet (\u00f6ppnas i en ny flik)\" class=\"ek-link\" href=\"https:\/\/kulturforum.fi\/evenemang\" target=\"_blank\" rel=\"noreferrer noopener\">det rika kulturlivet<\/a> p\u00e5 svenska, till exempel litteratur, teater och musik<\/li>\n\n\n\n<li>M\u00e5nga av Finlands <a aria-label=\"de mest framg\u00e5ngsrika f\u00f6retagen (\u00f6ppnas i en ny flik)\" class=\"ek-link\" href=\"https:\/\/inktank.fi\/5-iconic-finnish-companies-founded-by-immigrants\/\" target=\"_blank\" rel=\"noreferrer noopener\">de mest framg\u00e5ngsrika f\u00f6retagen<\/a> \u00e4r grundade av invandrare<\/li>\n\n\n\n<li>Genom svenskan har en stor del av<a aria-label=\" de nordiska l\u00e4nderna (\u00f6ppnas i en ny flik)\" class=\"ek-link\" href=\"https:\/\/www.norden.org\/en\/information\/facts-about-nordic-countries\" target=\"_blank\" rel=\"noreferrer noopener\"> Norden<\/a> kommer att \u00f6ppna sig f\u00f6r dig<\/li>\n<\/ul>\n\n\n\n<p>Integration kan inneb\u00e4ra att du bos\u00e4tter dig i Finland och f\u00f6rv\u00e4rvar kunskaper och f\u00e4rdigheter som du beh\u00f6ver i det finska samh\u00e4llet. N\u00e5gra faktorer som fr\u00e4mjar integration inkluderar att l\u00e4ra sig finska eller svenska, att hitta ett jobb eller en studentposition och att skapa kontakter i det finska samh\u00e4llet.<\/p>\n\n\n\n<p>L\u00e4s mer om svensk integration p\u00e5&nbsp;<a aria-label=\" (\u00f6ppnas i en ny flik)\" rel=\"noreferrer noopener\" class=\"ek-link ek-link ek-link ek-link\" href=\"https:\/\/kotouttaminen.fi\/en\/integration-in-swedish\" target=\"_blank\">Center of Expertise in Immigrant Integration<\/a><\/p>\n\n\n\n<p>Vill du veta mer om det finsk-svenska folket, deras kultur och historia? Du hittar allm\u00e4n information p\u00e5 <a aria-label=\"Svenskfinland.fi, (\u00f6ppnas i en ny flik)\" rel=\"noreferrer noopener\" href=\"https:\/\/www.svenskfinland.fi\/\" target=\"_blank\" class=\"ek-link\">Svenskfinland.fi,<\/a> samt artiklar om utbildning, media och kultur. Ta en titt!<\/p>\n\n\n\n\n\n<div class=\"wp-block-group alignfull\"><div class=\"wp-block-group__inner-container is-layout-flow wp-block-group-is-layout-flow\"><\/div><\/div>\n\n\n\n\n\n<div class=\"wp-block-columns is-layout-flex wp-container-core-columns-is-layout-d0b3c9c8 wp-block-columns-is-layout-flex\">\n<div class=\"wp-block-column is-layout-flow wp-block-column-is-layout-flow\">\n<p class=\"has-text-align-center\"><strong>Veronica Hertzberg<br \/><\/strong>Projektledare<br \/>veronica.hertzberg (at) luckan.fi<br \/>050 581 9924<\/p>\n<\/div>\n\n\n\n<div class=\"wp-block-column is-layout-flow wp-block-column-is-layout-flow\">\n<p class=\"has-text-align-center\"><\/p>\n<\/div>\n<\/div>\n\n\n\n<div class=\"wp-block-columns is-layout-flex wp-container-core-columns-is-layout-d0b3c9c8 wp-block-columns-is-layout-flex\">\n<div class=\"wp-block-column is-vertically-aligned-top is-layout-flow wp-block-column-is-layout-flow\" style=\"--col-width:50%;flex-basis:50%\">\n<p class=\"has-text-align-center has-normal-font-size\"><\/p>\n<\/div>\n\n\n\n<div class=\"wp-block-column is-vertically-aligned-top is-layout-flow wp-block-column-is-layout-flow\" style=\"--col-width:50%;flex-basis:50%\"><\/div>\n<\/div>","protected":false},"excerpt":{"rendered":"<p>Hej! Det h\u00e4r \u00e4r v\u00e5ra gamla sidor som vi inte uppdaterar l\u00e4ngre. Bes\u00f6k g\u00e4rna welcome.fi f\u00f6r v\u00e5ra nya sidor om svensk integration. Integrering p\u00e5 svenska Finland har tv\u00e5 officiella spr\u00e5k, finska och svenska. St\u00e4derna i huvudstadsregionen; Helsingfors, Esbo, Vanda och Grankulla, \u00e4r alla tv\u00e5spr\u00e5kiga med 65 000 registrerade svensktalande. Sammanlagt 5%... <a class=\"more-link\" href=\"https:\/\/integration.luckan.fi\/sv\/integrating\/\">Forts\u00e4tt l\u00e4sa <span class=\"screen-reader-text\">Integration p\u00e5 svenska<\/span><\/a><\/p>","protected":false},"author":1,"featured_media":0,"parent":0,"menu_order":0,"comment_status":"closed","ping_status":"closed","template":"tw-no-title.php","meta":{"om_disable_all_campaigns":false,"inline_featured_image":false,"ghostkit_customizer_options":"","ghostkit_custom_css":"","ghostkit_custom_js_head":"","ghostkit_custom_js_foot":"","ghostkit_typography":"","_monsterinsights_skip_tracking":false,"_monsterinsights_sitenote_active":false,"_monsterinsights_sitenote_note":"","_monsterinsights_sitenote_category":0,"cybocfi_hide_featured_image":"","footnotes":""},"class_list":["post-2163","page","type-page","status-publish","hentry","entry"],"aioseo_notices":[],"featured_image_src":null,"_links":{"self":[{"href":"https:\/\/integration.luckan.fi\/sv\/wp-json\/wp\/v2\/pages\/2163","targetHints":{"allow":["GET"]}}],"collection":[{"href":"https:\/\/integration.luckan.fi\/sv\/wp-json\/wp\/v2\/pages"}],"about":[{"href":"https:\/\/integration.luckan.fi\/sv\/wp-json\/wp\/v2\/types\/page"}],"author":[{"embeddable":true,"href":"https:\/\/integration.luckan.fi\/sv\/wp-json\/wp\/v2\/users\/1"}],"replies":[{"embeddable":true,"href":"https:\/\/integration.luckan.fi\/sv\/wp-json\/wp\/v2\/comments?post=2163"}],"version-history":[{"count":2,"href":"https:\/\/integration.luckan.fi\/sv\/wp-json\/wp\/v2\/pages\/2163\/revisions"}],"predecessor-version":[{"id":24240,"href":"https:\/\/integration.luckan.fi\/sv\/wp-json\/wp\/v2\/pages\/2163\/revisions\/24240"}],"wp:attachment":[{"href":"https:\/\/integration.luckan.fi\/sv\/wp-json\/wp\/v2\/media?parent=2163"}],"curies":[{"name":"wp","href":"https:\/\/api.w.org\/{rel}","templated":true}]}}