{"id":22166,"date":"2023-12-04T16:07:04","date_gmt":"2023-12-04T14:07:04","guid":{"rendered":"https:\/\/integration.luckan.fi\/?page_id=22166"},"modified":"2024-10-31T13:11:58","modified_gmt":"2024-10-31T11:11:58","slug":"kvinder-i-job-a-research-project","status":"publish","type":"page","link":"https:\/\/integration.luckan.fi\/sv\/kvinder-i-job-a-research-project\/","title":{"rendered":"Kvinder i Job - ett forskningsprojekt"},"content":{"rendered":"<div class=\"wp-block-media-text alignfull has-media-on-the-right is-stacked-on-mobile is-vertically-aligned-center is-image-fill-element has-background\" style=\"background-color:#9decb6;grid-template-columns:auto 56%\"><div class=\"wp-block-media-text__content\">\n<h2 class=\"wp-block-heading has-black-color has-text-color has-link-color wp-elements-61efcd888af14d9fbb93a042db23ebb3\" id=\"kvinder-i-job-a-research-project\">Kvinnor i Job - <br \/>ett forskningsprojekt<\/h2>\n\n\n\n<p class=\"has-black-color has-text-color has-link-color wp-elements-54a7d6dac7bec386900eece8e926261e\">Kvinder i Job (eller Women at Work) \u00e4r ett nordiskt forskningssamarbete som p\u00e5g\u00e5r mellan 2023 och 2024. Tillsammans med KVINFO (Danmark) och Sammen om en jobb (Norge) unders\u00f6ker Luckan den sociala effekten av mentorskapsinitiativ, s\u00e4rskilt p\u00e5 invandrarkvinnors anst\u00e4llnings- och utbildningsm\u00f6jligheter.<\/p>\n\n\n\n<div class=\"wp-block-buttons is-layout-flex wp-block-buttons-is-layout-flex\">\n<div class=\"wp-block-button\"><a class=\"wp-block-button__link wp-element-button\" href=\"https:\/\/kvinfo.dk\/wp-content\/uploads\/2024\/04\/Kvinder-i-job-mentoring-for-migranter-i-de-nordiske-lande.pdf\" target=\"_blank\" rel=\"noreferrer noopener\">L\u00e4s rapporten<\/a><\/div>\n<\/div>\n<\/div><figure class=\"wp-block-media-text__media\"><img loading=\"lazy\" decoding=\"async\" width=\"1500\" height=\"1046\" src=\"https:\/\/integration.luckan.fi\/wp-content\/uploads\/2022\/05\/Kopia-av-FIKA_DSC0034-1500x1046.jpg\" alt=\"\" class=\"wp-image-19739 size-large\" style=\"object-position:46% 49%\" srcset=\"https:\/\/integration.luckan.fi\/wp-content\/uploads\/2022\/05\/Kopia-av-FIKA_DSC0034-1500x1046.jpg 1500w, https:\/\/integration.luckan.fi\/wp-content\/uploads\/2022\/05\/Kopia-av-FIKA_DSC0034-600x418.jpg 600w, https:\/\/integration.luckan.fi\/wp-content\/uploads\/2022\/05\/Kopia-av-FIKA_DSC0034-200x139.jpg 200w, https:\/\/integration.luckan.fi\/wp-content\/uploads\/2022\/05\/Kopia-av-FIKA_DSC0034-768x535.jpg 768w, https:\/\/integration.luckan.fi\/wp-content\/uploads\/2022\/05\/Kopia-av-FIKA_DSC0034-1536x1071.jpg 1536w, https:\/\/integration.luckan.fi\/wp-content\/uploads\/2022\/05\/Kopia-av-FIKA_DSC0034-18x12.jpg 18w, https:\/\/integration.luckan.fi\/wp-content\/uploads\/2022\/05\/Kopia-av-FIKA_DSC0034-1568x1093.jpg 1568w, https:\/\/integration.luckan.fi\/wp-content\/uploads\/2022\/05\/Kopia-av-FIKA_DSC0034.jpg 1694w\" sizes=\"auto, (max-width: 1500px) 100vw, 1500px\" \/><\/figure><\/div>\n\n\n\n<div style=\"height:17px\" aria-hidden=\"true\" class=\"wp-block-spacer\"><\/div>\n\n\n\n<div style=\"height:7px\" aria-hidden=\"true\" class=\"wp-block-spacer\"><\/div>\n\n\n\n<div class=\"wp-block-columns alignwide are-vertically-aligned-top tw-gutter-large is-layout-flex wp-container-core-columns-is-layout-d0b3c9c8 wp-block-columns-is-layout-flex\">\n<div class=\"wp-block-column is-vertically-aligned-top is-layout-flow wp-block-column-is-layout-flow\">\n<h3 class=\"wp-block-heading\" id=\"project-aims\">Projektets m\u00e5l<\/h3>\n\n\n\n<ul class=\"wp-block-list\">\n<li>Att lyfta fram b\u00e4sta praxis f\u00f6r mentorskap f\u00f6r invandrare, och s\u00e4rskilt unders\u00f6ka vilken roll mentorskap har f\u00f6r invandrarkvinnors karri\u00e4rer<\/li>\n\n\n\n<li>Att samla ny kunskap och dela erfarenheter mellan Finland, Danmark och Norge f\u00f6r att utveckla och f\u00f6rb\u00e4ttra syssels\u00e4ttningsfr\u00e4mjande metoder f\u00f6r m\u00e5lgruppen<\/li>\n\n\n\n<li>Att utveckla rekommendationer f\u00f6r integrationsaktiviteter i Norden, inklusive hur samarbete mellan den tredje sektorn och offentliga myndigheter kan hj\u00e4lpa invandrarkvinnor att f\u00e5 fotf\u00e4ste p\u00e5 arbetsmarknaden.&nbsp;<\/li>\n<\/ul>\n<\/div>\n\n\n\n<div class=\"wp-block-column is-vertically-aligned-top is-layout-flow wp-block-column-is-layout-flow\">\n<h3 class=\"wp-block-heading\" id=\"results\">Resultat<\/h3>\n\n\n\n<ul class=\"wp-block-list\">\n<li><a href=\"https:\/\/kvinfo.dk\/wp-content\/uploads\/2024\/04\/Kvinder-i-job-mentoring-for-migranter-i-de-nordiske-lande.pdf\" title=\"Rapport\">Rapport<\/a>: I april 2024 publicerade Kvinder i Job en rapport om mentorskap och hinder f\u00f6r anst\u00e4llning f\u00f6r invandrarkvinnor i de nordiska l\u00e4nderna. Data samlades in i varje organisation med hj\u00e4lp av tidigare utv\u00e4rderingar och nya intervjuer med deltagare, intressenter och personal. <\/li>\n\n\n\n<li>Konferens: Rapporten presenterades vid en nordisk hybridkonferens i maj 2024. Samskapande och partnerskap mellan den tredje, offentliga och privata sektorn vidareutvecklades genom tematiska workshops i varje lokalt sammanhang. <\/li>\n\n\n\n<li>Katalog: Baserat p\u00e5 konferensens workshops kommer projektet att publicera en katalog om sektors\u00f6vergripande samarbete inom integrationsomr\u00e5det.<\/li>\n<\/ul>\n<\/div>\n<\/div>\n\n\n\n<div style=\"height:4px\" aria-hidden=\"true\" class=\"wp-block-spacer\"><\/div>\n\n\n\n<div class=\"wp-block-group alignfull has-background\" style=\"background-color:#9decb6;padding-top:var(--wp--preset--spacing--50);padding-bottom:var(--wp--preset--spacing--20)\"><div class=\"wp-block-group__inner-container is-layout-flow wp-block-group-is-layout-flow\">\n<div class=\"wp-block-query alignfull is-layout-flow wp-block-query-is-layout-flow\">\n<div style=\"height:11px\" aria-hidden=\"true\" class=\"wp-block-spacer\"><\/div>\n\n\n\n<h2 class=\"wp-block-heading alignfull has-text-align-center\" id=\"kvinder-i-job-news\">Kvinder i Jobb Nyheter<\/h2>\n\n\n\n<div style=\"height:9px\" aria-hidden=\"true\" class=\"wp-block-spacer\"><\/div>\n\n\n<ul class=\"columns-3 alignwide wp-block-post-template is-layout-grid wp-container-core-post-template-is-layout-f39bca43 wp-block-post-template-is-layout-grid\"><li class=\"wp-block-post post-22537 post type-post status-publish format-standard has-post-thumbnail hentry category-kvinder-i-job category-before tag-kvinderijob entry\">\n\n<div class=\"wp-block-group\" style=\"padding-top:30px;padding-right:0px;padding-bottom:30px;padding-left:0px\"><div class=\"wp-block-group__inner-container is-layout-flow wp-block-group-is-layout-flow\"><figure style=\"aspect-ratio:1;\" class=\"tw-img-ratio-16-9 is-style-default wp-block-post-featured-image\"><a href=\"https:\/\/integration.luckan.fi\/sv\/integration-civil-society-luckan-co-hosts-nordic-conference\/\" target=\"_self\"  ><img loading=\"lazy\" decoding=\"async\" width=\"1568\" height=\"799\" src=\"https:\/\/integration.luckan.fi\/wp-content\/uploads\/2024\/05\/IMG_0051-1568x799.jpg\" class=\"attachment-post-thumbnail size-post-thumbnail wp-post-image\" alt=\"Integration &amp; civil society: Luckan co-hosts Nordic conference\" style=\"width:100%;height:50.98%;max-width:2560px;width:100%;height:100%;object-fit:cover;\" srcset=\"https:\/\/integration.luckan.fi\/wp-content\/uploads\/2024\/05\/IMG_0051-1568x799.jpg 1568w, https:\/\/integration.luckan.fi\/wp-content\/uploads\/2024\/05\/IMG_0051-1200x612.jpg 1200w, https:\/\/integration.luckan.fi\/wp-content\/uploads\/2024\/05\/IMG_0051-1500x765.jpg 1500w, https:\/\/integration.luckan.fi\/wp-content\/uploads\/2024\/05\/IMG_0051-500x255.jpg 500w, https:\/\/integration.luckan.fi\/wp-content\/uploads\/2024\/05\/IMG_0051-768x391.jpg 768w, https:\/\/integration.luckan.fi\/wp-content\/uploads\/2024\/05\/IMG_0051-1536x783.jpg 1536w, https:\/\/integration.luckan.fi\/wp-content\/uploads\/2024\/05\/IMG_0051-2048x1044.jpg 2048w, https:\/\/integration.luckan.fi\/wp-content\/uploads\/2024\/05\/IMG_0051-18x9.jpg 18w, https:\/\/integration.luckan.fi\/wp-content\/uploads\/2024\/05\/IMG_0051-200x102.jpg 200w, https:\/\/integration.luckan.fi\/wp-content\/uploads\/2024\/05\/IMG_0051-150x76.jpg 150w\" sizes=\"auto, (max-width: 1568px) 100vw, 1568px\" \/><\/a><\/figure>\n\n<h2 class=\"wp-block-post-title has-medium-font-size\"><a href=\"https:\/\/integration.luckan.fi\/sv\/integration-civil-society-luckan-co-hosts-nordic-conference\/\" target=\"_self\" >Integration &amp; civilsamh\u00e4lle: Luckan medarrang\u00f6r till nordisk konferens<\/a><\/h2>\n\n<div class=\"wp-block-post-excerpt\"><p class=\"wp-block-post-excerpt__excerpt\">Hur viktigt \u00e4r egentligen det civila samh\u00e4llet f\u00f6r att s\u00e4kerst\u00e4lla en r\u00e4ttvis och effektiv integration? Om du inte kunde delta i v\u00e5r konferens, h\u00e4r \u00e4r en spoiler: det \u00e4r... <\/p><\/div><\/div><\/div>\n\n<\/li><li class=\"wp-block-post post-22450 post type-post status-publish format-standard has-post-thumbnail hentry category-kvinder-i-job category-before tag-kvinderijob entry\">\n\n<div class=\"wp-block-group\" style=\"padding-top:30px;padding-right:0px;padding-bottom:30px;padding-left:0px\"><div class=\"wp-block-group__inner-container is-layout-flow wp-block-group-is-layout-flow\"><figure style=\"aspect-ratio:1;\" class=\"tw-img-ratio-16-9 is-style-default wp-block-post-featured-image\"><a href=\"https:\/\/integration.luckan.fi\/sv\/the-kvinder-i-job-report-is-published\/\" target=\"_self\"  ><img loading=\"lazy\" decoding=\"async\" width=\"1568\" height=\"1159\" src=\"https:\/\/integration.luckan.fi\/wp-content\/uploads\/2024\/04\/Screenshot-2024-04-17-at-17.34.03-1568x1159.png\" class=\"attachment-post-thumbnail size-post-thumbnail wp-post-image\" alt=\"The Kvinder i Job report is published!\" style=\"width:100%;height:73.95%;max-width:2372px;width:100%;height:100%;object-fit:cover;\" srcset=\"https:\/\/integration.luckan.fi\/wp-content\/uploads\/2024\/04\/Screenshot-2024-04-17-at-17.34.03-1568x1159.png 1568w, https:\/\/integration.luckan.fi\/wp-content\/uploads\/2024\/04\/Screenshot-2024-04-17-at-17.34.03-1200x887.png 1200w, https:\/\/integration.luckan.fi\/wp-content\/uploads\/2024\/04\/Screenshot-2024-04-17-at-17.34.03-1500x1109.png 1500w, https:\/\/integration.luckan.fi\/wp-content\/uploads\/2024\/04\/Screenshot-2024-04-17-at-17.34.03-406x300.png 406w, https:\/\/integration.luckan.fi\/wp-content\/uploads\/2024\/04\/Screenshot-2024-04-17-at-17.34.03-768x568.png 768w, https:\/\/integration.luckan.fi\/wp-content\/uploads\/2024\/04\/Screenshot-2024-04-17-at-17.34.03-1536x1136.png 1536w, https:\/\/integration.luckan.fi\/wp-content\/uploads\/2024\/04\/Screenshot-2024-04-17-at-17.34.03-2048x1514.png 2048w, https:\/\/integration.luckan.fi\/wp-content\/uploads\/2024\/04\/Screenshot-2024-04-17-at-17.34.03-16x12.png 16w, https:\/\/integration.luckan.fi\/wp-content\/uploads\/2024\/04\/Screenshot-2024-04-17-at-17.34.03-200x148.png 200w, https:\/\/integration.luckan.fi\/wp-content\/uploads\/2024\/04\/Screenshot-2024-04-17-at-17.34.03-150x111.png 150w\" sizes=\"auto, (max-width: 1568px) 100vw, 1568px\" \/><\/a><\/figure>\n\n<h2 class=\"wp-block-post-title has-medium-font-size\"><a href=\"https:\/\/integration.luckan.fi\/sv\/the-kvinder-i-job-report-is-published\/\" target=\"_self\" >Rapporten Kvinder i Job \u00e4r publicerad!<\/a><\/h2>\n\n<div class=\"wp-block-post-excerpt\"><p class=\"wp-block-post-excerpt__excerpt\">Forskningsrapporten \"Kvinder i job: Mentoring for Migranter i de nordiske lande\" (Kvinnor i arbete: Mentorskap f\u00f6r migranter i de nordiska l\u00e4nderna) har nu publicerats... <\/p><\/div><\/div><\/div>\n\n<\/li><li class=\"wp-block-post post-20892 post type-post status-publish format-standard has-post-thumbnail hentry category-kvinder-i-job category-news tag-fika tag-kvinderijob tag-mentoring entry\">\n\n<div class=\"wp-block-group\" style=\"padding-top:30px;padding-right:0px;padding-bottom:30px;padding-left:0px\"><div class=\"wp-block-group__inner-container is-layout-flow wp-block-group-is-layout-flow\"><figure style=\"aspect-ratio:1;\" class=\"tw-img-ratio-16-9 is-style-default wp-block-post-featured-image\"><a href=\"https:\/\/integration.luckan.fi\/sv\/luckan-begins-a-nordic-research-project-on-mentoring\/\" target=\"_self\"  ><img loading=\"lazy\" decoding=\"async\" width=\"1568\" height=\"725\" src=\"https:\/\/integration.luckan.fi\/wp-content\/uploads\/2023\/06\/Skarmavbild-2023-06-08-kl.-15.45.08-1568x725.png\" class=\"attachment-post-thumbnail size-post-thumbnail wp-post-image\" alt=\"Luckan begins a Nordic research project on mentoring\" style=\"width:100%;height:46.24%;max-width:1955px;width:100%;height:100%;object-fit:cover;\" srcset=\"https:\/\/integration.luckan.fi\/wp-content\/uploads\/2023\/06\/Skarmavbild-2023-06-08-kl.-15.45.08-1568x725.png 1568w, https:\/\/integration.luckan.fi\/wp-content\/uploads\/2023\/06\/Skarmavbild-2023-06-08-kl.-15.45.08-1200x555.png 1200w, https:\/\/integration.luckan.fi\/wp-content\/uploads\/2023\/06\/Skarmavbild-2023-06-08-kl.-15.45.08-1500x694.png 1500w, https:\/\/integration.luckan.fi\/wp-content\/uploads\/2023\/06\/Skarmavbild-2023-06-08-kl.-15.45.08-500x231.png 500w, https:\/\/integration.luckan.fi\/wp-content\/uploads\/2023\/06\/Skarmavbild-2023-06-08-kl.-15.45.08-768x355.png 768w, https:\/\/integration.luckan.fi\/wp-content\/uploads\/2023\/06\/Skarmavbild-2023-06-08-kl.-15.45.08-1536x710.png 1536w, https:\/\/integration.luckan.fi\/wp-content\/uploads\/2023\/06\/Skarmavbild-2023-06-08-kl.-15.45.08-18x8.png 18w, https:\/\/integration.luckan.fi\/wp-content\/uploads\/2023\/06\/Skarmavbild-2023-06-08-kl.-15.45.08-200x92.png 200w, https:\/\/integration.luckan.fi\/wp-content\/uploads\/2023\/06\/Skarmavbild-2023-06-08-kl.-15.45.08-150x69.png 150w, https:\/\/integration.luckan.fi\/wp-content\/uploads\/2023\/06\/Skarmavbild-2023-06-08-kl.-15.45.08.png 1955w\" sizes=\"auto, (max-width: 1568px) 100vw, 1568px\" \/><\/a><\/figure>\n\n<h2 class=\"wp-block-post-title has-medium-font-size\"><a href=\"https:\/\/integration.luckan.fi\/sv\/luckan-begins-a-nordic-research-project-on-mentoring\/\" target=\"_self\" >Luckan inleder ett nordiskt forskningsprojekt om mentorskap<\/a><\/h2>\n\n<div class=\"wp-block-post-excerpt\"><p class=\"wp-block-post-excerpt__excerpt\">Luckan har f\u00e5tt finansiering fr\u00e5n Nordiska ministerr\u00e5det f\u00f6r ett nordiskt samarbetsprojekt med namnet Kvinder i Job (Kvinnor p\u00e5 jobbet) 2023-24. Syftet med... <\/p><\/div><\/div><\/div>\n\n<\/li><\/ul>\n\n\n<div class=\"wp-block-buttons alignwide is-horizontal is-content-justification-left is-layout-flex wp-container-core-buttons-is-layout-20be11b6 wp-block-buttons-is-layout-flex\">\n<div class=\"wp-block-button\"><a class=\"wp-block-button__link wp-element-button\" href=\"https:\/\/integration.luckan.fi\/tag\/kvinderijob\/\">L\u00e4s fler nyheter<\/a><\/div>\n<\/div>\n\n\n\n<div style=\"height:17px\" aria-hidden=\"true\" class=\"wp-block-spacer\"><\/div>\n<\/div>\n<\/div><\/div>\n\n\n\n<div style=\"height:4px\" aria-hidden=\"true\" class=\"wp-block-spacer\"><\/div>\n\n\n\n<div style=\"height:15px\" aria-hidden=\"true\" class=\"wp-block-spacer\"><\/div>\n\n\n\n<h2 class=\"wp-block-heading has-text-align-center\" id=\"our-partner-programmes\">V\u00e5ra partnerprogram<\/h2>\n\n\n\n<p class=\"has-text-align-center\">L\u00e4s mer om de tre nordiska deltagandeprogrammen h\u00e4r.<\/p>\n\n\n\n<div class=\"wp-block-columns is-layout-flex wp-container-core-columns-is-layout-d0b3c9c8 wp-block-columns-is-layout-flex\">\n<div class=\"wp-block-column is-layout-flow wp-block-column-is-layout-flow\">\n<div class=\"wp-block-buttons is-content-justification-center is-layout-flex wp-container-core-buttons-is-layout-a89b3969 wp-block-buttons-is-layout-flex\">\n<div class=\"wp-block-button\"><a class=\"wp-block-button__link wp-element-button\" href=\"https:\/\/integration.luckan.fi\/mentoring-networking\/fika\/\">FIKA (FINLAND)<\/a><\/div>\n<\/div>\n<\/div>\n\n\n\n<div class=\"wp-block-column is-layout-flow wp-block-column-is-layout-flow\">\n<div class=\"wp-block-buttons is-content-justification-center is-layout-flex wp-container-core-buttons-is-layout-a89b3969 wp-block-buttons-is-layout-flex\">\n<div class=\"wp-block-button\"><a class=\"wp-block-button__link wp-element-button\" href=\"https:\/\/kvinfo.dk\/mentornetvaerk\/\" target=\"_blank\" rel=\"noreferrer noopener\">KVINFO (Danmark)<\/a><\/div>\n<\/div>\n<\/div>\n\n\n\n<div class=\"wp-block-column is-layout-flow wp-block-column-is-layout-flow\">\n<div class=\"wp-block-buttons is-content-justification-center is-layout-flex wp-container-core-buttons-is-layout-a89b3969 wp-block-buttons-is-layout-flex\">\n<div class=\"wp-block-button\"><a class=\"wp-block-button__link wp-element-button\" href=\"https:\/\/www.sammenomenjobb.no\/\" target=\"_blank\" rel=\"noreferrer noopener\">Sammen om en jobb (NORWAY)<\/a><\/div>\n<\/div>\n<\/div>\n<\/div>\n\n\n\n<div style=\"height:32px\" aria-hidden=\"true\" class=\"wp-block-spacer\"><\/div>\n\n\n\n<h2 class=\"wp-block-heading has-text-align-center\" id=\"our-partner-programmes\">Finansieras av<\/h2>\n\n\n<div class=\"wp-block-image\">\n<figure class=\"aligncenter size-full is-resized\"><img loading=\"lazy\" decoding=\"async\" width=\"475\" height=\"474\" src=\"https:\/\/integration.luckan.fi\/wp-content\/uploads\/2023\/12\/Samarbejde-Logotype-RGB-SV_0-1.png\" alt=\"\" class=\"wp-image-22260\" style=\"width:271px;height:auto\" srcset=\"https:\/\/integration.luckan.fi\/wp-content\/uploads\/2023\/12\/Samarbejde-Logotype-RGB-SV_0-1.png 475w, https:\/\/integration.luckan.fi\/wp-content\/uploads\/2023\/12\/Samarbejde-Logotype-RGB-SV_0-1-301x300.png 301w, https:\/\/integration.luckan.fi\/wp-content\/uploads\/2023\/12\/Samarbejde-Logotype-RGB-SV_0-1-12x12.png 12w, https:\/\/integration.luckan.fi\/wp-content\/uploads\/2023\/12\/Samarbejde-Logotype-RGB-SV_0-1-200x200.png 200w, https:\/\/integration.luckan.fi\/wp-content\/uploads\/2023\/12\/Samarbejde-Logotype-RGB-SV_0-1-150x150.png 150w\" sizes=\"auto, (max-width: 475px) 100vw, 475px\" \/><\/figure>\n<\/div>\n\n\n<div style=\"height:7px\" aria-hidden=\"true\" class=\"wp-block-spacer\"><\/div>\n\n\n\n<p class=\"has-text-align-center has-medium-font-size\"><strong>Kontaktperson f\u00f6r projektet <\/strong><\/p>\n\n\n\n<p class=\"has-text-align-center\">Cecilia Fewster<br \/>cecilia.fewster(a)luckan.fi<br \/>050 5852385<\/p>\n\n\n\n<p><a href=\"https:\/\/forms.gle\/YZePyJ5JFPjVV6228\" title=\"Test\">Test<\/a><\/p>\n\n\n\n<p><\/p>","protected":false},"excerpt":{"rendered":"<p>Projekt M\u00e5l Resultat V\u00e5ra samarbetsprogram L\u00e4s mer om de tre nordiska samarbetsprogrammen h\u00e4r. Finansierat av Projektkontakt Cecilia Fewstercecilia.fewster(a)luckan.fi 050 5852385 Test<\/p>","protected":false},"author":1,"featured_media":0,"parent":0,"menu_order":0,"comment_status":"closed","ping_status":"closed","template":"tw-no-title.php","meta":{"om_disable_all_campaigns":false,"inline_featured_image":false,"ghostkit_customizer_options":"","ghostkit_custom_css":"","ghostkit_custom_js_head":"","ghostkit_custom_js_foot":"","ghostkit_typography":"","_monsterinsights_skip_tracking":false,"_monsterinsights_sitenote_active":false,"_monsterinsights_sitenote_note":"","_monsterinsights_sitenote_category":0,"cybocfi_hide_featured_image":"","footnotes":""},"class_list":["post-22166","page","type-page","status-publish","hentry","entry"],"aioseo_notices":[],"featured_image_src":null,"_links":{"self":[{"href":"https:\/\/integration.luckan.fi\/sv\/wp-json\/wp\/v2\/pages\/22166","targetHints":{"allow":["GET"]}}],"collection":[{"href":"https:\/\/integration.luckan.fi\/sv\/wp-json\/wp\/v2\/pages"}],"about":[{"href":"https:\/\/integration.luckan.fi\/sv\/wp-json\/wp\/v2\/types\/page"}],"author":[{"embeddable":true,"href":"https:\/\/integration.luckan.fi\/sv\/wp-json\/wp\/v2\/users\/1"}],"replies":[{"embeddable":true,"href":"https:\/\/integration.luckan.fi\/sv\/wp-json\/wp\/v2\/comments?post=22166"}],"version-history":[{"count":43,"href":"https:\/\/integration.luckan.fi\/sv\/wp-json\/wp\/v2\/pages\/22166\/revisions"}],"predecessor-version":[{"id":23226,"href":"https:\/\/integration.luckan.fi\/sv\/wp-json\/wp\/v2\/pages\/22166\/revisions\/23226"}],"wp:attachment":[{"href":"https:\/\/integration.luckan.fi\/sv\/wp-json\/wp\/v2\/media?parent=22166"}],"curies":[{"name":"wp","href":"https:\/\/api.w.org\/{rel}","templated":true}]}}