{"id":23000,"date":"2024-09-23T15:45:42","date_gmt":"2024-09-23T12:45:42","guid":{"rendered":"https:\/\/integration.luckan.fi\/?page_id=23000"},"modified":"2025-04-30T14:26:07","modified_gmt":"2025-04-30T11:26:07","slug":"for-employers","status":"publish","type":"page","link":"https:\/\/integration.luckan.fi\/sv\/for-employers\/","title":{"rendered":"F\u00f6r arbetsgivare"},"content":{"rendered":"\n<div class=\"wp-block-group alignfull has-background has-small-font-size is-content-justification-right is-nowrap is-layout-flex wp-container-core-group-is-layout-f1734116 wp-block-group-is-layout-flex\" style=\"background-color:#ffe6e68a;padding-top:5px;padding-bottom:5px\">\n<p class=\"wp-container-content-29dca9c1\"><img loading=\"lazy\" decoding=\"async\" width=\"1500\" height=\"333\" class=\"wp-image-23160\" style=\"white-space: normal; font-size: revert; font-family: var(--global--font-secondary);\" src=\"https:\/\/integration.luckan.fi\/wp-content\/uploads\/2024\/09\/SV_Co-fundedbytheEU_RGB_POS-1500x333.png\" alt=\"\" srcset=\"https:\/\/integration.luckan.fi\/wp-content\/uploads\/2024\/09\/SV_Co-fundedbytheEU_RGB_POS-1500x333.png 1500w, https:\/\/integration.luckan.fi\/wp-content\/uploads\/2024\/09\/SV_Co-fundedbytheEU_RGB_POS-1200x266.png 1200w, https:\/\/integration.luckan.fi\/wp-content\/uploads\/2024\/09\/SV_Co-fundedbytheEU_RGB_POS-500x111.png 500w, https:\/\/integration.luckan.fi\/wp-content\/uploads\/2024\/09\/SV_Co-fundedbytheEU_RGB_POS-768x170.png 768w, https:\/\/integration.luckan.fi\/wp-content\/uploads\/2024\/09\/SV_Co-fundedbytheEU_RGB_POS-1536x341.png 1536w, https:\/\/integration.luckan.fi\/wp-content\/uploads\/2024\/09\/SV_Co-fundedbytheEU_RGB_POS-2048x455.png 2048w, https:\/\/integration.luckan.fi\/wp-content\/uploads\/2024\/09\/SV_Co-fundedbytheEU_RGB_POS-18x4.png 18w, https:\/\/integration.luckan.fi\/wp-content\/uploads\/2024\/09\/SV_Co-fundedbytheEU_RGB_POS-200x44.png 200w, https:\/\/integration.luckan.fi\/wp-content\/uploads\/2024\/09\/SV_Co-fundedbytheEU_RGB_POS-150x33.png 150w, https:\/\/integration.luckan.fi\/wp-content\/uploads\/2024\/09\/SV_Co-fundedbytheEU_RGB_POS-1568x348.png 1568w\" sizes=\"auto, (max-width: 1500px) 100vw, 1500px\" \/><\/p>\n<\/div>\n\n\n\n<div class=\"wp-block-media-text alignfull has-media-on-the-right is-stacked-on-mobile is-vertically-aligned-center is-image-fill-element has-subtle-background-color has-background\" style=\"grid-template-columns:auto 56%\"><div class=\"wp-block-media-text__content\">\n<h2 class=\"wp-block-heading\" id=\"for-employers\">For Employers<\/h2>\n\n\n\n<p>Businesses and organisations can choose to participate in trainings and seminars within the scope of the JobBuddies project. These events will take place throughout the project&#8217;s lifetime. To stay informed, sign up for the event mailing list below!<\/p>\n\n\n\n<div class=\"wp-block-buttons tw-mb-0 is-content-justification-left is-layout-flex wp-container-core-buttons-is-layout-fc4fd283 wp-block-buttons-is-layout-flex\">\n<div class=\"wp-block-button is-style-outline is-style-outline--1\"><a class=\"wp-block-button__link has-black-color has-text-color has-background wp-element-button\" href=\"https:\/\/integration.luckan.fi\/jobbuddies\/\" style=\"background-color:#ffffff00\">BAck<\/a><\/div>\n<\/div>\n<\/div><figure class=\"wp-block-media-text__media\"><img loading=\"lazy\" decoding=\"async\" width=\"1500\" height=\"1000\" src=\"https:\/\/integration.luckan.fi\/wp-content\/uploads\/2023\/09\/Fika_IMG_4520-1500x1000.jpg\" alt=\"\" class=\"wp-image-21643 size-rta_thumb_cropped_1250x808\" style=\"object-position:50% 50%\" srcset=\"https:\/\/integration.luckan.fi\/wp-content\/uploads\/2023\/09\/Fika_IMG_4520-1500x1000.jpg 1500w, https:\/\/integration.luckan.fi\/wp-content\/uploads\/2023\/09\/Fika_IMG_4520-1200x800.jpg 1200w, https:\/\/integration.luckan.fi\/wp-content\/uploads\/2023\/09\/Fika_IMG_4520-450x300.jpg 450w, https:\/\/integration.luckan.fi\/wp-content\/uploads\/2023\/09\/Fika_IMG_4520-768x512.jpg 768w, https:\/\/integration.luckan.fi\/wp-content\/uploads\/2023\/09\/Fika_IMG_4520-1536x1024.jpg 1536w, https:\/\/integration.luckan.fi\/wp-content\/uploads\/2023\/09\/Fika_IMG_4520-2048x1366.jpg 2048w, https:\/\/integration.luckan.fi\/wp-content\/uploads\/2023\/09\/Fika_IMG_4520-18x12.jpg 18w, https:\/\/integration.luckan.fi\/wp-content\/uploads\/2023\/09\/Fika_IMG_4520-200x133.jpg 200w, https:\/\/integration.luckan.fi\/wp-content\/uploads\/2023\/09\/Fika_IMG_4520-150x100.jpg 150w, https:\/\/integration.luckan.fi\/wp-content\/uploads\/2023\/09\/Fika_IMG_4520-1568x1045.jpg 1568w\" sizes=\"auto, (max-width: 1500px) 100vw, 1500px\" \/><\/figure><\/div>\n\n\n\n<div class=\"wp-block-columns alignwide is-layout-flex wp-container-core-columns-is-layout-d0b3c9c8 wp-block-columns-is-layout-flex\">\n<div class=\"wp-block-column is-layout-flow wp-block-column-is-layout-flow\">\n<div class=\"wp-block-media-text is-stacked-on-mobile is-vertically-aligned-center is-image-fill-element tw-mb-0 tw-mt-0 is-style-default tw-stack-md tw-media-bottom ghostkit-custom-1HRVyj\" style=\"grid-template-columns:48% auto\"><figure class=\"wp-block-media-text__media\"><img loading=\"lazy\" decoding=\"async\" width=\"1500\" height=\"1000\" src=\"https:\/\/integration.luckan.fi\/wp-content\/uploads\/2024\/09\/IMG_5381-1-1500x1000-1.jpg\" alt=\"\" class=\"wp-image-23127 size-rta_thumb_cropped_768x497\" style=\"object-position:50% 50%\" srcset=\"https:\/\/integration.luckan.fi\/wp-content\/uploads\/2024\/09\/IMG_5381-1-1500x1000-1.jpg 1500w, https:\/\/integration.luckan.fi\/wp-content\/uploads\/2024\/09\/IMG_5381-1-1500x1000-1-1200x800.jpg 1200w, https:\/\/integration.luckan.fi\/wp-content\/uploads\/2024\/09\/IMG_5381-1-1500x1000-1-450x300.jpg 450w, https:\/\/integration.luckan.fi\/wp-content\/uploads\/2024\/09\/IMG_5381-1-1500x1000-1-768x512.jpg 768w, https:\/\/integration.luckan.fi\/wp-content\/uploads\/2024\/09\/IMG_5381-1-1500x1000-1-18x12.jpg 18w, https:\/\/integration.luckan.fi\/wp-content\/uploads\/2024\/09\/IMG_5381-1-1500x1000-1-200x133.jpg 200w, https:\/\/integration.luckan.fi\/wp-content\/uploads\/2024\/09\/IMG_5381-1-1500x1000-1-150x100.jpg 150w\" sizes=\"auto, (max-width: 1500px) 100vw, 1500px\" \/><\/figure><div class=\"wp-block-media-text__content\">\n<h3 class=\"wp-block-heading tw-mt-0 has-h-3-font-size\" id=\"what-s-in-it-for-employers\"><strong>What\u2019s in it for employers?<\/strong><\/h3>\n\n\n\n<p>In addition to access to a pool of promising new professionals, the JobBuddies project will offer events tailored specifically to employers such as:<\/p>\n\n\n\n<ul class=\"wp-block-list\">\n<li>Strategies and tips on lowering the threshold for hiring immigrants<\/li>\n\n\n\n<li>Lectures on relevant changes in immigration legislation<\/li>\n\n\n\n<li>Guidance to improve your organisation\u2019s understanding of diversity and two-way integration<\/li>\n<\/ul>\n<\/div><\/div>\n<\/div>\n<\/div>\n\n\n\n<p class=\"has-text-align-center wp-block-heading\"><\/p>\n\n\n\n<div class=\"wp-block-group alignfull ghostkit-has-frame ghostkit-custom-ZUhClN\"><div class=\"wp-block-group__inner-container is-layout-flow wp-block-group-is-layout-flow\">\n<h2 class=\"wp-block-heading alignwide has-text-align-center has-black-color has-text-color\" id=\"sign-up-for-the-jobbuddies-mailing-list-here\">Sign up for the JobBuddies mailing list here!<\/h2>\n\n\n\n<div style=\"height:3px\" aria-hidden=\"true\" class=\"wp-block-spacer\"><\/div>\n<\/div><\/div>\n\n\n<div class=\"wpforms-container wpforms-block wpforms-block-f92700cd-c4b0-4261-957c-f3da55dedc85 wpforms-render-modern\" id=\"wpforms-23086\"><form id=\"wpforms-form-23086\" class=\"wpforms-validate wpforms-form\" data-formid=\"23086\" method=\"post\" enctype=\"multipart\/form-data\" action=\"\/sv\/wp-json\/wp\/v2\/pages\/23000\" data-token=\"108912621e87d321db64b08d9b2aa05f\" data-token-time=\"1776502953\"><noscript class=\"wpforms-error-noscript\">Aktivera JavaScript i din webbl\u00e4sare f\u00f6r att fylla i formul\u00e4ret.<\/noscript><div id=\"wpforms-error-noscript\" style=\"display: none;\">Aktivera JavaScript i din webbl\u00e4sare f\u00f6r att fylla i formul\u00e4ret.<\/div><div class=\"wpforms-field-container\"><div id=\"wpforms-23086-field_33-container\" class=\"wpforms-field wpforms-field-text\" data-field-id=\"33\"><label class=\"wpforms-field-label\" for=\"wpforms-23086-field_33\">Company \/ organisation <span class=\"wpforms-required-label\" aria-hidden=\"true\">*<\/span><\/label><input type=\"text\" id=\"wpforms-23086-field_33\" class=\"wpforms-field-medium wpforms-field-required\" name=\"wpforms[fields][33]\" aria-errormessage=\"wpforms-23086-field_33-error\" required><\/div><div id=\"wpforms-23086-field_34-container\" class=\"wpforms-field wpforms-field-text\" data-field-id=\"34\"><label class=\"wpforms-field-label\" for=\"wpforms-23086-field_34\">Business ID<\/label><input type=\"text\" id=\"wpforms-23086-field_34\" class=\"wpforms-field-medium\" name=\"wpforms[fields][34]\" aria-errormessage=\"wpforms-23086-field_34-error\" ><\/div><div id=\"wpforms-23086-field_1-container\" class=\"wpforms-field wpforms-field-name\" data-field-id=\"1\"><fieldset><legend class=\"wpforms-field-label\">Name <span class=\"wpforms-required-label\" aria-hidden=\"true\">*<\/span><\/legend><div class=\"wpforms-field-row wpforms-field-small\"><div class=\"wpforms-field-row-block wpforms-first wpforms-one-half\"><input type=\"text\" id=\"wpforms-23086-field_1\" class=\"wpforms-field-name-first wpforms-field-required\" name=\"wpforms[fields][1][first]\" aria-errormessage=\"wpforms-23086-field_1-error\" required><label for=\"wpforms-23086-field_1\" class=\"wpforms-field-sublabel after\">F\u00f6rst<\/label><\/div><div class=\"wpforms-field-row-block wpforms-one-half\"><input type=\"text\" id=\"wpforms-23086-field_1-last\" class=\"wpforms-field-name-last wpforms-field-required\" name=\"wpforms[fields][1][last]\" aria-errormessage=\"wpforms-23086-field_1-last-error\" required><label for=\"wpforms-23086-field_1-last\" class=\"wpforms-field-sublabel after\">Sist<\/label><\/div><\/div><\/fieldset><\/div><div id=\"wpforms-23086-field_36-container\" class=\"wpforms-field wpforms-field-text\" data-field-id=\"36\"><label class=\"wpforms-field-label\" for=\"wpforms-23086-field_36\">Position <span class=\"wpforms-required-label\" aria-hidden=\"true\">*<\/span><\/label><input type=\"text\" id=\"wpforms-23086-field_36\" class=\"wpforms-field-medium wpforms-field-required\" name=\"wpforms[fields][36]\" aria-errormessage=\"wpforms-23086-field_36-error\" required><\/div><div id=\"wpforms-23086-field_2-container\" class=\"wpforms-field wpforms-field-email\" data-field-id=\"2\"><label class=\"wpforms-field-label\" for=\"wpforms-23086-field_2\">Email <span class=\"wpforms-required-label\" aria-hidden=\"true\">*<\/span><\/label><input type=\"email\" id=\"wpforms-23086-field_2\" class=\"wpforms-field-medium wpforms-field-required\" name=\"wpforms[fields][2]\" spellcheck=\"false\" aria-errormessage=\"wpforms-23086-field_2-error\" required><\/div><div id=\"wpforms-23086-field_25-container\" class=\"wpforms-field wpforms-field-phone\" data-field-id=\"25\"><label class=\"wpforms-field-label\" for=\"wpforms-23086-field_25\">Phone number<\/label><input type=\"tel\" id=\"wpforms-23086-field_25\" class=\"wpforms-field-medium wpforms-smart-phone-field\" data-rule-smart-phone-field=\"true\" name=\"wpforms[fields][25]\" aria-label=\"Phone number\" aria-errormessage=\"wpforms-23086-field_25-error\" ><\/div><div id=\"wpforms-23086-field_21-container\" class=\"wpforms-field wpforms-field-checkbox\" data-field-id=\"21\"><fieldset><legend class=\"wpforms-field-label\">Where did you hear about JobBuddies? <span class=\"wpforms-required-label\" aria-hidden=\"true\">*<\/span><\/legend><ul id=\"wpforms-23086-field_21\" class=\"wpforms-field-required\"><li class=\"choice-1 depth-1\"><input type=\"checkbox\" id=\"wpforms-23086-field_21_1\" name=\"wpforms[fields][21][]\" value=\"Friend\" aria-errormessage=\"wpforms-23086-field_21_1-error\" required ><label class=\"wpforms-field-label-inline\" for=\"wpforms-23086-field_21_1\">Friend<\/label><\/li><li class=\"choice-2 depth-1\"><input type=\"checkbox\" id=\"wpforms-23086-field_21_2\" name=\"wpforms[fields][21][]\" value=\"Facebook\" aria-errormessage=\"wpforms-23086-field_21_2-error\" required ><label class=\"wpforms-field-label-inline\" for=\"wpforms-23086-field_21_2\">Facebook<\/label><\/li><li class=\"choice-3 depth-1\"><input type=\"checkbox\" id=\"wpforms-23086-field_21_3\" name=\"wpforms[fields][21][]\" value=\"Instagram\" aria-errormessage=\"wpforms-23086-field_21_3-error\" required ><label class=\"wpforms-field-label-inline\" for=\"wpforms-23086-field_21_3\">Instagram<\/label><\/li><li class=\"choice-4 depth-1\"><input type=\"checkbox\" id=\"wpforms-23086-field_21_4\" name=\"wpforms[fields][21][]\" value=\"Newsletter\" aria-errormessage=\"wpforms-23086-field_21_4-error\" required ><label class=\"wpforms-field-label-inline\" for=\"wpforms-23086-field_21_4\">Newsletter<\/label><\/li><li class=\"choice-7 depth-1\"><input type=\"checkbox\" id=\"wpforms-23086-field_21_7\" name=\"wpforms[fields][21][]\" value=\"LinkedIn\" aria-errormessage=\"wpforms-23086-field_21_7-error\" required ><label class=\"wpforms-field-label-inline\" for=\"wpforms-23086-field_21_7\">LinkedIn<\/label><\/li><li class=\"choice-5 depth-1\"><input type=\"checkbox\" id=\"wpforms-23086-field_21_5\" name=\"wpforms[fields][21][]\" value=\"Luckan Event\" aria-errormessage=\"wpforms-23086-field_21_5-error\" required ><label class=\"wpforms-field-label-inline\" for=\"wpforms-23086-field_21_5\">Luckan Event<\/label><\/li><li class=\"choice-8 depth-1\"><input type=\"checkbox\" id=\"wpforms-23086-field_21_8\" name=\"wpforms[fields][21][]\" value=\"Luckan website\" aria-errormessage=\"wpforms-23086-field_21_8-error\" required ><label class=\"wpforms-field-label-inline\" for=\"wpforms-23086-field_21_8\">Luckan website<\/label><\/li><li class=\"choice-6 depth-1\"><input type=\"checkbox\" id=\"wpforms-23086-field_21_6\" name=\"wpforms[fields][21][]\" value=\"Other\" aria-errormessage=\"wpforms-23086-field_21_6-error\" required ><label class=\"wpforms-field-label-inline\" for=\"wpforms-23086-field_21_6\">Other<\/label><\/li><\/ul><\/fieldset><\/div><div id=\"wpforms-23086-field_35-container\" class=\"wpforms-field wpforms-field-checkbox\" data-field-id=\"35\"><fieldset><legend class=\"wpforms-field-label\">Newsletter consent <span class=\"wpforms-required-label\" aria-hidden=\"true\">*<\/span><\/legend><ul id=\"wpforms-23086-field_35\" class=\"wpforms-field-required\"><li class=\"choice-1 depth-1\"><input type=\"checkbox\" id=\"wpforms-23086-field_35_1\" name=\"wpforms[fields][35][]\" value=\"I agree to receive email updates about project news and events\" aria-errormessage=\"wpforms-23086-field_35_1-error\" required ><label class=\"wpforms-field-label-inline\" for=\"wpforms-23086-field_35_1\">I agree to receive email updates about project news and events<\/label><\/li><\/ul><\/fieldset><\/div><\/div><!-- .wpforms-field-container --><div class=\"wpforms-recaptcha-container wpforms-is-recaptcha wpforms-is-recaptcha-type-v2\" ><div class=\"g-recaptcha\" data-sitekey=\"6Lf7Gt0UAAAAAKSSpdBicU4uYiF8HwnNrKwX4ZJK\"><\/div><input type=\"text\" name=\"g-recaptcha-hidden\" class=\"wpforms-recaptcha-hidden\" style=\"position:absolute!important;clip:rect(0,0,0,0)!important;height:1px!important;width:1px!important;border:0!important;overflow:hidden!important;padding:0!important;margin:0!important;\" data-rule-recaptcha=\"1\"><\/div><div class=\"wpforms-submit-container\" ><input type=\"hidden\" name=\"wpforms[id]\" value=\"23086\"><input type=\"hidden\" name=\"page_title\" value=\"\"><input type=\"hidden\" name=\"page_url\" value=\"https:\/\/integration.luckan.fi\/sv\/wp-json\/wp\/v2\/pages\/23000\"><input type=\"hidden\" name=\"url_referer\" value=\"\"><button type=\"submit\" name=\"wpforms[submit]\" id=\"wpforms-submit-23086\" class=\"wpforms-submit\" data-alt-text=\"Sending\u2026\" data-submit-text=\"Submit\" aria-live=\"assertive\" value=\"wpforms-submit\">Submit<\/button><\/div><\/form><\/div>  <!-- .wpforms-container -->\n\n\n<div class=\"wp-block-group\"><div class=\"wp-block-group__inner-container is-layout-constrained wp-block-group-is-layout-constrained\">\n<h3 class=\"wp-block-heading\" id=\"if-you-have-any-questions-about-the-jobbuddies-program-don-t-hesitate-to-contact-us\">If you have any questions about the JobBuddies program, don&#8217;t hesitate to contact us!<\/h3>\n\n\n\n<p class=\"has-text-align-center\"><strong>Contact info<\/strong><br \/>email: jobbuddies@luckan.fi<\/p>\n\n\n\n<div class=\"wp-block-columns alignwide are-vertically-aligned-top is-style-default is-layout-flex wp-container-core-columns-is-layout-d0b3c9c8 wp-block-columns-is-layout-flex\">\n<div class=\"wp-block-column is-layout-flow wp-block-column-is-layout-flow\">\n<div class=\"wp-block-columns is-layout-flex wp-container-core-columns-is-layout-d0b3c9c8 wp-block-columns-is-layout-flex\">\n<div class=\"wp-block-column is-layout-flow wp-block-column-is-layout-flow\" style=\"--col-width:33.33%;flex-basis:33.33%\">\n<figure class=\"wp-block-image size-full is-resized is-style-rounded\"><img loading=\"lazy\" decoding=\"async\" width=\"429\" height=\"429\" src=\"https:\/\/integration.luckan.fi\/wp-content\/uploads\/2023\/08\/Hertzberg-Veronica-429x600-1-e1695376706171.jpeg\" alt=\"\" class=\"wp-image-21758\" style=\"aspect-ratio:1;object-fit:cover;width:115px\" srcset=\"https:\/\/integration.luckan.fi\/wp-content\/uploads\/2023\/08\/Hertzberg-Veronica-429x600-1-e1695376706171.jpeg 429w, https:\/\/integration.luckan.fi\/wp-content\/uploads\/2023\/08\/Hertzberg-Veronica-429x600-1-e1695376706171-300x300.jpeg 300w, https:\/\/integration.luckan.fi\/wp-content\/uploads\/2023\/08\/Hertzberg-Veronica-429x600-1-e1695376706171-12x12.jpeg 12w, https:\/\/integration.luckan.fi\/wp-content\/uploads\/2023\/08\/Hertzberg-Veronica-429x600-1-e1695376706171-200x200.jpeg 200w, https:\/\/integration.luckan.fi\/wp-content\/uploads\/2023\/08\/Hertzberg-Veronica-429x600-1-e1695376706171-150x150.jpeg 150w\" sizes=\"auto, (max-width: 429px) 100vw, 429px\" \/><\/figure>\n<\/div>\n\n\n\n<div class=\"wp-block-column is-vertically-aligned-center is-layout-flow wp-block-column-is-layout-flow\" style=\"--col-width:80%;flex-basis:80%\">\n<p class=\"has-extra-small-font-size\"><strong>Veronica Hertzberg<br \/><\/strong>Project Lead<br \/>veronica.hertzberg@luckan.fi <br \/><span id=\"eeb-861025-86620\"><\/span><script type=\"text\/javascript\">(function() {var ml=\"940%1B2358\",mi=\"365789362823628943620061\",o=\"\";for(var j=0,l=mi.length;j<l;j++) {o+=ml.charAt(mi.charCodeAt(j)-48);}document.getElementById(\"eeb-861025-86620\").innerHTML = decodeURIComponent(o);}());<\/script><noscript>*protected email*<\/noscript><\/p>\n<\/div>\n<\/div>\n<\/div>\n\n\n\n<div class=\"wp-block-column is-vertically-aligned-top is-layout-flow wp-block-column-is-layout-flow\">\n<div class=\"wp-block-columns is-layout-flex wp-container-core-columns-is-layout-d0b3c9c8 wp-block-columns-is-layout-flex\">\n<div class=\"wp-block-column is-vertically-aligned-top is-layout-flow wp-block-column-is-layout-flow\" style=\"--col-width:33.33%;flex-basis:33.33%\">\n<figure class=\"wp-block-image size-full is-resized is-style-rounded\"><img loading=\"lazy\" decoding=\"async\" width=\"2830\" height=\"2830\" src=\"https:\/\/integration.luckan.fi\/wp-content\/uploads\/2023\/08\/Julia-Qesteri-e1695376725347.png\" alt=\"\" class=\"wp-image-21759\" style=\"aspect-ratio:1;object-fit:cover;width:115px\" srcset=\"https:\/\/integration.luckan.fi\/wp-content\/uploads\/2023\/08\/Julia-Qesteri-e1695376725347.png 2830w, https:\/\/integration.luckan.fi\/wp-content\/uploads\/2023\/08\/Julia-Qesteri-e1695376725347-1000x1000.png 1000w, https:\/\/integration.luckan.fi\/wp-content\/uploads\/2023\/08\/Julia-Qesteri-e1695376725347-1500x1500.png 1500w, https:\/\/integration.luckan.fi\/wp-content\/uploads\/2023\/08\/Julia-Qesteri-e1695376725347-300x300.png 300w, https:\/\/integration.luckan.fi\/wp-content\/uploads\/2023\/08\/Julia-Qesteri-e1695376725347-768x768.png 768w, https:\/\/integration.luckan.fi\/wp-content\/uploads\/2023\/08\/Julia-Qesteri-e1695376725347-1536x1536.png 1536w, https:\/\/integration.luckan.fi\/wp-content\/uploads\/2023\/08\/Julia-Qesteri-e1695376725347-2048x2048.png 2048w, https:\/\/integration.luckan.fi\/wp-content\/uploads\/2023\/08\/Julia-Qesteri-e1695376725347-12x12.png 12w, https:\/\/integration.luckan.fi\/wp-content\/uploads\/2023\/08\/Julia-Qesteri-e1695376725347-200x200.png 200w, https:\/\/integration.luckan.fi\/wp-content\/uploads\/2023\/08\/Julia-Qesteri-e1695376725347-150x150.png 150w, https:\/\/integration.luckan.fi\/wp-content\/uploads\/2023\/08\/Julia-Qesteri-e1695376725347-1568x1568.png 1568w\" sizes=\"auto, (max-width: 2830px) 100vw, 2830px\" \/><\/figure>\n<\/div>\n\n\n\n<div class=\"wp-block-column is-vertically-aligned-center is-layout-flow wp-block-column-is-layout-flow\" style=\"--col-width:80%;flex-basis:80%\">\n<p class=\"has-extra-small-font-size\"><strong>Julia Qesteri<br \/><\/strong>Project Advisor<br \/>julia.qesteri@luckan.fi <br \/><span id=\"eeb-50088-209176\"><\/span><script type=\"text\/javascript\">(function() {var ml=\"%385607B2\",mi=\"087132085350851560853642\",o=\"\";for(var j=0,l=mi.length;j<l;j++) {o+=ml.charAt(mi.charCodeAt(j)-48);}document.getElementById(\"eeb-50088-209176\").innerHTML = decodeURIComponent(o);}());<\/script><noscript>*protected email*<\/noscript><\/p>\n<\/div>\n<\/div>\n<\/div>\n\n\n\n<div class=\"wp-block-column is-vertically-aligned-top is-layout-flow wp-block-column-is-layout-flow\">\n<div class=\"wp-block-columns is-layout-flex wp-container-core-columns-is-layout-d0b3c9c8 wp-block-columns-is-layout-flex\">\n<div class=\"wp-block-column is-layout-flow wp-block-column-is-layout-flow\" style=\"--col-width:33.33%;flex-basis:33.33%\">\n<figure class=\"wp-block-image size-full is-resized is-style-rounded\"><img loading=\"lazy\" decoding=\"async\" width=\"1178\" height=\"1178\" src=\"https:\/\/integration.luckan.fi\/wp-content\/uploads\/2023\/09\/Luckan_C_LI.png\" alt=\"\" class=\"wp-image-21763\" style=\"aspect-ratio:1;object-fit:cover;width:115px\" srcset=\"https:\/\/integration.luckan.fi\/wp-content\/uploads\/2023\/09\/Luckan_C_LI.png 1178w, https:\/\/integration.luckan.fi\/wp-content\/uploads\/2023\/09\/Luckan_C_LI-1000x1000.png 1000w, https:\/\/integration.luckan.fi\/wp-content\/uploads\/2023\/09\/Luckan_C_LI-300x300.png 300w, https:\/\/integration.luckan.fi\/wp-content\/uploads\/2023\/09\/Luckan_C_LI-768x768.png 768w, https:\/\/integration.luckan.fi\/wp-content\/uploads\/2023\/09\/Luckan_C_LI-12x12.png 12w, https:\/\/integration.luckan.fi\/wp-content\/uploads\/2023\/09\/Luckan_C_LI-200x200.png 200w, https:\/\/integration.luckan.fi\/wp-content\/uploads\/2023\/09\/Luckan_C_LI-150x150.png 150w\" sizes=\"auto, (max-width: 1178px) 100vw, 1178px\" \/><\/figure>\n<\/div>\n\n\n\n<div class=\"wp-block-column is-vertically-aligned-center is-layout-flow wp-block-column-is-layout-flow\" style=\"--col-width:80%;flex-basis:80%\">\n<p class=\"has-extra-small-font-size\"><strong>Philip<br \/><\/strong>Project Advisor<br \/>philip@luckan.fi <br \/><span id=\"eeb-913140-716884\"><\/span><script type=\"text\/javascript\">(function() {var ml=\"587B290%3\",mi=\"743801746067460027465455\",o=\"\";for(var j=0,l=mi.length;j<l;j++) {o+=ml.charAt(mi.charCodeAt(j)-48);}document.getElementById(\"eeb-913140-716884\").innerHTML = decodeURIComponent(o);}());<\/script><noscript>*protected email*<\/noscript><\/p>\n<\/div>\n<\/div>\n<\/div>\n<\/div>\n<\/div><\/div>\n","protected":false},"excerpt":{"rendered":"<p>Vad f\u00e5r arbetsgivarna ut av det? F\u00f6rutom tillg\u00e5ng till en pool av lovande nya yrkesverksamma kommer JobBuddies-projektet att erbjuda evenemang som \u00e4r skr\u00e4ddarsydda f\u00f6r arbetsgivare, t.ex: Anm\u00e4l dig till JobBuddies e-postlista h\u00e4r!<\/p>","protected":false},"author":2,"featured_media":0,"parent":0,"menu_order":0,"comment_status":"closed","ping_status":"closed","template":"tw-no-title.php","meta":{"om_disable_all_campaigns":false,"inline_featured_image":false,"ghostkit_customizer_options":"","ghostkit_custom_css":"","ghostkit_custom_js_head":"","ghostkit_custom_js_foot":"","ghostkit_typography":"","_monsterinsights_skip_tracking":false,"_monsterinsights_sitenote_active":false,"_monsterinsights_sitenote_note":"","_monsterinsights_sitenote_category":0,"cybocfi_hide_featured_image":"","footnotes":""},"class_list":["post-23000","page","type-page","status-publish","hentry","entry"],"aioseo_notices":[],"featured_image_src":null,"_links":{"self":[{"href":"https:\/\/integration.luckan.fi\/sv\/wp-json\/wp\/v2\/pages\/23000","targetHints":{"allow":["GET"]}}],"collection":[{"href":"https:\/\/integration.luckan.fi\/sv\/wp-json\/wp\/v2\/pages"}],"about":[{"href":"https:\/\/integration.luckan.fi\/sv\/wp-json\/wp\/v2\/types\/page"}],"author":[{"embeddable":true,"href":"https:\/\/integration.luckan.fi\/sv\/wp-json\/wp\/v2\/users\/2"}],"replies":[{"embeddable":true,"href":"https:\/\/integration.luckan.fi\/sv\/wp-json\/wp\/v2\/comments?post=23000"}],"version-history":[{"count":12,"href":"https:\/\/integration.luckan.fi\/sv\/wp-json\/wp\/v2\/pages\/23000\/revisions"}],"predecessor-version":[{"id":23556,"href":"https:\/\/integration.luckan.fi\/sv\/wp-json\/wp\/v2\/pages\/23000\/revisions\/23556"}],"wp:attachment":[{"href":"https:\/\/integration.luckan.fi\/sv\/wp-json\/wp\/v2\/media?parent=23000"}],"curies":[{"name":"wp","href":"https:\/\/api.w.org\/{rel}","templated":true}]}}