{"id":2324,"date":"2020-01-27T14:07:28","date_gmt":"2020-01-27T14:07:28","guid":{"rendered":"http:\/\/luckan-block-kit.local\/?page_id=2324"},"modified":"2026-01-26T11:56:29","modified_gmt":"2026-01-26T09:56:29","slug":"looking-for-a-mentor","status":"publish","type":"page","link":"https:\/\/integration.luckan.fi\/sv\/mentoring-networking\/fika\/looking-for-a-mentor\/","title":{"rendered":"SKAFFA EN EGEN MENTOR"},"content":{"rendered":"<div class=\"wp-block-media-text alignfull has-media-on-the-right is-stacked-on-mobile is-image-fill-element has-blue-background-color has-background\" style=\"grid-template-columns:auto 56%\"><div class=\"wp-block-media-text__content\">\n<h2 class=\"wp-block-heading alignwide\" id=\"get-your-own-mentor\">F\u00e5 en egen mentor<\/h2>\n\n\n\n<p>Du kan ans\u00f6ka om att f\u00e5 en mentor om:<\/p>\n\n\n\n<ul class=\"wp-block-list\">\n<li>du har flyttat till Finland<\/li>\n\n\n\n<li>du vill tr\u00e4ffa n\u00e5gon som \u00e4r etablerad i Finland och utbyta erfarenheter, umg\u00e5s, \u00f6va p\u00e5 finska, svenska eller engelska eller f\u00e5 st\u00f6d i ditt arbetss\u00f6kande<\/li>\n\n\n\n<li>du \u00e4r redo att tr\u00e4ffa ditt par 3 g\u00e5nger per m\u00e5nad i 6 m\u00e5nader<\/li>\n\n\n\n<li>du bor i huvudstadsregionen<\/li>\n<\/ul>\n\n\n\n<div class=\"wp-block-buttons tw-md-hidden tw-lg-hidden tw-sm-hidden is-layout-flex wp-block-buttons-is-layout-flex\">\n<div class=\"wp-block-button\"><a class=\"wp-block-button__link wp-element-button\" href=\"https:\/\/app.kople.io\/luckan-integration\/fika-mentorship\/mentee?openModal\" target=\"_blank\" rel=\"noreferrer noopener\">Registrera dig h\u00e4r!<\/a><\/div>\n<\/div>\n<\/div><figure class=\"wp-block-media-text__media\"><img loading=\"lazy\" decoding=\"async\" width=\"1500\" height=\"1000\" src=\"https:\/\/integration.luckan.fi\/wp-content\/uploads\/2024\/06\/IMG_5319-1-1500x1000.jpg\" alt=\"\" class=\"wp-image-22598 size-full\" style=\"object-position:50% 50%\" srcset=\"https:\/\/integration.luckan.fi\/wp-content\/uploads\/2024\/06\/IMG_5319-1-1500x1000.jpg 1500w, https:\/\/integration.luckan.fi\/wp-content\/uploads\/2024\/06\/IMG_5319-1-1200x800.jpg 1200w, https:\/\/integration.luckan.fi\/wp-content\/uploads\/2024\/06\/IMG_5319-1-450x300.jpg 450w, https:\/\/integration.luckan.fi\/wp-content\/uploads\/2024\/06\/IMG_5319-1-768x512.jpg 768w, https:\/\/integration.luckan.fi\/wp-content\/uploads\/2024\/06\/IMG_5319-1-1536x1024.jpg 1536w, https:\/\/integration.luckan.fi\/wp-content\/uploads\/2024\/06\/IMG_5319-1-2048x1365.jpg 2048w, https:\/\/integration.luckan.fi\/wp-content\/uploads\/2024\/06\/IMG_5319-1-18x12.jpg 18w, https:\/\/integration.luckan.fi\/wp-content\/uploads\/2024\/06\/IMG_5319-1-200x133.jpg 200w, https:\/\/integration.luckan.fi\/wp-content\/uploads\/2024\/06\/IMG_5319-1-150x100.jpg 150w, https:\/\/integration.luckan.fi\/wp-content\/uploads\/2024\/06\/IMG_5319-1-1568x1045.jpg 1568w\" sizes=\"auto, (max-width: 1500px) 100vw, 1500px\" \/><\/figure><\/div>\n\n\n\n<div style=\"height:3px\" aria-hidden=\"true\" class=\"wp-block-spacer\"><\/div>\n\n\n\n<div class=\"wp-block-columns alignfull is-layout-flex wp-container-core-columns-is-layout-d0b3c9c8 wp-block-columns-is-layout-flex\">\n<div class=\"wp-block-column is-layout-flow wp-block-column-is-layout-flow\">\n<div class=\"wp-block-columns is-layout-flex wp-container-core-columns-is-layout-d0b3c9c8 wp-block-columns-is-layout-flex\">\n<div class=\"wp-block-column is-layout-flow wp-block-column-is-layout-flow\">\n<h3 id=\"what-do-i-get-from-the-mentoring-program\" class=\"wp-block-heading\"><strong>Vad f\u00e5r jag ut av mentorprogrammet?<\/strong> <\/h3>\n\n\n\n<p>Genom att delta f\u00e5r du en m\u00f6jlighet till personlig utveckling genom ett erfarenhetsutbyte med din egen mentor. Mentorn \u00e4r en person som kan hj\u00e4lpa dig att hitta din v\u00e4g i det finska samh\u00e4llet. Tillsammans kommer ni att tr\u00e4ffas p\u00e5 egen hand under 6 m\u00e5nader. Beroende p\u00e5 dina m\u00e5l kan din mentor st\u00f6dja dig med att f\u00f6rb\u00e4ttra dina spr\u00e5kkunskaper i svenska eller finska, ge dig tips om jobbs\u00f6kning och n\u00e4tverkande eller tipsa dig om anv\u00e4ndbara tj\u00e4nster och intressanta evenemang. <\/p>\n<\/div>\n\n\n\n<div class=\"wp-block-column is-layout-flow wp-block-column-is-layout-flow\">\n<h3 id=\"what-do-i-need-to-participate\" class=\"wp-block-heading\"><strong>Vad beh\u00f6ver jag f\u00f6r att delta?<\/strong><\/h3>\n\n\n\n<p>Du beh\u00f6ver vara motiverad och intresserad av att tr\u00e4ffa nya m\u00e4nniskor. Det \u00e4r bra om du vet vad du vill fr\u00e5ga din mentor om och vad ni ska fokusera p\u00e5 tillsammans. Det \u00e4r viktigt att du kan \u00e5ta dig att tr\u00e4ffa din mentor 3 g\u00e5nger per m\u00e5nad under 6 m\u00e5nader. Du m\u00e5ste ocks\u00e5 ha uppeh\u00e5llstillst\u00e5nd.<\/p>\n<\/div>\n\n\n\n<div class=\"wp-block-column is-layout-flow wp-block-column-is-layout-flow\">\n<h3 id=\"how-are-pairs-supported-by-luckan\" class=\"wp-block-heading\"><strong>Hur st\u00f6ds paren av Luckan?<\/strong><\/h3>\n\n\n\n<p>Innan du tr\u00e4ffar ditt par f\u00f6r f\u00f6rsta g\u00e5ngen kommer du att f\u00e5 en introduktion till din roll som adept. Luckan matchar paren utifr\u00e5n deras intressen och bakgrund. Vi tillhandah\u00e5ller ocks\u00e5 material, ger id\u00e9er om aktiviteter och erbjuder v\u00e4gledning om n\u00e5gra sv\u00e5ra fr\u00e5gor uppst\u00e5r.<\/p>\n<\/div>\n<\/div>\n<\/div>\n<\/div>\n\n\n\n<div class=\"wp-block-group alignfull has-blue-background-color has-background\"><div class=\"wp-block-group__inner-container is-layout-constrained wp-block-group-is-layout-constrained\">\n<h2 id=\"faq\" class=\"wp-block-heading\">VANLIGA FR\u00c5GOR<\/h2>\n\n\n\n<div class=\"ghostkit-accordion ghostkit-accordion-9\">\n<div class=\"ghostkit-accordion-item\"><a href=\"#accordion-what-is-a-mentoring-programme\" class=\"ghostkit-accordion-item-heading\"><span class=\"ghostkit-accordion-item-label\"><strong>VAD \u00c4R ETT MENTORPROGRAM?<\/strong><\/span><span class=\"ghostkit-accordion-item-collapse\"><svg class=\"ghostkit-svg-icon\" width=\"24\" height=\"24\" viewbox=\"0 0 24 24\" fill=\"none\" xmlns=\"http:\/\/www.w3.org\/2000\/svg\"><path d=\"M9.21967 6.2197C9.51256 5.9268 9.98744 5.9268 10.2803 6.2197L15.5303 11.4697C15.8232 11.7626 15.8232 12.2374 15.5303 12.5303L10.2803 17.7803C9.98744 18.0732 9.51256 18.0732 9.21967 17.7803C8.92678 17.4874 8.92678 17.0126 9.21967 16.7197L13.9393 12L9.21967 7.2803C8.92678 6.9874 8.92678 6.5126 9.21967 6.2197Z\" fill=\"currentColor\"><\/path><\/svg><\/span><\/a><div class=\"ghostkit-accordion-item-content is-layout-flow wp-block-ghostkit-accordion-item-is-layout-flow\">\n<p>I ett mentorprogram kan en <strong>mentor<\/strong> - som har mer erfarenhet inom ett visst omr\u00e5de - delar med sig av sina praktiska kunskaper och hj\u00e4lper till att v\u00e4gleda en <strong>adept<\/strong> - n\u00e5gon som beh\u00f6ver r\u00e5d och st\u00f6d p\u00e5 detta omr\u00e5de.<\/p>\n<\/div><\/div>\n\n\n\n<div class=\"ghostkit-accordion-item\"><a href=\"#accordionwhat-is-needed-to-participate\" class=\"ghostkit-accordion-item-heading\"><span class=\"ghostkit-accordion-item-label\"><strong>VAD KR\u00c4VS F\u00d6R ATT DELTA?<\/strong><\/span><span class=\"ghostkit-accordion-item-collapse\"><svg class=\"ghostkit-svg-icon\" width=\"24\" height=\"24\" viewbox=\"0 0 24 24\" fill=\"none\" xmlns=\"http:\/\/www.w3.org\/2000\/svg\"><path d=\"M9.21967 6.2197C9.51256 5.9268 9.98744 5.9268 10.2803 6.2197L15.5303 11.4697C15.8232 11.7626 15.8232 12.2374 15.5303 12.5303L10.2803 17.7803C9.98744 18.0732 9.51256 18.0732 9.21967 17.7803C8.92678 17.4874 8.92678 17.0126 9.21967 16.7197L13.9393 12L9.21967 7.2803C8.92678 6.9874 8.92678 6.5126 9.21967 6.2197Z\" fill=\"currentColor\"><\/path><\/svg><\/span><\/a><div class=\"ghostkit-accordion-item-content is-layout-flow wp-block-ghostkit-accordion-item-is-layout-flow\">\n<p>Som en framtida <strong>adept<\/strong> Du m\u00e5ste vara motiverad och intresserad av att tr\u00e4ffa nya m\u00e4nniskor. Du m\u00e5ste ocks\u00e5 ha ett uppeh\u00e5llstillst\u00e5nd. Du m\u00e5ste s\u00e4tta upp egna m\u00e5l f\u00f6r vad du vill uppn\u00e5 under programmet, ta emot konstruktiv feedback, acceptera f\u00f6rslag och r\u00e5d och vara \u00f6ppen f\u00f6r nya id\u00e9er och f\u00f6r\u00e4ndringar.<\/p>\n\n\n\n<p>Som en framtida <strong>mentor<\/strong> Du m\u00e5ste vara beredd att frivilligt hj\u00e4lpa n\u00e5gon som beh\u00f6ver hj\u00e4lp med att integreras i det finl\u00e4ndska samh\u00e4llet. Det kr\u00e4vs inga s\u00e4rskilda erfarenheter eller kunskaper, bara ett \u00f6ppet sinne och ett intresse f\u00f6r att l\u00e4ra k\u00e4nna en ny person. <\/p>\n\n\n\n<p>B\u00e5de mentor och adept m\u00e5ste kunna engagera sig i sex m\u00e5nader och tr\u00e4ffas tre g\u00e5nger i m\u00e5naden.<\/p>\n\n\n\n<p><\/p>\n<\/div><\/div>\n\n\n\n<div class=\"ghostkit-accordion-item\"><a href=\"#accordion-how-long-is-the-programme\" class=\"ghostkit-accordion-item-heading\"><span class=\"ghostkit-accordion-item-label\"><strong>HUR L\u00c4NGE P\u00c5G\u00c5R PROGRAMMET?<\/strong><\/span><span class=\"ghostkit-accordion-item-collapse\"><svg class=\"ghostkit-svg-icon\" width=\"24\" height=\"24\" viewbox=\"0 0 24 24\" fill=\"none\" xmlns=\"http:\/\/www.w3.org\/2000\/svg\"><path d=\"M9.21967 6.2197C9.51256 5.9268 9.98744 5.9268 10.2803 6.2197L15.5303 11.4697C15.8232 11.7626 15.8232 12.2374 15.5303 12.5303L10.2803 17.7803C9.98744 18.0732 9.51256 18.0732 9.21967 17.7803C8.92678 17.4874 8.92678 17.0126 9.21967 16.7197L13.9393 12L9.21967 7.2803C8.92678 6.9874 8.92678 6.5126 9.21967 6.2197Z\" fill=\"currentColor\"><\/path><\/svg><\/span><\/a><div class=\"ghostkit-accordion-item-content is-layout-flow wp-block-ghostkit-accordion-item-is-layout-flow\">\n<p>En mentorperiod varar 6 m\u00e5nader fr\u00e5n det f\u00f6rsta m\u00f6tet. Under denna tid kommer du att tr\u00e4ffa din mentor\/mentee cirka tre g\u00e5nger i m\u00e5naden.<\/p>\n<\/div><\/div>\n\n\n\n<div class=\"ghostkit-accordion-item\"><a href=\"#accordion-how-can-mentoring-be-helpful-for-me\" class=\"ghostkit-accordion-item-heading\"><span class=\"ghostkit-accordion-item-label\"><strong>HUR KAN MENTORSKAP VARA TILL HJ\u00c4LP F\u00d6R MIG?<\/strong><\/span><span class=\"ghostkit-accordion-item-collapse\"><svg class=\"ghostkit-svg-icon\" width=\"24\" height=\"24\" viewbox=\"0 0 24 24\" fill=\"none\" xmlns=\"http:\/\/www.w3.org\/2000\/svg\"><path d=\"M9.21967 6.2197C9.51256 5.9268 9.98744 5.9268 10.2803 6.2197L15.5303 11.4697C15.8232 11.7626 15.8232 12.2374 15.5303 12.5303L10.2803 17.7803C9.98744 18.0732 9.51256 18.0732 9.21967 17.7803C8.92678 17.4874 8.92678 17.0126 9.21967 16.7197L13.9393 12L9.21967 7.2803C8.92678 6.9874 8.92678 6.5126 9.21967 6.2197Z\" fill=\"currentColor\"><\/path><\/svg><\/span><\/a><div class=\"ghostkit-accordion-item-content is-layout-flow wp-block-ghostkit-accordion-item-is-layout-flow\">\n<p><strong>Som adept<\/strong> du f\u00e5r personlig r\u00e5dgivning och st\u00f6d fr\u00e5n n\u00e5gon som bryr sig om dig. Du \u00f6kar ditt sociala sj\u00e4lvf\u00f6rtroende, utvecklar strategier f\u00f6r att hantera dina personliga och sociala problem, identifierar dina m\u00e5l och skapar en k\u00e4nsla av riktning, f\u00e5r v\u00e4rdefulla insikter om n\u00e4sta steg i ditt liv eller din karri\u00e4r, f\u00e5r nya v\u00e4nner och breddar ditt n\u00e4tverk.<\/p>\n\n\n\n<p>Genom m\u00f6ten med din mentor - en person som \u00e4r v\u00e4letablerad i det finska samh\u00e4llet - kan du f\u00e5 st\u00f6d i jobbs\u00f6kandet och praktiska r\u00e5d om socialt liv och integration, \u00f6va finska eller svenska spr\u00e5ket och f\u00e5 nyttig information om hur man lever i Finland.&nbsp;<\/p>\n\n\n\n<p><strong>Som mentor<\/strong> Du kommer att vara en bro mellan den studerande och det finl\u00e4ndska samh\u00e4llet, som \u00e4r nytt f\u00f6r den studerande. Du kan ge r\u00e5d om jobbs\u00f6kning, spr\u00e5k och integrationsprocessen samt ge v\u00e4gledning, motivation och emotionellt st\u00f6d och agera som en f\u00f6rebild. Du hj\u00e4lper din adept att s\u00e4tta upp tydliga m\u00e5l och utveckla strategier f\u00f6r att hantera adeptens personliga och sociala problem.&nbsp;<\/p>\n\n\n\n<p>Som mentor har du m\u00f6jlighet att f\u00f6rb\u00e4ttra din kommunikationsf\u00f6rm\u00e5ga och dina personliga f\u00e4rdigheter, st\u00e4rka dina egna f\u00e4rdigheter och kunskaper, f\u00e5 erk\u00e4nnande f\u00f6r dina f\u00e4rdigheter och erfarenheter och f\u00f6rb\u00e4ttra ditt CV genom att delta i volont\u00e4rverksamhet. Du ut\u00f6kar ocks\u00e5 din v\u00e4nskapskrets och l\u00e4r dig om en ny kultur.<\/p>\n<\/div><\/div>\n\n\n\n<div class=\"ghostkit-accordion-item\"><a href=\"#accordioncan-i-choose-my-mentormentee\" class=\"ghostkit-accordion-item-heading\"><span class=\"ghostkit-accordion-item-label\"><strong>KAN JAG V\u00c4LJA MIN MENTOR\/MENTEE?<\/strong><\/span><span class=\"ghostkit-accordion-item-collapse\"><svg class=\"ghostkit-svg-icon\" width=\"24\" height=\"24\" viewbox=\"0 0 24 24\" fill=\"none\" xmlns=\"http:\/\/www.w3.org\/2000\/svg\"><path d=\"M9.21967 6.2197C9.51256 5.9268 9.98744 5.9268 10.2803 6.2197L15.5303 11.4697C15.8232 11.7626 15.8232 12.2374 15.5303 12.5303L10.2803 17.7803C9.98744 18.0732 9.51256 18.0732 9.21967 17.7803C8.92678 17.4874 8.92678 17.0126 9.21967 16.7197L13.9393 12L9.21967 7.2803C8.92678 6.9874 8.92678 6.5126 9.21967 6.2197Z\" fill=\"currentColor\"><\/path><\/svg><\/span><\/a><div class=\"ghostkit-accordion-item-content is-layout-flow wp-block-ghostkit-accordion-item-is-layout-flow\">\n<p>Nej, det \u00e4r FIKA-samordnaren som kopplar ihop mentor och adept utifr\u00e5n adeptens behov och krav och mentorns resurser.<\/p>\n<\/div><\/div>\n\n\n\n<div class=\"ghostkit-accordion-item\"><a href=\"#accordion-if-i-apply-am-i-guaranteed-to-get-a-mentormentee\" class=\"ghostkit-accordion-item-heading\"><span class=\"ghostkit-accordion-item-label\"><strong>OM JAG ANS\u00d6KER, \u00c4R JAG GARANTERAD ATT F\u00c5 EN MENTOR\/MENTEE?<\/strong><\/span><span class=\"ghostkit-accordion-item-collapse\"><svg class=\"ghostkit-svg-icon\" width=\"24\" height=\"24\" viewbox=\"0 0 24 24\" fill=\"none\" xmlns=\"http:\/\/www.w3.org\/2000\/svg\"><path d=\"M9.21967 6.2197C9.51256 5.9268 9.98744 5.9268 10.2803 6.2197L15.5303 11.4697C15.8232 11.7626 15.8232 12.2374 15.5303 12.5303L10.2803 17.7803C9.98744 18.0732 9.51256 18.0732 9.21967 17.7803C8.92678 17.4874 8.92678 17.0126 9.21967 16.7197L13.9393 12L9.21967 7.2803C8.92678 6.9874 8.92678 6.5126 9.21967 6.2197Z\" fill=\"currentColor\"><\/path><\/svg><\/span><\/a><div class=\"ghostkit-accordion-item-content is-layout-flow wp-block-ghostkit-accordion-item-is-layout-flow\">\n<p>F\u00f6r n\u00e4rvarande kan vi inte garantera att alla som har ans\u00f6kt om att delta i programmet kommer att f\u00e5 en mentor\/mentee.<\/p>\n<\/div><\/div>\n\n\n\n<div class=\"ghostkit-accordion-item\"><a href=\"#accordionhow-does-it-work-in-practice\" class=\"ghostkit-accordion-item-heading\"><span class=\"ghostkit-accordion-item-label\"><strong>HUR FUNGERAR DET I PRAKTIKEN?<\/strong><\/span><span class=\"ghostkit-accordion-item-collapse\"><svg class=\"ghostkit-svg-icon\" width=\"24\" height=\"24\" viewbox=\"0 0 24 24\" fill=\"none\" xmlns=\"http:\/\/www.w3.org\/2000\/svg\"><path d=\"M9.21967 6.2197C9.51256 5.9268 9.98744 5.9268 10.2803 6.2197L15.5303 11.4697C15.8232 11.7626 15.8232 12.2374 15.5303 12.5303L10.2803 17.7803C9.98744 18.0732 9.51256 18.0732 9.21967 17.7803C8.92678 17.4874 8.92678 17.0126 9.21967 16.7197L13.9393 12L9.21967 7.2803C8.92678 6.9874 8.92678 6.5126 9.21967 6.2197Z\" fill=\"currentColor\"><\/path><\/svg><\/span><\/a><div class=\"ghostkit-accordion-item-content is-layout-flow wp-block-ghostkit-accordion-item-is-layout-flow\">\n<p>F\u00f6rst blir du inbjuden till en intervju d\u00e4r vi ber\u00e4ttar mer om programmet. Genom intervjun vill vi ocks\u00e5 l\u00e4ra k\u00e4nna dig, s\u00e5 att vi kan f\u00f6rs\u00f6ka hitta en bra matchning.<\/p>\n\n\n\n<p>N\u00e4r mentorn och adepten \u00e4r ihopkopplade tr\u00e4ffas de f\u00f6rst p\u00e5 Luckan eller online under ett kick-off-evenemang. Under det f\u00f6rsta m\u00f6tet ger en samordnare information och svarar p\u00e5 fr\u00e5gor. Under det m\u00f6tet kommer mentorn och adepten \u00f6verens om m\u00e5len f\u00f6r mentorskapet och om l\u00e4mpliga tider och platser att tr\u00e4ffas p\u00e5. I slutet av mentorskapet kan ett slutm\u00f6te med samordnaren anordnas, och b\u00e5de mentor och mentee kan f\u00e5 ett certifikat f\u00f6r sitt deltagande. Luckan st\u00f6der alla par under hela processen.&nbsp;<\/p>\n<\/div><\/div>\n\n\n\n<div class=\"ghostkit-accordion-item\"><a href=\"#accordionwhat-does-it-cost-to-participate\" class=\"ghostkit-accordion-item-heading\"><span class=\"ghostkit-accordion-item-label\"><strong><\/strong><strong>VAD KOSTAR DET ATT DELTA?<\/strong><\/span><span class=\"ghostkit-accordion-item-collapse\"><svg class=\"ghostkit-svg-icon\" width=\"24\" height=\"24\" viewbox=\"0 0 24 24\" fill=\"none\" xmlns=\"http:\/\/www.w3.org\/2000\/svg\"><path d=\"M9.21967 6.2197C9.51256 5.9268 9.98744 5.9268 10.2803 6.2197L15.5303 11.4697C15.8232 11.7626 15.8232 12.2374 15.5303 12.5303L10.2803 17.7803C9.98744 18.0732 9.51256 18.0732 9.21967 17.7803C8.92678 17.4874 8.92678 17.0126 9.21967 16.7197L13.9393 12L9.21967 7.2803C8.92678 6.9874 8.92678 6.5126 9.21967 6.2197Z\" fill=\"currentColor\"><\/path><\/svg><\/span><\/a><div class=\"ghostkit-accordion-item-content is-layout-flow wp-block-ghostkit-accordion-item-is-layout-flow\">\n<p>Deltagandet i programmet \u00e4r kostnadsfritt.&nbsp;<\/p>\n<\/div><\/div>\n\n\n\n<div class=\"ghostkit-accordion-item\"><a href=\"#accordion-can-i-participate-digitally\" class=\"ghostkit-accordion-item-heading\"><span class=\"ghostkit-accordion-item-label\"><strong>KAN JAG DELTA DIGITALT?<\/strong><\/span><span class=\"ghostkit-accordion-item-collapse\"><svg class=\"ghostkit-svg-icon\" width=\"24\" height=\"24\" viewbox=\"0 0 24 24\" fill=\"none\" xmlns=\"http:\/\/www.w3.org\/2000\/svg\"><path d=\"M9.21967 6.2197C9.51256 5.9268 9.98744 5.9268 10.2803 6.2197L15.5303 11.4697C15.8232 11.7626 15.8232 12.2374 15.5303 12.5303L10.2803 17.7803C9.98744 18.0732 9.51256 18.0732 9.21967 17.7803C8.92678 17.4874 8.92678 17.0126 9.21967 16.7197L13.9393 12L9.21967 7.2803C8.92678 6.9874 8.92678 6.5126 9.21967 6.2197Z\" fill=\"currentColor\"><\/path><\/svg><\/span><\/a><div class=\"ghostkit-accordion-item-content is-layout-flow wp-block-ghostkit-accordion-item-is-layout-flow\">\n<p>Ja, det \u00e4r m\u00f6jligt att ha helt digitala mentorperioder eller hybridperioder - det \u00e4r upp till dig att v\u00e4lja.<\/p>\n<\/div><\/div>\n<\/div>\n<\/div><\/div>\n\n\n\n<div style=\"height:64px\" aria-hidden=\"true\" class=\"wp-block-spacer\"><\/div>\n\n\n\n<div class=\"wp-block-group\"><div class=\"wp-block-group__inner-container is-layout-flow wp-block-group-is-layout-flow\">\n<h3 class=\"wp-block-heading\" id=\"block-8a839b4c-7f91-4155-bb9d-f0b3aba43113\">Om du har n\u00e5gra fr\u00e5gor om FIKA, tveka inte att kontakta oss!<\/h3>\n\n\n\n<p>E-post: fika@luckan.fi<br \/>Tfn: +358 50 514 2992<br \/><\/p>\n<\/div><\/div>","protected":false},"excerpt":{"rendered":"<p>Vill du tr\u00e4ffa intressanta m\u00e4nniskor fr\u00e5n andra delar av v\u00e4rlden? Vill du bidra till att m\u00e4nniskor k\u00e4nner sig v\u00e4lkomna i ett nytt samh\u00e4lle och tror du p\u00e5 integration genom personliga kontakter?<\/p>","protected":false},"author":1,"featured_media":0,"parent":10475,"menu_order":0,"comment_status":"closed","ping_status":"closed","template":"tw-no-title.php","meta":{"om_disable_all_campaigns":false,"inline_featured_image":false,"ghostkit_customizer_options":"","ghostkit_custom_css":"","ghostkit_custom_js_head":"","ghostkit_custom_js_foot":"","ghostkit_typography":"","_monsterinsights_skip_tracking":false,"_monsterinsights_sitenote_active":false,"_monsterinsights_sitenote_note":"","_monsterinsights_sitenote_category":0,"cybocfi_hide_featured_image":"","footnotes":""},"class_list":["post-2324","page","type-page","status-publish","hentry","entry"],"aioseo_notices":[],"featured_image_src":null,"_links":{"self":[{"href":"https:\/\/integration.luckan.fi\/sv\/wp-json\/wp\/v2\/pages\/2324","targetHints":{"allow":["GET"]}}],"collection":[{"href":"https:\/\/integration.luckan.fi\/sv\/wp-json\/wp\/v2\/pages"}],"about":[{"href":"https:\/\/integration.luckan.fi\/sv\/wp-json\/wp\/v2\/types\/page"}],"author":[{"embeddable":true,"href":"https:\/\/integration.luckan.fi\/sv\/wp-json\/wp\/v2\/users\/1"}],"replies":[{"embeddable":true,"href":"https:\/\/integration.luckan.fi\/sv\/wp-json\/wp\/v2\/comments?post=2324"}],"version-history":[{"count":104,"href":"https:\/\/integration.luckan.fi\/sv\/wp-json\/wp\/v2\/pages\/2324\/revisions"}],"predecessor-version":[{"id":24300,"href":"https:\/\/integration.luckan.fi\/sv\/wp-json\/wp\/v2\/pages\/2324\/revisions\/24300"}],"up":[{"embeddable":true,"href":"https:\/\/integration.luckan.fi\/sv\/wp-json\/wp\/v2\/pages\/10475"}],"wp:attachment":[{"href":"https:\/\/integration.luckan.fi\/sv\/wp-json\/wp\/v2\/media?parent=2324"}],"curies":[{"name":"wp","href":"https:\/\/api.w.org\/{rel}","templated":true}]}}